{"id":5898,"date":"2020-07-03T17:43:49","date_gmt":"2020-07-03T15:43:49","guid":{"rendered":"https:\/\/amandineledu.art\/commande\/?page_id=5898"},"modified":"2026-01-20T09:52:08","modified_gmt":"2026-01-20T08:52:08","slug":"lassociation","status":"publish","type":"page","link":"https:\/\/www.audace44.fr\/commande\/lassociation\/","title":{"rendered":"L&#8217;ASSOCIATION"},"content":{"rendered":"\n<p><\/p>\n\n\n\n<p><\/p>\n\n\n\n<h2 class=\"wp-block-heading\"><span style=\"background-color:rgba(0, 0, 0, 0);color:#0f6eb0\" class=\"has-inline-color\">Statut de notre association<\/span><\/h2>\n\n\n\n<p>Audace est une association loi 1901, cr\u00e9\u00e9e en 2007 pour assister dans leurs d\u00e9marches commerciales, les Comit\u00e9s d'Entreprises, COS, CCAS, et structures similaires.<\/p>\n\n\n\n<p>Cette association est g\u00e9r\u00e9e et contr\u00f4l\u00e9e par un conseil d'administration compos\u00e9 d'\u00e9lus, notamment des repr\u00e9sentants d'organisations adh\u00e9rentes.<\/p>\n\n\n\n<h2 class=\"wp-block-heading\"><span style=\"background-color:rgba(0, 0, 0, 0);color:#0f6eb0\" class=\"has-inline-color\">Comment profiter des avantages d'Audace ?<\/span><\/h2>\n\n\n\n<div class=\"wp-block-group is-layout-flow wp-block-group-is-layout-flow\"><div class=\"wp-block-group__inner-container\">\n<p>\nPour profiter des avantages tarifaires offerts par AUDACE, vous devez au pr\u00e9alable adh\u00e9rer \u00e0 l'association.\n<\/p>\n<p>\nCette adh\u00e9sion est valable pour une ann\u00e9e civile.\n<\/p>\n<p>\nLe co\u00fbt annuel de l'adh\u00e9sion est :\n<li>De 8 \u20ac par salari\u00e9 lors d'une adh\u00e9sion collective<\/li>\n<li>De 8 \u20ac si le salari\u00e9 est adh\u00e9rent d'une structure partenaire<\/li>\n<li>De 30 \u20ac en cas d'adh\u00e9sion individuelle-<\/li>\n<\/p>\n<p>\nLa carte AUDACE d\u00e9livr\u00e9e sera utilisable par toute la famille de l'adh\u00e9rent sans suppl\u00e9ment.\n<\/p>\n<p>\nPour adh\u00e9rer, il vous suffit soit :\n<li>De demander le bulletin d'adh\u00e9sion en cliquant sur l'onglet \"NOUS CONTACTER\"<\/li>\n<li>De vous pr\u00e9senter sur place aux horaires de permanence (Tous les jours de 9h \u00e0 16h, sauf certains mercredis)<\/li>\n<li>D'adresser un mail \u00e0&nbsp;<a href=\"mailto:contact@audace44.fr\">contact@audace44.fr<\/a><\/li>\n<\/p>\n<\/div><\/div>\n\n\n\n<h2 class=\"wp-block-heading\"><span style=\"background-color:rgba(0, 0, 0, 0);color:#0f6eb0\" class=\"has-inline-color\">Fonctions de l'association<\/span><\/h2>\n\n\n\n<p>\nAudace s'assigne pour fonctions :<br>\n<\/p>\n\n\n\n<li>La repr\u00e9sentation des Comit\u00e9s d'Entreprise aupr\u00e8s des organismes culturels et de loisirs, des collectivit\u00e9s locales et des fournisseurs de services et produits<\/li>\n\n\n\n<li>La coordination et la gestion de certaines activit\u00e9s propres aux comit\u00e9s d'entreprise<\/li>\n\n\n\n<li>L'information sur le fonctionnement des CSE, ainsi que leur assistance technique<\/li>\n\n\n\n<h2 class=\"wp-block-heading\"><span style=\"background-color:rgba(0, 0, 0, 0);color:#0071a1\" class=\"has-inline-color\">Comment commander et r\u00e9gler vos achats de billetterie ?<\/span><\/h2>\n\n\n\n<p> Apr\u00e8s avoir valid\u00e9 votre panier sur le site, plusieurs solutions s'offrent \u00e0 vous pour obtenir vos billets. <\/p>\n\n\n\n<p>\nPour commander, vous pouvez : \n<\/p>\n\n\n\n<li>Adresser votre bon de commande \u00e9dit\u00e9 \u00e0 partir de votre espace personnel, avec votre ch\u00e8que de r\u00e8glement \u00e0 : AUDACE - 2, place de la gare de l'Etat - 44200 Nantes<\/li>\n\n\n\n<li>R\u00e9gler directement par carte bancaire sur le site internet (frais suppl\u00e9mentaires \u00e0 pr\u00e9voir)<\/li>\nAttention, les commandes de e-billets sont trait\u00e9es manuellement et ne peuvent donc \u00eatre envoy\u00e9es que les jours d'ouverture d'Audace.\n\n\n\n<li>R\u00e9gler directement par virement en envoyant par mail une notification de virement.<\/li>\n\n\n\n<li>En prenant rendez-vous et en passant aux heures de permanence tous les jours de 9h \u00e0 16h, sauf certains mercredis<\/li>\n\n\n\n<p>Les commandes sont trait\u00e9es aux heures d'ouverture d'Audace, les e-billets sont \u00e9galement envoy\u00e9s les jours d'ouverture.<\/p>\n\n\n\n<h2 class=\"wp-block-heading\"><span style=\"background-color:rgba(0, 0, 0, 0);color:#0f6eb0\" class=\"has-inline-color\">L'association Audace adh\u00e8re au r\u00e9seau AXCE<\/span><\/h2>\n\n\n\n<p><strong>AXCE<\/strong>&nbsp;est un ensemble d'INTER-CE r\u00e9gionaux ayant d\u00e9cid\u00e9&nbsp;d'unir leurs efforts dans un r\u00e9seau r\u00e9parti dans diff\u00e9rentes r\u00e9gions afin de permettre \u00e0 la fois une&nbsp;couverture nationale&nbsp;de leurs activit\u00e9s et dans un m\u00eame temps&nbsp;d'\u00e9tendre les offres locales&nbsp;au b\u00e9n\u00e9fice de leurs&nbsp;abonn\u00e9s.&nbsp;Pour nos adh\u00e9rents c'est une nouvelle opportunit\u00e9 de trouver l'offre qu'ils cherchent!<\/p>\n\n\n\n<div class=\"wp-block-media-text alignwide is-stacked-on-mobile\"><figure class=\"wp-block-media-text__media\"><img loading=\"lazy\" decoding=\"async\" width=\"524\" height=\"530\" data-attachment-id=\"9388\" data-permalink=\"https:\/\/www.audace44.fr\/commande\/lassociation\/095306-carte-axce-logo\/\" data-orig-file=\"https:\/\/www.audace44.fr\/commande\/wp-content\/uploads\/2022\/01\/095306-carte-axce-logo.jpg\" data-orig-size=\"524,530\" data-comments-opened=\"0\" data-image-meta=\"{&quot;aperture&quot;:&quot;0&quot;,&quot;credit&quot;:&quot;&quot;,&quot;camera&quot;:&quot;&quot;,&quot;caption&quot;:&quot;&quot;,&quot;created_timestamp&quot;:&quot;0&quot;,&quot;copyright&quot;:&quot;&quot;,&quot;focal_length&quot;:&quot;0&quot;,&quot;iso&quot;:&quot;0&quot;,&quot;shutter_speed&quot;:&quot;0&quot;,&quot;title&quot;:&quot;&quot;,&quot;orientation&quot;:&quot;0&quot;}\" data-image-title=\"095306-carte-axce-logo\" data-image-description=\"\" data-image-caption=\"\" data-medium-file=\"https:\/\/www.audace44.fr\/commande\/wp-content\/uploads\/2022\/01\/095306-carte-axce-logo-494x500.jpg\" data-large-file=\"https:\/\/www.audace44.fr\/commande\/wp-content\/uploads\/2022\/01\/095306-carte-axce-logo.jpg\" src=\"https:\/\/www.audace44.fr\/commande\/wp-content\/uploads\/2022\/01\/095306-carte-axce-logo.jpg\" alt=\"\" class=\"wp-image-9388 size-full\" srcset=\"https:\/\/www.audace44.fr\/commande\/wp-content\/uploads\/2022\/01\/095306-carte-axce-logo.jpg 524w, https:\/\/www.audace44.fr\/commande\/wp-content\/uploads\/2022\/01\/095306-carte-axce-logo-100x100.jpg 100w, https:\/\/www.audace44.fr\/commande\/wp-content\/uploads\/2022\/01\/095306-carte-axce-logo-494x500.jpg 494w, https:\/\/www.audace44.fr\/commande\/wp-content\/uploads\/2022\/01\/095306-carte-axce-logo-115x116.jpg 115w, https:\/\/www.audace44.fr\/commande\/wp-content\/uploads\/2022\/01\/095306-carte-axce-logo-50x50.jpg 50w\" sizes=\"(max-width: 524px) 100vw, 524px\" \/><\/figure><div class=\"wp-block-media-text__content\">\n<p class=\"has-large-font-size\"><\/p>\n<\/div><\/div>\n\n\n\n<p>N'h\u00e9sitez pas \u00e0 nous contacter pour toutes vos questions et vous pouvez consulter nos&nbsp;<a href=\"https:\/\/www.audace44.fr\/commande\/audace-conditions-generales-de-vente\/\">Conditions G\u00e9n\u00e9rales de Vente<\/a>.<\/p>\n\n\n\n<p>Herv\u00e9 BOURHIS et Olivia AMBROSI<\/p>\n\n\n\n<h2 class=\"wp-block-heading\"><span style=\"background-color:rgba(0, 0, 0, 0);color:#0071a1\" class=\"has-inline-color\">Contactez-nous<\/span><\/h2>\n\n\n<div class=\"wpforms-container wpforms-container-full wpforms-block wpforms-block-6d243e1a-6ab2-4786-af72-3b92448f611a formulairedecontact\" id=\"wpforms-7756\"><form id=\"wpforms-form-7756\" class=\"wpforms-validate wpforms-form\" data-formid=\"7756\" method=\"post\" enctype=\"multipart\/form-data\" action=\"\/commande\/wp-json\/wp\/v2\/pages\/5898\" data-token=\"4ea2ed8f8345dedaeb6e98935d71092c\" data-token-time=\"1777713705\"><noscript class=\"wpforms-error-noscript\">Veuillez activer JavaScript dans votre navigateur pour remplir ce formulaire.<\/noscript><div class=\"wpforms-field-container\"><div id=\"wpforms-7756-field_0-container\" class=\"wpforms-field wpforms-field-name\" data-field-id=\"0\"><label class=\"wpforms-field-label\" for=\"wpforms-7756-field_0\">Nom <span class=\"wpforms-required-label\">*<\/span><\/label><div class=\"wpforms-field-row wpforms-field-medium\"><div class=\"wpforms-field-row-block wpforms-first wpforms-one-half\"><input type=\"text\" id=\"wpforms-7756-field_0\" class=\"wpforms-field-name-first wpforms-field-required\" name=\"wpforms[fields][0][first]\" placeholder=\"Pr\u00e9nom\" required><label for=\"wpforms-7756-field_0\" class=\"wpforms-field-sublabel after wpforms-sublabel-hide\">Pr\u00e9nom<\/label><\/div><div class=\"wpforms-field-row-block wpforms-one-half\"><input type=\"text\" id=\"wpforms-7756-field_0-last\" class=\"wpforms-field-name-last wpforms-field-required\" name=\"wpforms[fields][0][last]\" placeholder=\"Nom\" required><label for=\"wpforms-7756-field_0-last\" class=\"wpforms-field-sublabel after wpforms-sublabel-hide\">Nom<\/label><\/div><\/div><\/div><div id=\"wpforms-7756-field_1-container\" class=\"wpforms-field wpforms-field-email\" data-field-id=\"1\"><label class=\"wpforms-field-label\" for=\"wpforms-7756-field_1\">E-mail <span class=\"wpforms-required-label\">*<\/span><\/label><div class=\"wpforms-field-row wpforms-field-medium\"><div class=\"wpforms-field-row-block wpforms-one-half wpforms-first\"><input type=\"email\" id=\"wpforms-7756-field_1\" class=\"wpforms-field-required wpforms-field-email-primary\" data-rule-restricted-email=\"1\" name=\"wpforms[fields][1][primary]\" placeholder=\"E-mail\" spellcheck=\"false\" required><label for=\"wpforms-7756-field_1\" class=\"wpforms-field-sublabel after wpforms-sublabel-hide\">E-mail<\/label><\/div><div class=\"wpforms-field-row-block wpforms-one-half\"><input type=\"email\" id=\"wpforms-7756-field_1-secondary\" class=\"wpforms-field-email-secondary wpforms-field-required\" data-rule-confirm=\"#wpforms-7756-field_1\" name=\"wpforms[fields][1][secondary]\" placeholder=\"Confirmation d&#039;e-mail\" spellcheck=\"false\" required><label for=\"wpforms-7756-field_1-secondary\" class=\"wpforms-field-sublabel after wpforms-sublabel-hide\">Confirmez l\u2019e-mail<\/label><\/div><\/div><\/div><div id=\"wpforms-7756-field_3-container\" class=\"wpforms-field wpforms-field-select wpforms-field-select-style-classic\" data-field-id=\"3\"><label class=\"wpforms-field-label\" for=\"wpforms-7756-field_3\">Objet <span class=\"wpforms-required-label\">*<\/span><\/label><select id=\"wpforms-7756-field_3\" class=\"wpforms-field-medium wpforms-field-required\" name=\"wpforms[fields][3]\" required=\"required\"><option value=\"J&#039;ai une question\" >J&#039;ai une question<\/option><option value=\"J&#039;ai une suggestion\" >J&#039;ai une suggestion<\/option><option value=\"J&#039;ai un commentaire\" >J&#039;ai un commentaire<\/option><option value=\"J&#039;ai une r\u00e9clamation\" >J&#039;ai une r\u00e9clamation<\/option><option value=\"Autre\" >Autre<\/option><\/select><\/div><div id=\"wpforms-7756-field_2-container\" class=\"wpforms-field wpforms-field-textarea\" data-field-id=\"2\"><label class=\"wpforms-field-label\" for=\"wpforms-7756-field_2\">Message <span class=\"wpforms-required-label\">*<\/span><\/label><textarea id=\"wpforms-7756-field_2\" class=\"wpforms-field-medium wpforms-field-required\" name=\"wpforms[fields][2]\" required><\/textarea><\/div><div id=\"wpforms-7756-field_4-container\" class=\"wpforms-field wpforms-field-gdpr-checkbox\" data-field-id=\"4\"><ul id=\"wpforms-7756-field_4\" class=\"wpforms-field-required\"><li class=\"choice-1\"><input type=\"checkbox\" id=\"wpforms-7756-field_4_1\" name=\"wpforms[fields][4][]\" value=\"Je consens \u00e0 ce que ce site stocke mes informations envoy\u00e9es afin qu\u2019ils puissent r\u00e9pondre \u00e0 ma requ\u00eate.\" required ><label class=\"wpforms-field-label-inline\" for=\"wpforms-7756-field_4_1\">Je consens \u00e0 ce que ce site stocke mes informations envoy\u00e9es afin qu\u2019ils puissent r\u00e9pondre \u00e0 ma requ\u00eate.<\/label><\/li><\/ul><\/div><\/div><!-- .wpforms-field-container --><div class=\"wpforms-recaptcha-container wpforms-is-recaptcha wpforms-is-recaptcha-type-v2\" ><div class=\"g-recaptcha\" data-sitekey=\"6LfdqscZAAAAAP_3jQ1HIxucU3rAEQX551ne4iTN\"><\/div><input type=\"text\" name=\"g-recaptcha-hidden\" class=\"wpforms-recaptcha-hidden\" style=\"position:absolute!important;clip:rect(0,0,0,0)!important;height:1px!important;width:1px!important;border:0!important;overflow:hidden!important;padding:0!important;margin:0!important;\" data-rule-recaptcha=\"1\"><\/div><div class=\"wpforms-submit-container\" ><input type=\"hidden\" name=\"wpforms[id]\" value=\"7756\"><input type=\"hidden\" name=\"page_title\" value=\"\"><input type=\"hidden\" name=\"page_url\" value=\"https:\/\/www.audace44.fr\/commande\/wp-json\/wp\/v2\/pages\/5898\"><button type=\"submit\" name=\"wpforms[submit]\" id=\"wpforms-submit-7756\" class=\"wpforms-submit bouton_d_envoi\" data-alt-text=\"Envoi...\" data-submit-text=\"Envoyer\" aria-live=\"assertive\" value=\"wpforms-submit\">Envoyer<\/button><\/div><\/form><\/div>  <!-- .wpforms-container -->","protected":false},"excerpt":{"rendered":"<p>Statut de notre association Audace est une association loi 1901, cr\u00e9\u00e9e en 2007 pour assister dans leurs d\u00e9marches commerciales, les Comit\u00e9s d&#8217;Entreprises, COS, CCAS, et structures similaires. Cette association est g\u00e9r\u00e9e et contr\u00f4l\u00e9e par un conseil d&#8217;administration compos\u00e9 d&#8217;\u00e9lus, notamment des repr\u00e9sentants d&#8217;organisations adh\u00e9rentes. Comment profiter des avantages d&#8217;Audace ? Pour profiter des avantages tarifaires<\/p>\n<div><a class=\"btn-filled btn\" href=\"https:\/\/www.audace44.fr\/commande\/lassociation\/\" title=\"L&#8217;ASSOCIATION\">Lire la suite<\/a><\/div>\n","protected":false},"author":1,"featured_media":0,"parent":0,"menu_order":0,"comment_status":"closed","ping_status":"closed","template":"","meta":{"footnotes":""},"_links":{"self":[{"href":"https:\/\/www.audace44.fr\/commande\/wp-json\/wp\/v2\/pages\/5898"}],"collection":[{"href":"https:\/\/www.audace44.fr\/commande\/wp-json\/wp\/v2\/pages"}],"about":[{"href":"https:\/\/www.audace44.fr\/commande\/wp-json\/wp\/v2\/types\/page"}],"author":[{"embeddable":true,"href":"https:\/\/www.audace44.fr\/commande\/wp-json\/wp\/v2\/users\/1"}],"replies":[{"embeddable":true,"href":"https:\/\/www.audace44.fr\/commande\/wp-json\/wp\/v2\/comments?post=5898"}],"version-history":[{"count":39,"href":"https:\/\/www.audace44.fr\/commande\/wp-json\/wp\/v2\/pages\/5898\/revisions"}],"predecessor-version":[{"id":18232,"href":"https:\/\/www.audace44.fr\/commande\/wp-json\/wp\/v2\/pages\/5898\/revisions\/18232"}],"wp:attachment":[{"href":"https:\/\/www.audace44.fr\/commande\/wp-json\/wp\/v2\/media?parent=5898"}],"curies":[{"name":"wp","href":"https:\/\/api.w.org\/{rel}","templated":true}]}}