{"id":7158,"date":"2020-08-03T17:22:08","date_gmt":"2020-08-03T15:22:08","guid":{"rendered":"https:\/\/amandineledu.art\/commande\/?page_id=7158"},"modified":"2022-08-30T10:09:04","modified_gmt":"2022-08-30T08:09:04","slug":"les-offres","status":"publish","type":"page","link":"https:\/\/www.audace44.fr\/commande\/les-offres\/","title":{"rendered":"Toutes les offres"},"content":{"rendered":"\n<span style=\"height:50px\" aria-hidden=\"true\" class=\"wp-block-spacer\">&nbsp;<\/span>\n<div class=\"entry-content\">\n<div class=\"wc-block-grid wp-block-product-new wc-block-product-new has-3-columns has-multiple-rows\">\n<ul class=\"wc-block-grid__products\">\n<li class=\"wc-block-grid__product\">\n<figure class=\"wp-block-column wc-block-featured-category alignleft bloc_categorie_loisirs_bien_etre\" style=\"background-image: url('https:\/\/www.audace44.fr\/commande\/wp-content\/uploads\/2020\/08\/loisirs_bien_etre.png');\"><span class=\"wp-block-button aligncenter is-style-outline btn_loisirs_bien_etre\"><a class=\"wp-block-button__link has-text-color has-very-light-gray-color has-background has-luminous-vivid-orange-background-color\" href=\"https:\/\/www.audace44.fr\/commande\/categorie-produit\/loisirs-bien-etre\/\">Loisirs &amp; <br>Bien-\u00catre<\/a><\/span><\/figure><\/li>\n<li class=\"wc-block-grid__product\"><figure class=\"wp-block-column wc-block-featured-category alignleft bloc_categorie_parcs_aventure_famille\" style=\"background-image: url('https:\/\/www.audace44.fr\/commande\/wp-content\/uploads\/2020\/08\/parcs_aventure_famille.png');\"><span class=\"wp-block-button aligncenter is-style-outline btn_parcs_aventure_famille\"><a class=\"wp-block-button__link has-text-color has-very-light-gray-color has-background has-luminous-vivid-orange-background-color\" href=\"https:\/\/www.audace44.fr\/commande\/categorie-produit\/parcs-aventure-famille\/\">Parcs Aventure <br>&amp; Famille<\/a><\/span><\/figure><\/li>\n<li class=\"wc-block-grid__product\"><figure class=\"wp-block-column wc-block-featured-category alignleft bloc_categorie_achats_malins\" style=\"background-image: url('https:\/\/www.audace44.fr\/commande\/wp-content\/uploads\/2020\/08\/achats_malins.png');\"><span class=\"wp-block-button aligncenter is-style-outline btn_achats_malins\"><a class=\"wp-block-button__link has-text-color has-very-light-gray-color has-background has-luminous-vivid-orange-background-color\" href=\"https:\/\/www.audace44.fr\/commande\/categorie-produit\/achats-malins\/\">Achats Malins<\/a><\/span><\/figure><\/li>\n<li class=\"wc-block-grid__product\"><figure class=\"wp-block-column wc-block-featured-category alignleft bloc_categorie_cinemas_visites\" style=\"background-image: url('https:\/\/www.audace44.fr\/commande\/wp-content\/uploads\/2020\/08\/cinemas_visites.png');\"><span class=\"wp-block-button aligncenter is-style-outline btn_cinemas_visites\"><a class=\"wp-block-button__link has-text-color has-very-light-gray-color has-background has-luminous-vivid-orange-background-color\" href=\"https:\/\/www.audace44.fr\/commande\/categorie-produit\/cinemas-visites\/\">Cin\u00e9mas, Visites<br>&amp; Spectacles<\/a><\/span><\/figure><\/li>\n<li class=\"wc-block-grid__product\"><figure class=\"wp-block-column wc-block-featured-category alignleft bloc_categorie_zoos_aquariums\" style=\"background-image: url('https:\/\/www.audace44.fr\/commande\/wp-content\/uploads\/2020\/08\/zoos_aquariums.png');\"><span class=\"wp-block-button aligncenter is-style-outline btn_zoos_aquariums\"><a class=\"wp-block-button__link has-text-color has-very-light-gray-color has-background has-luminous-vivid-orange-background-color\" href=\"https:\/\/www.audace44.fr\/commande\/categorie-produit\/zoos-aquariums\/\">Zoos &amp;<br>Aquariums<\/a><\/span><\/figure><\/li>\n<li class=\"wc-block-grid__product\"><figure class=\"wp-block-column wc-block-featured-category alignleft bloc_categorie_vacances_compagnies_maritimes\" style=\"background-image: url('https:\/\/www.audace44.fr\/commande\/wp-content\/uploads\/2020\/08\/vacances_compagnies_maritimes.png');\"><span class=\"wp-block-button aligncenter is-style-outline btn_vacances_cies_maritimes\"><a class=\"wp-block-button__link has-text-color has-very-light-gray-color has-background has-luminous-vivid-orange-background-color\" href=\"https:\/\/www.audace44.fr\/commande\/categorie-produit\/vacances-compagnies-maritimes\/\">Vacances &amp;<br>Cies Maritimes<\/a><\/span><\/figure>\n<\/li>\n<\/ul>\n<\/div>\n<\/div>\n\n\n\n<div class=\"top-parallax-section\">\n<div class=\"text-center\">\n<a class=\"btn btn-lg btn-filled\" href=\"https:\/\/www.audace44.fr\/commande\/les-promotions\">promos<\/a>\n<a class=\"btn btn-lg btn-filled\" href=\"https:\/\/www.audace44.fr\/commande\/catalogue\/les-nouveautes\">nouveaut\u00e9s<\/a>\n<a class=\"btn btn-lg btn-filled\" href=\"https:\/\/www.audace44.fr\/commande\/etiquette-produit\/telechargeable\">billets t\u00e9l\u00e9chargeables<\/a>\n<\/div>\n<\/div>\n","protected":false},"excerpt":{"rendered":"<p>&nbsp; Loisirs &amp; Bien-\u00catre Parcs Aventure &amp; Famille Achats Malins Cin\u00e9mas, Visites&amp; Spectacles Zoos &amp;Aquariums Vacances &amp;Cies Maritimes promos nouveaut\u00e9s billets t\u00e9l\u00e9chargeables<\/p>\n","protected":false},"author":1,"featured_media":0,"parent":0,"menu_order":0,"comment_status":"closed","ping_status":"closed","template":"page-templates\/no-sidebar.php","meta":{"footnotes":""},"_links":{"self":[{"href":"https:\/\/www.audace44.fr\/commande\/wp-json\/wp\/v2\/pages\/7158"}],"collection":[{"href":"https:\/\/www.audace44.fr\/commande\/wp-json\/wp\/v2\/pages"}],"about":[{"href":"https:\/\/www.audace44.fr\/commande\/wp-json\/wp\/v2\/types\/page"}],"author":[{"embeddable":true,"href":"https:\/\/www.audace44.fr\/commande\/wp-json\/wp\/v2\/users\/1"}],"replies":[{"embeddable":true,"href":"https:\/\/www.audace44.fr\/commande\/wp-json\/wp\/v2\/comments?post=7158"}],"version-history":[{"count":65,"href":"https:\/\/www.audace44.fr\/commande\/wp-json\/wp\/v2\/pages\/7158\/revisions"}],"predecessor-version":[{"id":10516,"href":"https:\/\/www.audace44.fr\/commande\/wp-json\/wp\/v2\/pages\/7158\/revisions\/10516"}],"wp:attachment":[{"href":"https:\/\/www.audace44.fr\/commande\/wp-json\/wp\/v2\/media?parent=7158"}],"curies":[{"name":"wp","href":"https:\/\/api.w.org\/{rel}","templated":true}]}}