{"id":10459,"date":"2022-08-16T11:30:56","date_gmt":"2022-08-16T09:30:56","guid":{"rendered":"https:\/\/www.audace44.fr\/commande\/?post_type=product&#038;p=10459"},"modified":"2024-02-21T12:24:46","modified_gmt":"2024-02-21T11:24:46","slug":"parc-spirou","status":"publish","type":"product","link":"https:\/\/www.audace44.fr\/commande\/produit\/parc-spirou\/","title":{"rendered":"Parc Spirou"},"content":{"rendered":"<p>Au parc \u00e0 th\u00e8me Parc Spirou Provence, vivez en famille une journ\u00e9e 100% BD, \u00e0 la d\u00e9couverte des h\u00e9ros embl\u00e9matiques du journal Spirou.<\/p>\n<p>Le parc s\u2019est dot\u00e9 d\u2019une trentaine d\u2019attractions, parmi lesquelles on retrouve\u00a0 montagnes russes, chaises volantes, des jeux d\u2019eau pour toute la famille et bien d\u2019autres man\u00e8ges en tous genres !<\/p>\n<p>Le petit bonus ? Des attractions num\u00e9riques toutes neuves pour un spectacle bluffant !<\/p>\n<p>Gratuit pour les enfants de - 1m<\/p>\n","protected":false},"excerpt":{"rendered":"<p>Le parc Spirou Provence<\/p>\n<p>\u00e0 Monteux (84)<\/p>\n<p>&nbsp;<\/p>\n","protected":false},"featured_media":10460,"template":"","meta":[],"product_cat":[82,68],"product_tag":[],"_links":{"self":[{"href":"https:\/\/www.audace44.fr\/commande\/wp-json\/wp\/v2\/product\/10459"}],"collection":[{"href":"https:\/\/www.audace44.fr\/commande\/wp-json\/wp\/v2\/product"}],"about":[{"href":"https:\/\/www.audace44.fr\/commande\/wp-json\/wp\/v2\/types\/product"}],"wp:featuredmedia":[{"embeddable":true,"href":"https:\/\/www.audace44.fr\/commande\/wp-json\/wp\/v2\/media\/10460"}],"wp:attachment":[{"href":"https:\/\/www.audace44.fr\/commande\/wp-json\/wp\/v2\/media?parent=10459"}],"wp:term":[{"taxonomy":"product_cat","embeddable":true,"href":"https:\/\/www.audace44.fr\/commande\/wp-json\/wp\/v2\/product_cat?post=10459"},{"taxonomy":"product_tag","embeddable":true,"href":"https:\/\/www.audace44.fr\/commande\/wp-json\/wp\/v2\/product_tag?post=10459"}],"curies":[{"name":"wp","href":"https:\/\/api.w.org\/{rel}","templated":true}]}}