{"id":10551,"date":"2022-09-01T14:07:36","date_gmt":"2022-09-01T12:07:36","guid":{"rendered":"https:\/\/www.audace44.fr\/commande\/?post_type=product&#038;p=10551"},"modified":"2025-11-21T13:45:39","modified_gmt":"2025-11-21T12:45:39","slug":"theatre-100-noms","status":"publish","type":"product","link":"https:\/\/www.audace44.fr\/commande\/produit\/theatre-100-noms\/","title":{"rendered":"Th\u00e9\u00e2tre 100 noms"},"content":{"rendered":"<p>Le Th\u00e9\u00e2tre 100 Noms est situ\u00e9 au Hangar \u00e0 Bananes, lieu embl\u00e9matique du patrimoine portuaire nantais, \u00e0 l\u2019extr\u00e9mit\u00e9 ouest de l\u2019\u00eele de Nantes, \u00e0 proximit\u00e9 imm\u00e9diate de la grue Titan grise et face aux Anneaux de Daniel Buren. Un \u00e9crin moderne en plein essor paisiblement implant\u00e9 en bord de Loire.<\/p>\n<p>Un seul objectif : vous divertir et vous faire rire ! Des com\u00e9dies, des one-man-show, des concerts humoristiques, des spectacles pour enfants\u2026 Le lieu de tous vos spectacles \u00e0 Nantes !<\/p>\n<p>Profitez de - 4 \u20ac \u00e0 - 2\u20ac avec Audace en cat\u00e9gorie 1.<\/p>\n<p><strong>Contactez-nous pour obtenir le tarif promotionnel !<\/strong><\/p>\n<p>La r\u00e9servation se fait\u00a0 en nous contactant. Toute la programmation: <a href=\"https:\/\/theatre100noms.com\/a-laffiche\/\" target=\"_blank\" rel=\"noopener noreferrer\">ICI<\/a><\/p>\n<p>&nbsp;<\/p>\n","protected":false},"excerpt":{"rendered":"<p>Profitez de tarifs pr\u00e9f\u00e9rentiels<\/p>\n<p><strong>&#8211; 4 \u20ac ou &#8211; 2 \u20ac<\/strong><\/p>\n<p><strong>Contactez-nous pour obtenir le tarif promotionnel !<\/strong><\/p>\n","protected":false},"featured_media":16756,"template":"","meta":[],"product_cat":[119,84],"product_tag":[],"_links":{"self":[{"href":"https:\/\/www.audace44.fr\/commande\/wp-json\/wp\/v2\/product\/10551"}],"collection":[{"href":"https:\/\/www.audace44.fr\/commande\/wp-json\/wp\/v2\/product"}],"about":[{"href":"https:\/\/www.audace44.fr\/commande\/wp-json\/wp\/v2\/types\/product"}],"wp:featuredmedia":[{"embeddable":true,"href":"https:\/\/www.audace44.fr\/commande\/wp-json\/wp\/v2\/media\/16756"}],"wp:attachment":[{"href":"https:\/\/www.audace44.fr\/commande\/wp-json\/wp\/v2\/media?parent=10551"}],"wp:term":[{"taxonomy":"product_cat","embeddable":true,"href":"https:\/\/www.audace44.fr\/commande\/wp-json\/wp\/v2\/product_cat?post=10551"},{"taxonomy":"product_tag","embeddable":true,"href":"https:\/\/www.audace44.fr\/commande\/wp-json\/wp\/v2\/product_tag?post=10551"}],"curies":[{"name":"wp","href":"https:\/\/api.w.org\/{rel}","templated":true}]}}