{"id":10710,"date":"2025-05-07T12:17:02","date_gmt":"2025-05-07T10:17:02","guid":{"rendered":"https:\/\/www.audace44.fr\/commande\/?post_type=product&#038;p=10710"},"modified":"2025-09-30T12:40:40","modified_gmt":"2025-09-30T10:40:40","slug":"cabaret-la-belle-entree","status":"publish","type":"product","link":"https:\/\/www.audace44.fr\/commande\/produit\/cabaret-la-belle-entree\/","title":{"rendered":"Cabaret La Belle Entr\u00e9e"},"content":{"rendered":"<p>Promo soir\u00e9e 90's du 20 juin prochain: 52 \u20ac au lieu de 57 \u20ac<\/p>\n<p>R\u00e9servez directement au cabaret: 02 51 31 10 12<\/p>\n<p>La carte Audace sera \u00e0 pr\u00e9senter ou \u00e0 envoyer pour la r\u00e9servation.<\/p>\n<p>****************************************************************************<\/p>\n<p>Le plus grand Music hall des pays de La Loire!<\/p>\n<p><strong>De passage dans les Pays de la Loire ? Faites un tour \u00e0 la Belle Entr\u00e9e et assistez aux spectacles du plus grand cabaret de Vend\u00e9e et des Pays de la Loire. Au programme : des chants, des num\u00e9ros visuels, de la magie, de la danse\u2026 Plongez dans un monde o\u00f9 la routine n\u2019a nulle place en vous offrant votre part de l\u00e2cher prise ! Laissez-vous \u00e9blouir par une profusion de senteurs, de saveurs, de paillettes, de strass et de couleurs !<\/strong><\/p>\n<p><strong>La Belle Entr\u00e9e : une adresse incontournable de la Vend\u00e9e<\/strong><\/p>\n<p>Situ\u00e9 \u00e0\u00a0<a href=\"https:\/\/sago.fr\/\" target=\"_blank\" rel=\"noreferrer noopener\">Saint-Andr\u00e9-Goule-d\u2019Oie<\/a>, le cabaret de la Belle Entr\u00e9e est le plus grand music-hall des Pays de la Loire. Nich\u00e9 au centre de la Vend\u00e9e, ce cabaret accueille tout au long de l\u2019ann\u00e9e des d\u00e9jeuners-spectacles, mais \u00e9galement des d\u00eeners-spectacles.<\/p>\n<p>En quelques heures, plongez dans l\u2019ambiance merveilleuse d\u2019un show \u00e0 la parisienne, assaisonn\u00e9 \u00e0 la vend\u00e9enne. Audacieuse et color\u00e9e, la revue vous en mettra plein la vue et vous donnera l\u2019irr\u00e9sistible envie de revenir. <a href=\"https:\/\/www.labelleentree.com\/le-cabaret-vendee\/\" target=\"_blank\" rel=\"noopener noreferrer\">D\u00e9couvrez le cabaret en cliquant ICI<\/a><\/p>\n<p>Offrez vous ou offrez un repas spectacle en b\u00e9n\u00e9ficiant de <strong>10% de r\u00e9duction<\/strong>.<\/p>\n<p>Formule Marl\u00e8ne <strong>101,70\u20ac<\/strong> au lieu de 113 \u20ac<\/p>\n<p>Formule Jos\u00e9phine <strong>83,70\u00a0\u20ac<\/strong> au lieu de 93 \u20ac<\/p>\n<p>Formule Line <strong>65,70\u00a0\u20ac<\/strong> au lieu de 73 \u20ac<\/p>\n<p>En pr\u00e9cisant par t\u00e9l\u00e9phone votre appartenance \u00e0 Audace et en pr\u00e9sentant le jour m\u00eame votre carte Audace vous pouvez avoir acc\u00e8s \u00e0 10% de r\u00e9ductions.<\/p>\n<p>Offre valable jusqu'\u00e0 juin 2025 pour 5 places par salari\u00e9 maximum.<\/p>\n<p>R\u00e9duction valable sur les bons cadeaux et les r\u00e9servations.<\/p>\n<p>R\u00e9servations: 02 51 31 10 12 ou <a href=\"mailto:contact@labelleentree.com\">contact@labelleentree.com<\/a><\/p>\n<p><a href=\"https:\/\/www.youtube.com\/shorts\/aXsEjrC1zIQ\" target=\"_blank\" rel=\"noopener\">Vid\u00e9o de pr\u00e9sentation ICI<\/a><\/p>\n","protected":false},"excerpt":{"rendered":"<p><strong>Le plus grand Music hall des pays de La Loire!<\/strong><\/p>\n<p>10 % de r\u00e9duction avec Audace<\/p>\n<p>French Touch, nouveau spectacle.<\/p>\n","protected":false},"featured_media":15965,"template":"","meta":[],"product_cat":[121,119,83],"product_tag":[98],"_links":{"self":[{"href":"https:\/\/www.audace44.fr\/commande\/wp-json\/wp\/v2\/product\/10710"}],"collection":[{"href":"https:\/\/www.audace44.fr\/commande\/wp-json\/wp\/v2\/product"}],"about":[{"href":"https:\/\/www.audace44.fr\/commande\/wp-json\/wp\/v2\/types\/product"}],"wp:featuredmedia":[{"embeddable":true,"href":"https:\/\/www.audace44.fr\/commande\/wp-json\/wp\/v2\/media\/15965"}],"wp:attachment":[{"href":"https:\/\/www.audace44.fr\/commande\/wp-json\/wp\/v2\/media?parent=10710"}],"wp:term":[{"taxonomy":"product_cat","embeddable":true,"href":"https:\/\/www.audace44.fr\/commande\/wp-json\/wp\/v2\/product_cat?post=10710"},{"taxonomy":"product_tag","embeddable":true,"href":"https:\/\/www.audace44.fr\/commande\/wp-json\/wp\/v2\/product_tag?post=10710"}],"curies":[{"name":"wp","href":"https:\/\/api.w.org\/{rel}","templated":true}]}}