{"id":11379,"date":"2023-01-12T16:52:50","date_gmt":"2023-01-12T15:52:50","guid":{"rendered":"https:\/\/www.audace44.fr\/commande\/?post_type=product&#038;p=11379"},"modified":"2025-10-13T13:22:42","modified_gmt":"2025-10-13T11:22:42","slug":"black-sheep-van","status":"publish","type":"product","link":"https:\/\/www.audace44.fr\/commande\/produit\/black-sheep-van\/","title":{"rendered":"Black Sheep  van"},"content":{"rendered":"<p>R\u00e9servez un van am\u00e9nag\u00e9 ou un fourgon am\u00e9nag\u00e9 pour partir en road trip en famille, avec vos ami.e.s et\/ou en couple. Blacksheep vous propose de r\u00e9server un van Volkswagen, Mercedes ou Renault neuf et enti\u00e8rement am\u00e9nag\u00e9. Partez \u00e0 la d\u00e9couverte de nouveaux horizons et partagez des moments uniques avec vos proches. Voyager en van am\u00e9nag\u00e9 et sans contrainte, c\u2019est aussi l\u2019occasion de se d\u00e9connecter et d\u2019\u00eatre au contact de la nature en permanence.<\/p>\n<p>Le\u00a0<strong>van am\u00e9nag\u00e9<\/strong> \u00e0 la location chez Blacksheep est un mod\u00e8le neuf que nous proposons \u00e0 la location. Les tarifs sont indicatifs ; ils diff\u00e8rent en fonction des dates et des 37\u00a0 <strong><a href=\"https:\/\/www.blacksheep-van.com\/agence-location-van-amenage\/\" target=\"_blank\" rel=\"noopener\">agences de d\u00e9part<\/a><\/strong>\u00a0, ainsi que des mod\u00e8les de vans.<\/p>\n<p>Profitez de 5% et 10%:<\/p>\n<p><strong>AUDACEBSV25\u00a0<\/strong><\/p>\n<p><strong>ETEAUDACEBSV25\u00a0<\/strong><\/p>\n","protected":false},"excerpt":{"rendered":"<p>Black Sheep van am\u00e9nag\u00e9s<\/p>\n<p>5% et 10 %<\/p>\n<p>\u00e0 la location<\/p>\n","protected":false},"featured_media":11383,"template":"","meta":[],"product_cat":[123,121,83,86],"product_tag":[],"_links":{"self":[{"href":"https:\/\/www.audace44.fr\/commande\/wp-json\/wp\/v2\/product\/11379"}],"collection":[{"href":"https:\/\/www.audace44.fr\/commande\/wp-json\/wp\/v2\/product"}],"about":[{"href":"https:\/\/www.audace44.fr\/commande\/wp-json\/wp\/v2\/types\/product"}],"wp:featuredmedia":[{"embeddable":true,"href":"https:\/\/www.audace44.fr\/commande\/wp-json\/wp\/v2\/media\/11383"}],"wp:attachment":[{"href":"https:\/\/www.audace44.fr\/commande\/wp-json\/wp\/v2\/media?parent=11379"}],"wp:term":[{"taxonomy":"product_cat","embeddable":true,"href":"https:\/\/www.audace44.fr\/commande\/wp-json\/wp\/v2\/product_cat?post=11379"},{"taxonomy":"product_tag","embeddable":true,"href":"https:\/\/www.audace44.fr\/commande\/wp-json\/wp\/v2\/product_tag?post=11379"}],"curies":[{"name":"wp","href":"https:\/\/api.w.org\/{rel}","templated":true}]}}