{"id":11397,"date":"2023-01-17T14:32:48","date_gmt":"2023-01-17T13:32:48","guid":{"rendered":"https:\/\/www.audace44.fr\/commande\/?post_type=product&#038;p=11397"},"modified":"2025-07-22T15:37:04","modified_gmt":"2025-07-22T13:37:04","slug":"caliceo-massages-20-minutes","status":"publish","type":"product","link":"https:\/\/www.audace44.fr\/commande\/produit\/caliceo-massages-20-minutes\/","title":{"rendered":"Calic\u00e9o Massages 20 minutes"},"content":{"rendered":"<p>Massage 20 minutes dos, pied ou t\u00eate.<\/p>\n<p>Disponibles en e-billet (les jours ouvr\u00e9s) et en t\u00e9l\u00e9chargement (en fonction du stock).<\/p>\n<p>Pour des achats multiples ou en cas de rupture de stock de billets t\u00e9l\u00e9chargeables, pr\u00e9f\u00e9rez l'envoi par mail.<\/p>\n<p>Ces bons cadeaux massages sont valables 1 an dans les centres Calic\u00e9o de Nantes, Lyon, Toulouse, Pau et Perpignan.<\/p>\n<p>Billet sur commande uniquement.<\/p>\n","protected":false},"excerpt":{"rendered":"<p>Massage 20 minutes dos, pied ou t\u00eate<\/p>\n<p>Disponibles en e-billet (les jours ouvr\u00e9s) et t\u00e9l\u00e9chargeables.<\/p>\n<p>Ces bons cadeaux massages sont valables 1 an dans les centres Calic\u00e9o de Nantes, Lyon, Toulouse, Pau et Perpignan.<\/p>\n","protected":false},"featured_media":16309,"template":"","meta":[],"product_cat":[15],"product_tag":[74],"_links":{"self":[{"href":"https:\/\/www.audace44.fr\/commande\/wp-json\/wp\/v2\/product\/11397"}],"collection":[{"href":"https:\/\/www.audace44.fr\/commande\/wp-json\/wp\/v2\/product"}],"about":[{"href":"https:\/\/www.audace44.fr\/commande\/wp-json\/wp\/v2\/types\/product"}],"wp:featuredmedia":[{"embeddable":true,"href":"https:\/\/www.audace44.fr\/commande\/wp-json\/wp\/v2\/media\/16309"}],"wp:attachment":[{"href":"https:\/\/www.audace44.fr\/commande\/wp-json\/wp\/v2\/media?parent=11397"}],"wp:term":[{"taxonomy":"product_cat","embeddable":true,"href":"https:\/\/www.audace44.fr\/commande\/wp-json\/wp\/v2\/product_cat?post=11397"},{"taxonomy":"product_tag","embeddable":true,"href":"https:\/\/www.audace44.fr\/commande\/wp-json\/wp\/v2\/product_tag?post=11397"}],"curies":[{"name":"wp","href":"https:\/\/api.w.org\/{rel}","templated":true}]}}