{"id":11441,"date":"2026-01-24T13:56:28","date_gmt":"2026-01-24T12:56:28","guid":{"rendered":"https:\/\/www.audace44.fr\/commande\/?post_type=product&#038;p=11441"},"modified":"2026-02-23T14:09:39","modified_gmt":"2026-02-23T13:09:39","slug":"le-chateau-des-aventuriers","status":"publish","type":"product","link":"https:\/\/www.audace44.fr\/commande\/produit\/le-chateau-des-aventuriers\/","title":{"rendered":"Le ch\u00e2teau des Aventuriers"},"content":{"rendered":"<p><strong>Le CHATEAU DES AVENTURIERS<\/strong> est un parc de loisirs multig\u00e9n\u00e9rationnel unique en Vend\u00e9e : 4 grands parcours d'\u00e9nigmes sur le th\u00e8me des dinosaures ou des pirates, escape game nouvelle g\u00e9n\u00e9ration dans une maison hant\u00e9e, parcours enqu\u00eate sur tablette, visites du ch\u00e2teau, parcours \u00abpetits\u00bb, jeux gonflables et jeux d'adresse...<\/p>\n<p>Quel que soit l\u2019\u00e2ge des enfants , ils trouveront l'aventure qui leur correspond. Des dinosaures \u00e0 nos jours, ils apprendront l'Histoire en s'amusant !<\/p>\n<p><strong>A 1h de Nantes et 20mn des Sables d'Olonne.\u00a0<\/strong><\/p>\n<p>*********************************************<\/p>\n<p>Le Ch\u00e2teau des Aventuriers adapte ses horaires pour l'\u00e9t\u00e9 afin de mieux r\u00e9pondre aux attentes de nos visiteurs. \u00c0 pr\u00e9sent, nos nouveaux horaires seront les suivants :<\/p>\n<ul>\n<li><strong>Lundi \u00e0 Dimanche : 10h00 - 20h00 (y compris les jours f\u00e9ri\u00e9s)<\/strong><\/li>\n<\/ul>\n<p>Pour rendre cette saison estivale encore plus sp\u00e9ciale, nous avons \u00e9galement le plaisir de vous annoncer :<\/p>\n<ol>\n<li><strong>Ouverture de Western City :<\/strong> Dans une ambiance Far-West, profitez de Western City, une aire de jeux proposant des structures gonflables, du tir a\u0300 l\u2019arc et des jeux de r\u00e9flexion et d\u2019adresse.<\/li>\n<li><strong>Ouverture de notre snack La Taverne<\/strong> : Ouverture en continu \u00e0 partir de 12h, tous les jours jusqu\u2019au 31 ao\u00fbt.<\/li>\n<li><strong>Visites guid\u00e9es du Ch\u00e2teau<\/strong> : Chaque jour, suivez nos guides pour d\u00e9couvrir l\u2019histoire de notre Ch\u00e2teau Renaissance. Dur\u00e9e 50mn et plusieurs horaires propos\u00e9s chaque jour.<\/li>\n<\/ol>\n<p>*******************************************<\/p>\n<p>E-billets envoy\u00e9s par mail sous 48h aux jours et horaires d'ouverture d'Audace, nous indiquer la date de visite afin de r\u00e9server le cr\u00e9neau. Billets non dat\u00e9s, valables pour la saison 2025.<\/p>\n<p>V\u00e9rifiez le calendrier pour les horaires et activit\u00e9s<a href=\"https:\/\/chateau-aventuriers.com\/preparer-sa-visite\/calendriers-et-horaires\/\" target=\"_blank\" rel=\"noopener\"> ICI<\/a><\/p>\n<p>Pass Grande Aventure (tout le parc sans la maison hant\u00e9e) adulte 23,35 \u20ac au lieu de 26,50 \u20ac\u00a0 3-11 ans 18,95 \u20ac au lieu de 21,50 \u20ac<\/p>\n<p>Pass Grands frissons (tout le parc avec la maison hant\u00e9e) adulte 27,75 \u20ac au lieu de 31,50 \u20ac\u00a0 3-11 ans 23,35 \u20ac au lieu de 26,50 \u20ac<\/p>\n<p>La maison hant\u00e9e\u00a0 est conseill\u00e9e \u00e0 partir de 10 ans.<\/p>\n<p><strong>Pensez \u00e0 prendre un crayon pour compl\u00e9ter vos cartes d'\u00e9nigmes pour les parcours ext\u00e9rieurs.<\/strong><\/p>\n<p>Gratuit pour les - 3 ans.<\/p>\n","protected":false},"excerpt":{"rendered":"<p>Le ch\u00e2teau des aventuriers<\/p>\n<p>Pass grande aventure ou grands frissons.<\/p>\n","protected":false},"featured_media":11442,"template":"","meta":[],"product_cat":[84,92,82,88],"product_tag":[],"_links":{"self":[{"href":"https:\/\/www.audace44.fr\/commande\/wp-json\/wp\/v2\/product\/11441"}],"collection":[{"href":"https:\/\/www.audace44.fr\/commande\/wp-json\/wp\/v2\/product"}],"about":[{"href":"https:\/\/www.audace44.fr\/commande\/wp-json\/wp\/v2\/types\/product"}],"wp:featuredmedia":[{"embeddable":true,"href":"https:\/\/www.audace44.fr\/commande\/wp-json\/wp\/v2\/media\/11442"}],"wp:attachment":[{"href":"https:\/\/www.audace44.fr\/commande\/wp-json\/wp\/v2\/media?parent=11441"}],"wp:term":[{"taxonomy":"product_cat","embeddable":true,"href":"https:\/\/www.audace44.fr\/commande\/wp-json\/wp\/v2\/product_cat?post=11441"},{"taxonomy":"product_tag","embeddable":true,"href":"https:\/\/www.audace44.fr\/commande\/wp-json\/wp\/v2\/product_tag?post=11441"}],"curies":[{"name":"wp","href":"https:\/\/api.w.org\/{rel}","templated":true}]}}