{"id":11455,"date":"2023-01-26T15:31:46","date_gmt":"2023-01-26T14:31:46","guid":{"rendered":"https:\/\/www.audace44.fr\/commande\/?post_type=product&#038;p=11455"},"modified":"2024-02-21T12:24:47","modified_gmt":"2024-02-21T11:24:47","slug":"closed-escape-game-ancenis","status":"publish","type":"product","link":"https:\/\/www.audace44.fr\/commande\/produit\/closed-escape-game-ancenis\/","title":{"rendered":"Closed Escape Game Ancenis"},"content":{"rendered":"<p>Escape Game \u00e0 Ancenis, 2 salles, 2 ambiances:<\/p>\n<ul>\n<li>Turtle: 3 \u00e0 6 joueurs - difficult\u00e9 de 4 sur 5<\/li>\n<\/ul>\n<p>Quand il s'agit de s'amuser, les Tortues Ninja r\u00e9pondent toujours pr\u00e9sentes!<\/p>\n<p>Errez dans les \u00e9gouts, combattez comme Donatello, jouez \u00e0 des jeux vid\u00e9os ou encore dansez comme Michelangelo.<br \/>\nAujourd'hui, VOUS \u00eates les Tortues Ninja! COWABUNGA !<\/p>\n<ul>\n<li>La cr\u00e9ature: 3 \u00e0 6 joueurs - difficult\u00e9 de 4 sur 5<\/li>\n<\/ul>\n<p>Vous ouvrez p\u00e9niblement les yeux... Votre gorge est s\u00e8che et votre t\u00eate vous fait horriblement souffrir. Autour de vous une obscurit\u00e9 pesante qui d\u00e9cuple vos sens et aiguise vos sensations. Il y a quelques heures de cela, une \u00e9trange cr\u00e9ature vous a kidnapp\u00e9 et vous a emmen\u00e9 dans cette cabane.<\/p>\n<p>Elle est l\u00e0, autour de vous...<br \/>\nAvez vous d\u00e9j\u00e0 vu un film d'horreur o\u00f9 VOUS \u00eates le h\u00e9ros...?<\/p>\n<p>B\u00e9n\u00e9ficiez de 10 % avec le code AUDACE23<\/p>\n","protected":false},"excerpt":{"rendered":"<p>Closed Escape Game Ancenis<\/p>\n<p>2 salles 2 ambiances<\/p>\n<p>B\u00e9n\u00e9ficiez de 10 %<\/p>\n","protected":false},"featured_media":11456,"template":"","meta":[],"product_cat":[84,81,71],"product_tag":[],"_links":{"self":[{"href":"https:\/\/www.audace44.fr\/commande\/wp-json\/wp\/v2\/product\/11455"}],"collection":[{"href":"https:\/\/www.audace44.fr\/commande\/wp-json\/wp\/v2\/product"}],"about":[{"href":"https:\/\/www.audace44.fr\/commande\/wp-json\/wp\/v2\/types\/product"}],"wp:featuredmedia":[{"embeddable":true,"href":"https:\/\/www.audace44.fr\/commande\/wp-json\/wp\/v2\/media\/11456"}],"wp:attachment":[{"href":"https:\/\/www.audace44.fr\/commande\/wp-json\/wp\/v2\/media?parent=11455"}],"wp:term":[{"taxonomy":"product_cat","embeddable":true,"href":"https:\/\/www.audace44.fr\/commande\/wp-json\/wp\/v2\/product_cat?post=11455"},{"taxonomy":"product_tag","embeddable":true,"href":"https:\/\/www.audace44.fr\/commande\/wp-json\/wp\/v2\/product_tag?post=11455"}],"curies":[{"name":"wp","href":"https:\/\/api.w.org\/{rel}","templated":true}]}}