{"id":11461,"date":"2024-10-27T14:35:43","date_gmt":"2024-10-27T13:35:43","guid":{"rendered":"https:\/\/www.audace44.fr\/commande\/?post_type=product&#038;p=11461"},"modified":"2025-01-27T14:55:39","modified_gmt":"2025-01-27T13:55:39","slug":"le-quintessia","status":"publish","type":"product","link":"https:\/\/www.audace44.fr\/commande\/produit\/le-quintessia\/","title":{"rendered":"Le QUINTESSIA Orvault"},"content":{"rendered":"<p>B\u00e9n\u00e9ficiez de 10 % de r\u00e9duction sur les coffrets saveurs, bien \u00eatre et week-ends<\/p>\n<p>Code promo: AUDACE10\u00a0 A commander sur: <a href=\"https:\/\/coffrets.quintessia-resort.com\/\" target=\"_blank\" rel=\"noopener\">https:\/\/coffrets.quintessia-resort.com\/<\/a><\/p>\n<h2 class=\"headline-alt font-alt text-noir big-margin-bottom-l small-margin-bottom text-align-left anim-fadeIn vsy view-on\">Profitez de la douceur nantaise au c\u0153ur de notre h\u00f4tel au pied de la vall\u00e9e du Cens.<\/h2>\n<div class=\"txt_contenu anim-fadeIn vsy view-on\">\n<p><strong>UN H\u00d4TEL 4\u00a0\u00c9TOILES EN PLEINE NATURE\u2026<\/strong><\/p>\n<p>Situ\u00e9 \u00e0\u00a0<strong>Orvault<\/strong>, \u00e0 seulement quelques minutes de\u00a0<strong>Nantes<\/strong>, Quintessia est une v\u00e9ritable\u00a0<strong>bulle de tranquillit\u00e9.<\/strong><\/p>\n<p>S\u00e9journez au Quintessia, c\u2019est la promesse d\u2019un s\u00e9jour au calme dans un\u00a0<strong>environnement verdoyant<\/strong>. V\u00e9ritable havre de paix, seuls les bruissements des arbres et le chant des oiseaux vous tiendront compagnie.<\/p>\n<p>Au d\u00e9tour d\u2019une balade dans notre<strong>\u00a0jardin fleuri<\/strong>\u00a0ou d\u2019un petit-d\u00e9jeuner sur notre\u00a0<strong>terrasse<\/strong>\u00a0\u00e0 l\u2019ombre des pins, vous aurez peut-\u00eatre m\u00eame la chance d\u2019observer quelques \u00e9cureuils curieux.<\/p>\n<\/div>\n<p>&nbsp;<\/p>\n<p>&nbsp;<\/p>\n","protected":false},"excerpt":{"rendered":"<p>Le Quintessia \u00e0 Orvault<\/p>\n<p>H\u00f4tel, SPA, massages et restaurant<\/p>\n<p>10 % sur les coffrets<\/p>\n","protected":false},"featured_media":11462,"template":"","meta":[],"product_cat":[117,121,83,81,94,95,86],"product_tag":[],"_links":{"self":[{"href":"https:\/\/www.audace44.fr\/commande\/wp-json\/wp\/v2\/product\/11461"}],"collection":[{"href":"https:\/\/www.audace44.fr\/commande\/wp-json\/wp\/v2\/product"}],"about":[{"href":"https:\/\/www.audace44.fr\/commande\/wp-json\/wp\/v2\/types\/product"}],"wp:featuredmedia":[{"embeddable":true,"href":"https:\/\/www.audace44.fr\/commande\/wp-json\/wp\/v2\/media\/11462"}],"wp:attachment":[{"href":"https:\/\/www.audace44.fr\/commande\/wp-json\/wp\/v2\/media?parent=11461"}],"wp:term":[{"taxonomy":"product_cat","embeddable":true,"href":"https:\/\/www.audace44.fr\/commande\/wp-json\/wp\/v2\/product_cat?post=11461"},{"taxonomy":"product_tag","embeddable":true,"href":"https:\/\/www.audace44.fr\/commande\/wp-json\/wp\/v2\/product_tag?post=11461"}],"curies":[{"name":"wp","href":"https:\/\/api.w.org\/{rel}","templated":true}]}}