{"id":11733,"date":"2023-03-09T11:28:26","date_gmt":"2023-03-09T10:28:26","guid":{"rendered":"https:\/\/www.audace44.fr\/commande\/?post_type=product&#038;p=11733"},"modified":"2024-02-21T12:24:47","modified_gmt":"2024-02-21T11:24:47","slug":"telligo","status":"publish","type":"product","link":"https:\/\/www.audace44.fr\/commande\/produit\/telligo\/","title":{"rendered":"Telligo"},"content":{"rendered":"<p>Telligo<\/p>\n<p>Une aventure originale et passionnante.<br \/>\nAvec plus d\u2019une centaine de th\u00e8mes diff\u00e9rents et de nombreuses nouveaut\u00e9s propos\u00e9s chaque<br \/>\nann\u00e9e sur tous les continents, nous parions que vous n\u2019aurez que l\u2019embarras du choix pour trouver<br \/>\nla colonie de vacances la plus adapt\u00e9e<br \/>\nSi vous recherchez, pour votre (ou vos) enfant(s), des vacances, avec des jeunes qui lui<br \/>\nressemblent, votre solution s\u2019appelle plus que jamais Telligo !<br \/>\nPour nous, les colos sont une p\u00e9pite \u00e9ducative et permettent aux petits curieux et grands<br \/>\nexplorateurs de :<br \/>\nEn France et \u00e0 l\u2019\u00e9tranger de 4 \u00e0 20 ans.<\/p>\n<p>REMISES ET CONDITIONS PARTICULI\u00c8RES :<br \/>\n\u2219 5% de remise accord\u00e9e par l'UCPA sur toutes les dates et les s\u00e9jours UCPA (hors transport,<br \/>\noptions, taxes et assurances)<br \/>\nRESERVATION PARTENAIRE :<br \/>\nRendez-vous sur : https:\/\/www.telligo.fr\/ et choisissez votre s\u00e9jour.<br \/>\n- Renseignez votre code privil\u00e8ge : <strong>R7678<\/strong><br \/>\n- La r\u00e9servation est aussi possible par t\u00e9l\u00e9phone au 01 46 12 18 50 et communiquez votre code<br \/>\nprivil\u00e8ge : R767<\/p>\n","protected":false},"excerpt":{"rendered":"<p>Telligo<\/p>\n<p>S\u00e9jours enfants 4-20 ans<\/p>\n<p>&#8211; 5%<\/p>\n<p>&nbsp;<\/p>\n","protected":false},"featured_media":11737,"template":"","meta":[],"product_cat":[117,86,79],"product_tag":[],"_links":{"self":[{"href":"https:\/\/www.audace44.fr\/commande\/wp-json\/wp\/v2\/product\/11733"}],"collection":[{"href":"https:\/\/www.audace44.fr\/commande\/wp-json\/wp\/v2\/product"}],"about":[{"href":"https:\/\/www.audace44.fr\/commande\/wp-json\/wp\/v2\/types\/product"}],"wp:featuredmedia":[{"embeddable":true,"href":"https:\/\/www.audace44.fr\/commande\/wp-json\/wp\/v2\/media\/11737"}],"wp:attachment":[{"href":"https:\/\/www.audace44.fr\/commande\/wp-json\/wp\/v2\/media?parent=11733"}],"wp:term":[{"taxonomy":"product_cat","embeddable":true,"href":"https:\/\/www.audace44.fr\/commande\/wp-json\/wp\/v2\/product_cat?post=11733"},{"taxonomy":"product_tag","embeddable":true,"href":"https:\/\/www.audace44.fr\/commande\/wp-json\/wp\/v2\/product_tag?post=11733"}],"curies":[{"name":"wp","href":"https:\/\/api.w.org\/{rel}","templated":true}]}}