{"id":11976,"date":"2023-04-25T10:51:17","date_gmt":"2023-04-25T08:51:17","guid":{"rendered":"https:\/\/www.audace44.fr\/commande\/?post_type=product&#038;p=11976"},"modified":"2024-02-21T12:24:47","modified_gmt":"2024-02-21T11:24:47","slug":"parc-de-la-prehistoire-de-bretagne","status":"publish","type":"product","link":"https:\/\/www.audace44.fr\/commande\/produit\/parc-de-la-prehistoire-de-bretagne\/","title":{"rendered":"Parc de la Pr\u00e9histoire de Bretagne"},"content":{"rendered":"<p>Situ\u00e9 dans les LANDES DE LANVAUX (Morbihan), \u00e0 proximit\u00e9 de REDON, \u00e0 2 kms de ROCHEFORT-EN-TERRE, le Parc s\u2019\u00e9tale sur 25 hectares de landes sauvages, dans l\u2019environnement exceptionnel des anciennes carri\u00e8res d\u2019ardoises de Gwenfol.<br \/>\nIl se caract\u00e9rise notamment par<strong>\u00a05 puits<\/strong>\u00a0emplis \u00abd\u2019eau\u00bb, dont le c\u00e9l\u00e8bre \u00abLac Bleu\u00bb, surplomb\u00e9s par des falaises de<strong>\u00a040m<\/strong>\u00a0et des collines de schistes.<\/p>\n<p>Tr\u00e8s anciennes ardoisi\u00e8res dont les premi\u00e8res traces remontent \u00e0 environ 300 ans. L'exploitation cesse en 1950. Il y avait sur ce site 300 employ\u00e9s dont certains qui vivaient en face du Centre d'accueil. L'ardoise extraite \u00e9tait tr\u00e8s souple et servait \u00e0 la couverture des habitats. Elle a \u00e9t\u00e9 prim\u00e9e \u00e0 plusieurs reprises. L'ardoise \u00e9tait pure sans fossiles ni pyrite.<\/p>\n<p>Ouvert le 30 juillet 1988, le Parc nous ram\u00e8ne, gr\u00e2ce \u00e0 des sc\u00e8nes \u00abgrandeur nature\u00bb, dans le monde g\u00e9ologique des dinosaures (allant de 300 \u00e0 65 millions d\u2019ann\u00e9es avant J.C) et le monde pr\u00e9historique (allant de 500 000 \u00e0 2 000 ans avant J.C).<\/p>\n<p>B\u00e9n\u00e9ficiez de 2 \u20ac de r\u00e9duction par billet sur pr\u00e9sentation de la carte Audace.<\/p>\n<p>Demandez-nous la carte Audace elle est gratuite pour tous les adh\u00e9rents.<\/p>\n","protected":false},"excerpt":{"rendered":"<p>B\u00e9n\u00e9ficiez de 2 \u20ac de r\u00e9duction par billet avec la carte Audace.<\/p>\n","protected":false},"featured_media":11977,"template":"","meta":[],"product_cat":[84,92,88,85,77,91],"product_tag":[],"_links":{"self":[{"href":"https:\/\/www.audace44.fr\/commande\/wp-json\/wp\/v2\/product\/11976"}],"collection":[{"href":"https:\/\/www.audace44.fr\/commande\/wp-json\/wp\/v2\/product"}],"about":[{"href":"https:\/\/www.audace44.fr\/commande\/wp-json\/wp\/v2\/types\/product"}],"wp:featuredmedia":[{"embeddable":true,"href":"https:\/\/www.audace44.fr\/commande\/wp-json\/wp\/v2\/media\/11977"}],"wp:attachment":[{"href":"https:\/\/www.audace44.fr\/commande\/wp-json\/wp\/v2\/media?parent=11976"}],"wp:term":[{"taxonomy":"product_cat","embeddable":true,"href":"https:\/\/www.audace44.fr\/commande\/wp-json\/wp\/v2\/product_cat?post=11976"},{"taxonomy":"product_tag","embeddable":true,"href":"https:\/\/www.audace44.fr\/commande\/wp-json\/wp\/v2\/product_tag?post=11976"}],"curies":[{"name":"wp","href":"https:\/\/api.w.org\/{rel}","templated":true}]}}