{"id":12186,"date":"2023-05-31T10:55:05","date_gmt":"2023-05-31T08:55:05","guid":{"rendered":"https:\/\/www.audace44.fr\/commande\/?post_type=product&#038;p=12186"},"modified":"2025-05-27T16:09:34","modified_gmt":"2025-05-27T14:09:34","slug":"ufcv","status":"publish","type":"product","link":"https:\/\/www.audace44.fr\/commande\/produit\/ufcv\/","title":{"rendered":"UFCV"},"content":{"rendered":"<h2><span id=\"dnn_ctr591_dnnTITLE_titleLabel\" class=\"Head\">L'UFCV, une association qui entreprend au service de l'int\u00e9r\u00eat g\u00e9n\u00e9ral<\/span><\/h2>\n<div id=\"dnn_ctr591_ContentPane\" class=\"ContainerPane\">\n<div id=\"dnn_ctr591_ModuleContent\" class=\"DNNModuleContent ModDNNHTMLC\">\n<div id=\"dnn_ctr591_HtmlModule_lblContent\" class=\"Normal\">\n<p><strong>Fond\u00e9e en 1907, l\u2019UFCV est une association nationale de jeunesse et d\u2019\u00e9ducation populaire \u00e0 but non lucratif.\u00a0<\/strong><\/p>\n<p>Reconnue d\u2019utilit\u00e9 publique, elle est agr\u00e9\u00e9e association \u00e9ducative compl\u00e9mentaire de l\u2019enseignement public.<\/p>\n<\/div>\n<\/div>\n<\/div>\n<p>Le Bafa, c'est...<\/p>\n<ul>\n<li>Un brevet qui permet d\u2019encadrer des enfants et des jeunes pendant leurs vacances, mais aussi le mercredi apr\u00e8s-midi, avant et apr\u00e8s l'\u00e9cole,<\/li>\n<li>Une formation\u00a0<strong>courte et pratique<\/strong>, en\u00a0<a href=\"https:\/\/bafa.ufcv.fr\/Le-BAFA\/Les-3-etapes\">3 \u00e9tapes<\/a>, accessible d\u00e8s 16\u00a0ans,<\/li>\n<li><strong>Une porte d\u2019entr\u00e9e vers le m\u00e9tier d\u2019animateur\u00b7rice.<\/strong><\/li>\n<\/ul>\n<p>Le Bafa pr\u00e9pare :<\/p>\n<ul>\n<li>\u00c0 organiser des animations de qualit\u00e9 aupr\u00e8s des enfants et des jeunes,<\/li>\n<li>\u00c0 prendre en compte leurs particularit\u00e9s,<\/li>\n<li>\u00c0 veiller \u00e0 leur bien-\u00eatre,<\/li>\n<li>\u00c0 vivre des temps collectifs riches et uniques,<\/li>\n<li>\u00c0 vivre et travailler en \u00e9quipe.<\/li>\n<\/ul>\n<p>C'est aussi un brevet reconnu et d\u00e9livr\u00e9 par l'\u00c9tat<\/p>\n<p><strong>Carte Audace obligatoire, 10% avec le code privil\u00e8ge \u00e0 indiquer au moment de la r\u00e9servation:\u00a0 <a href=\"http:\/\/contact@audace44.fr\" target=\"_blank\" rel=\"noopener\">nous contacter pour l'obtenir.<\/a><\/strong><\/p>\n<p><a href=\"https:\/\/www.ufcv.fr\/\" target=\"_blank\" rel=\"noopener\">Lien Direct ICI<\/a><\/p>\n","protected":false},"excerpt":{"rendered":"<p>Avec UFCV profitez de 10%<\/p>\n<p>pour la formation BAFA<\/p>\n","protected":false},"featured_media":12187,"template":"","meta":[],"product_cat":[86,79],"product_tag":[],"_links":{"self":[{"href":"https:\/\/www.audace44.fr\/commande\/wp-json\/wp\/v2\/product\/12186"}],"collection":[{"href":"https:\/\/www.audace44.fr\/commande\/wp-json\/wp\/v2\/product"}],"about":[{"href":"https:\/\/www.audace44.fr\/commande\/wp-json\/wp\/v2\/types\/product"}],"wp:featuredmedia":[{"embeddable":true,"href":"https:\/\/www.audace44.fr\/commande\/wp-json\/wp\/v2\/media\/12187"}],"wp:attachment":[{"href":"https:\/\/www.audace44.fr\/commande\/wp-json\/wp\/v2\/media?parent=12186"}],"wp:term":[{"taxonomy":"product_cat","embeddable":true,"href":"https:\/\/www.audace44.fr\/commande\/wp-json\/wp\/v2\/product_cat?post=12186"},{"taxonomy":"product_tag","embeddable":true,"href":"https:\/\/www.audace44.fr\/commande\/wp-json\/wp\/v2\/product_tag?post=12186"}],"curies":[{"name":"wp","href":"https:\/\/api.w.org\/{rel}","templated":true}]}}