{"id":12267,"date":"2023-06-16T10:43:22","date_gmt":"2023-06-16T08:43:22","guid":{"rendered":"https:\/\/www.audace44.fr\/commande\/?post_type=product&#038;p=12267"},"modified":"2024-02-21T12:24:48","modified_gmt":"2024-02-21T11:24:48","slug":"le-sporting-airfly-bubble-game","status":"publish","type":"product","link":"https:\/\/www.audace44.fr\/commande\/produit\/le-sporting-airfly-bubble-game\/","title":{"rendered":"Le Sporting Airfly Bubble game&#8230;."},"content":{"rendered":"<p>Audace vous propose un pass VIP avec le Sporting.<\/p>\n<p>Le Sporting c\u2019est un lieu o\u00f9\u00a0<strong>r\u00e8gne la bonne humeur<\/strong>, c\u2019est un lieu qui nous permet de tout oublier et de venir passer du bon temps tout simplement, avec qui et quand on veut.<\/p>\n<p>Situ\u00e9 \u00e0\u00a0<strong>Nantes<\/strong>, proche de la zone commerciale d\u2019<strong>Atlantis<\/strong>, Le Sporting vous accueille\u00a0<strong>7 jours sur 7<\/strong>\u00a0de\u00a0<strong>10 h \u00e0 minuit la semaine<\/strong>\u00a0et de\u00a0<strong>10 h \u00e0 19 h le weekend<\/strong>.<\/p>\n<p>Le Sporting c\u2019est avant tout un complexe de\u00a0<a title=\"Les Sports\" href=\"https:\/\/lesporting.com\/activites#sports\">Sport<\/a>\u00a0&amp;\u00a0<a title=\"Les Loisirs\" href=\"https:\/\/lesporting.com\/activites#loisirs\">Loisirs<\/a>\u00a0de 4000 m\u00b2 qui propose un tr\u00e8s large choix d\u2019activit\u00e9s\u00a0<strong>ouvertes \u00e0 tous<\/strong>\u00a0et \u00e0 la carte. Venez juste vous faire plaisir et jouer avec vos\u00a0<strong>amis<\/strong>, vos\u00a0<strong>coll\u00e8gues<\/strong>\u00a0ou en\u00a0<strong>famille<\/strong>.<\/p>\n<p>Airfly, Bubble Game, L\u00fc, Squash, Padel, Badminton ...<\/p>\n<p>Au-del\u00e0 du sport,\u00a0<a title=\"Le Container\" href=\"https:\/\/lesporting.com\/barandfood#container\">Le Container<\/a>\u00a0du Sporting vous propose de savourer ses d\u00e9licieux\u00a0<strong>burgers<\/strong>\u00a0et\u00a0<strong>salades<\/strong>\u00a0<strong>sur-mesure,<\/strong>\u00a0tous les midis de la semaine, sur sa jolie\u00a0<strong>terrasse<\/strong>\u00a0couverte.<br \/>\n<a title=\"Le Bar\" href=\"https:\/\/lesporting.com\/barandfood#bar\">Le Bar<\/a>\u00a0du Sporting, quant \u00e0 lui, vous accueille 7 jours sur 7. Vous pourrez d\u00e9guster notre large gamme de\u00a0<strong>bi\u00e8res<\/strong>, regarder un match sur l\u2019un de nos\u00a0<strong>6 \u00e9crans TV\u00a0<\/strong>et profiter de nos\u00a0<strong>jeux de bar<\/strong>\u00a0: babyfoot, fl\u00e9chettes, p\u00e9tanque, palets et m\u00f6lkky.<\/p>\n<p><b>Voici le lien pour cr\u00e9er votre carte VIP (<a href=\"https:\/\/docs.google.com\/forms\/d\/e\/1FAIpQLSev79F4ilg27-c1fRn_UYjwrkgnEtp3LLTW8f4y9j7zwrkC-Q\/viewform\" target=\"_blank\" rel=\"noopener\">ICI<\/a>) , <\/b>elle sera ensuite alors \u00e0 <u>r\u00e9cup\u00e9rer \u00e0 l'accueil<\/u>.<\/p>\n<p>Vous devrez le pr\u00e9senter \u00e0 chaque session pour b\u00e9n\u00e9ficier des offres suivantes :<\/p>\n<ul>\n<li><strong>Location de mat\u00e9riel<\/strong>\u00a0offerte.<\/li>\n<li><strong>+20 % offert<\/strong>\u00a0pour l\u2019achat d\u2019une carte pr\u00e9pay\u00e9e.<\/li>\n<li><strong>Caf\u00e9 offert<\/strong>\u00a0le midi avec votre burger ou salade.<\/li>\n<li><strong>10 \u20ac de r\u00e9duction AirFly<\/strong>\u00a0avec le code \"lesportingvip\".<\/li>\n<\/ul>\n<p>Il pourra trouver toutes les informations n\u00e9cessaires sur le site internet\u00a0 : <a href=\"http:\/\/www.lesporting.com\/\">www.lesporting.com<\/a><\/p>\n","protected":false},"excerpt":{"rendered":"<p>Situ\u00e9 \u00e0\u00a0<strong>Nantes<\/strong>, proche de la zone commerciale d\u2019<strong>Atlantis.<\/strong><\/p>\n<p>Le Sporting vous accueille\u00a0<strong>7 jours sur 7<\/strong>\u00a0de\u00a0<strong>10 h \u00e0 minuit la semaine<\/strong>\u00a0et de\u00a0<strong>10 h \u00e0 19 h le weekend<\/strong>.<\/p>\n<p>Airfly, Bubble Game, L\u00fc, Squash, Padel, Badminton &#8230;<\/p>\n","protected":false},"featured_media":12268,"template":"","meta":[],"product_cat":[81,71],"product_tag":[],"_links":{"self":[{"href":"https:\/\/www.audace44.fr\/commande\/wp-json\/wp\/v2\/product\/12267"}],"collection":[{"href":"https:\/\/www.audace44.fr\/commande\/wp-json\/wp\/v2\/product"}],"about":[{"href":"https:\/\/www.audace44.fr\/commande\/wp-json\/wp\/v2\/types\/product"}],"wp:featuredmedia":[{"embeddable":true,"href":"https:\/\/www.audace44.fr\/commande\/wp-json\/wp\/v2\/media\/12268"}],"wp:attachment":[{"href":"https:\/\/www.audace44.fr\/commande\/wp-json\/wp\/v2\/media?parent=12267"}],"wp:term":[{"taxonomy":"product_cat","embeddable":true,"href":"https:\/\/www.audace44.fr\/commande\/wp-json\/wp\/v2\/product_cat?post=12267"},{"taxonomy":"product_tag","embeddable":true,"href":"https:\/\/www.audace44.fr\/commande\/wp-json\/wp\/v2\/product_tag?post=12267"}],"curies":[{"name":"wp","href":"https:\/\/api.w.org\/{rel}","templated":true}]}}