{"id":12863,"date":"2024-10-05T10:21:26","date_gmt":"2024-10-05T08:21:26","guid":{"rendered":"https:\/\/www.audace44.fr\/commande\/?post_type=product&#038;p=12863"},"modified":"2025-03-20T16:43:49","modified_gmt":"2025-03-20T15:43:49","slug":"aloa-vacances","status":"publish","type":"product","link":"https:\/\/www.audace44.fr\/commande\/produit\/aloa-vacances\/","title":{"rendered":"Aloa Vacances"},"content":{"rendered":"<p>Des \u00e9tablissements de plein air classiques aux\u00a0<strong>campings 4 et 5 \u00e9toiles<\/strong>, les prestations fournies ne sont pas toutes les m\u00eames ainsi que le type de location. Plus le camping est \u00e9toil\u00e9, plus vous pourrez trouver des locations confortables, voire insolites comme des<strong>\u00a0mobil-homes, bungalows ou cabanes dans les arbres.<\/strong><\/p>\n<p>En fonction de la destination et du camping, de multiples choix vous sont offerts\u00a0: avec\u00a0<strong>piscine<\/strong>\u00a0ou\u00a0<strong>parc aquatique<\/strong>, avec ou sans\u00a0<a href=\"https:\/\/www.aloa-vacances.com\/vacances-aloa\/thematique-animaux-acceptes\/\" data-type=\"vacances-aloa\" data-id=\"79155\">animaux<\/a>, \u00e0 la montagne ou au bord de l\u2019eau, en famille ou entre amis, ou bien encore pour passer des vacances farniente ou plut\u00f4t sportives.<\/p>\n<p><strong>Trouver le camping<\/strong>\u00a0qui convient \u00e0 vos besoins peut alors sembler une t\u00e2che impossible parmi la multitude d\u2019\u00e9tablissements pr\u00e9sents en France. Chez\u00a0<strong>Aloa Vacances<\/strong>, nous nous sommes donn\u00e9s pour mission de fournir des informations utiles sur toutes ces diff\u00e9rentes options afin que vous puissiez passer moins de temps \u00e0 chercher et plus de temps \u00e0 vous amuser !<\/p>\n<p>Il y a tellement de belles destinations \u00e0 d\u00e9couvrir pour\u00a0<strong>faire du camping<\/strong>, qu\u2019il existe des lieux qui puissent profiter \u00e0 chaque besoin. Que vous souhaitiez \u00eatre entour\u00e9 d\u2019une nature \u00e9poustouflante ou profiter d\u2019un peu de culture et d\u2019histoire, les destinations \u00e9tonnantes ne manquent pas.<\/p>\n<p>D\u00e9couvrez le lieu de vill\u00e9giature qui vous correspond parmi les\u00a0<strong>meilleures r\u00e9gions de France pour faire du camping<\/strong>\u00a0ainsi qu\u2019en Espagne.<\/p>\n<p>Code promo pour b\u00e9n\u00e9ficier de -10 % \u00e0 -20 %:<\/p>\n<p>Identifiant AUDACE44<\/p>\n<p>MOT DE PASSE: AUDACE38310<\/p>\n<p><a href=\"https:\/\/www.aloa-vacances.com\/\" target=\"_blank\" rel=\"noopener\">LIEN VERS LE SITE ALOA ICI<\/a><\/p>\n","protected":false},"excerpt":{"rendered":"<p>Campings Aloa Vacances<\/p>\n<p>jusqu&#8217;\u00e0 -20 %<\/p>\n","protected":false},"featured_media":12864,"template":"","meta":[],"product_cat":[111,86,79],"product_tag":[],"_links":{"self":[{"href":"https:\/\/www.audace44.fr\/commande\/wp-json\/wp\/v2\/product\/12863"}],"collection":[{"href":"https:\/\/www.audace44.fr\/commande\/wp-json\/wp\/v2\/product"}],"about":[{"href":"https:\/\/www.audace44.fr\/commande\/wp-json\/wp\/v2\/types\/product"}],"wp:featuredmedia":[{"embeddable":true,"href":"https:\/\/www.audace44.fr\/commande\/wp-json\/wp\/v2\/media\/12864"}],"wp:attachment":[{"href":"https:\/\/www.audace44.fr\/commande\/wp-json\/wp\/v2\/media?parent=12863"}],"wp:term":[{"taxonomy":"product_cat","embeddable":true,"href":"https:\/\/www.audace44.fr\/commande\/wp-json\/wp\/v2\/product_cat?post=12863"},{"taxonomy":"product_tag","embeddable":true,"href":"https:\/\/www.audace44.fr\/commande\/wp-json\/wp\/v2\/product_tag?post=12863"}],"curies":[{"name":"wp","href":"https:\/\/api.w.org\/{rel}","templated":true}]}}