{"id":12902,"date":"2023-10-18T11:40:33","date_gmt":"2023-10-18T09:40:33","guid":{"rendered":"https:\/\/www.audace44.fr\/commande\/?post_type=product&#038;p=12902"},"modified":"2024-02-21T12:24:48","modified_gmt":"2024-02-21T11:24:48","slug":"celtaventures-parc","status":"publish","type":"product","link":"https:\/\/www.audace44.fr\/commande\/produit\/celtaventures-parc\/","title":{"rendered":"Celt&#8217;Aventures parc"},"content":{"rendered":"<p>Celt\u2019Aventures est un parc d'aventures et de loisirs pour enfants et adultes proposant des activit\u00e9s de plein air au c\u0153ur d\u2019une for\u00eat pr\u00e9serv\u00e9e de pr\u00e8s de 13 ha.<\/p>\n<ul>\n<li>Rendez-vous sur le site: <a href=\"https:\/\/celtaventures.com\/\" target=\"_blank\" rel=\"noopener\">https:\/\/celtaventures.com\/<\/a>\u00a0 et b\u00e9n\u00e9ficiez de -10 % avec\u00a0 le code promo\u00a0 <strong>AUDACE<\/strong>, pr\u00e9sentation de la carte Audace sur place (demandez la nous !)<\/li>\n<\/ul>\n<p>Venez bouger, vous amuser, d\u00e9couvrir de nouvelles sensations dans un cadre naturel\u00a0unique\u00a0!<\/p>\n<p>En presqu\u2019\u00eele de Rhuys, \u00e0 seulement <strong>20 minutes de Vannes, 1 heure de Lorient, 1h15 de Nantes de Rennes,<\/strong>\u00a0Celt\u2019Aventures est un parc de loisirs pour enfants et adultes proposant des activit\u00e9s de plein air.<\/p>\n<ul>\n<li aria-level=\"1\">Acc\u00e9dez au \u201cMonde de Celty\u201d avec un billet \u00e0 la journ\u00e9e. De nombreuses activit\u00e9s : Mini-Golf, Accro Celty, Tente ludique, Labyrinthe, Mers de Filets, etc. Accessibles d\u00e8s 2 ans pour\u00a0<b>toute la FAMILLE<\/b>\u00a0!<\/li>\n<li aria-level=\"1\">Les malles escape game s\u2019invite dans votre salon, en petit comit\u00e9, profitez d\u2019un ap\u00e9ro ou d\u2019une soir\u00e9e en famille ou entre amis pour vous challenger autour d\u2019un escape game.<\/li>\n<li aria-level=\"1\">Celt\u2019Aventures vous accueille \u00e9galement pour tous vos \u00e9v\u00e9nements (Anniversaire, Cousinade, EVG \/ EVJF, Sorties scolaires ou \u00e9v\u00e9nement d\u2019entreprise)<\/li>\n<li aria-level=\"1\">Enfin en 2023, nos activit\u00e9s sont toujours disponibles en itin\u00e9rance : LaserTag, Escape Game et Trottinettes peuvent se d\u00e9placer chez vous sous certaines conditions.<\/li>\n<\/ul>\n<p>De\u00a0<strong>3 \u00e0 99 ans<\/strong>, soyez audacieux !<br \/>\nOsez une\u00a0<strong>CELT\u2019AVENTURES<\/strong>\u00a0! Quelles que soient vos envies, vivez l\u2019exp\u00e9rience d\u2019un\u00a0<strong>parc Aventure 100% Bretagne<\/strong>\u00a0!<\/p>\n","protected":false},"excerpt":{"rendered":"<p>Celt Aventures<\/p>\n<p>Profitez de 10% avec Audace<\/p>\n","protected":false},"featured_media":12903,"template":"","meta":[],"product_cat":[82,87,88],"product_tag":[],"_links":{"self":[{"href":"https:\/\/www.audace44.fr\/commande\/wp-json\/wp\/v2\/product\/12902"}],"collection":[{"href":"https:\/\/www.audace44.fr\/commande\/wp-json\/wp\/v2\/product"}],"about":[{"href":"https:\/\/www.audace44.fr\/commande\/wp-json\/wp\/v2\/types\/product"}],"wp:featuredmedia":[{"embeddable":true,"href":"https:\/\/www.audace44.fr\/commande\/wp-json\/wp\/v2\/media\/12903"}],"wp:attachment":[{"href":"https:\/\/www.audace44.fr\/commande\/wp-json\/wp\/v2\/media?parent=12902"}],"wp:term":[{"taxonomy":"product_cat","embeddable":true,"href":"https:\/\/www.audace44.fr\/commande\/wp-json\/wp\/v2\/product_cat?post=12902"},{"taxonomy":"product_tag","embeddable":true,"href":"https:\/\/www.audace44.fr\/commande\/wp-json\/wp\/v2\/product_tag?post=12902"}],"curies":[{"name":"wp","href":"https:\/\/api.w.org\/{rel}","templated":true}]}}