{"id":13096,"date":"2023-11-23T15:44:37","date_gmt":"2023-11-23T14:44:37","guid":{"rendered":"https:\/\/www.audace44.fr\/commande\/?post_type=product&#038;p=13096"},"modified":"2024-02-21T12:24:49","modified_gmt":"2024-02-21T11:24:49","slug":"neoden-espace-de-flottaison","status":"publish","type":"product","link":"https:\/\/www.audace44.fr\/commande\/produit\/neoden-espace-de-flottaison\/","title":{"rendered":"NEODEN Espace de flottaison"},"content":{"rendered":"<p><strong>PROMO: la s\u00e9ance de flottaison 60min solo + espace d\u2019\u00e9veil sensoriel 30\/40 min, soit 48,00\u20ac au lieu de 60,00\u20ac TTC<\/strong><\/p>\n<p><strong><u>Tarification sp\u00e9cifique Audace44 en 2024 sur pr\u00e9sentation de la carte Audace:<\/u><\/strong><\/p>\n<p>-la s\u00e9ance de flottaison 60min solo + espace d\u2019\u00e9veil sensoriel 30\/40 min, soit <strong>51,00\u20ac<\/strong> au lieu de 60,00\u20ac<\/p>\n<p>-les s\u00e9ances de flottaison duo 60min + espace d\u2019\u00e9veil sensoriel 30\/40 min, soit <strong>102,00\u20ac<\/strong> au lieu de 120,00\u20ac (chacun dans son cocon)<\/p>\n<p>-les s\u00e9ances de massage 60min et flottaison 60min solo + espace d\u2019\u00e9veil sensoriel 30\/40 min, soit <strong>110,00\u20ac<\/strong> au lieu de 129,00\u20ac<\/p>\n<p>-les s\u00e9ances de massage 60min et flottaison 60min en duo + espace d\u2019\u00e9veil sensoriel 30\/40 min, soit <strong>212,00\u20ac<\/strong> au lieu de 249,00\u20ac (chacun dans son cocon)<\/p>\n<p>Apparue dans les ann\u00e9es 50, la flottaison en isolation sensorielle est n\u00e9e de recherches scientifiques men\u00e9es sur les activit\u00e9s neuronales et l\u2019origine de la conscience chez l\u2019\u00eatre humain. Les exp\u00e9riences men\u00e9es \u00e0 l\u2019\u00e9poque ouvrirent la voie \u00e0 cette pratique \u00e0 la fois apaisante et stimulante, aussi b\u00e9n\u00e9fique pour le corps que pour l\u2019esprit.<\/p>\n<p>Votre s\u00e9ance d\u2019une heure se d\u00e9roulera dans un cocon au design \u00e0 la fois \u00e9trange et futuriste appel\u00e9 Neopod. Cet appareil ultramoderne abrite une eau chauff\u00e9e \u00e0 35,5\u00b0 contenant pas moins d\u2019une demi tonne de sulfate de magn\u00e9sium, appel\u00e9 sel d\u2019Epsom. Outre ses bienfaits pour le corps et la peau, cette forte quantit\u00e9 de sel va vous permettre de flotter, vous lib\u00e9rant ainsi de toute sensation d\u2019apesanteur. De douces lumi\u00e8res et sons d\u2019ambiance, \u00e0 r\u00e9gler selon vos envies, viennent s\u2019ajouter aux sensations de chaleur et de l\u00e9g\u00e8ret\u00e9 ressenties par votre corps, achevant de cr\u00e9er une atmosph\u00e8re particuli\u00e8rement propice \u00e0 la relaxation. A mesure que vos sens s\u2019endorment, votre esprit se lib\u00e8re.<\/p>\n<p>Une exp\u00e9rience unique qui ne peut bien s\u00fbr se produire que si la sensation de s\u00e9curit\u00e9 est totale. Et c\u2019est exactement ce que le centre et les infrastructures de Neoden vous assurent. Une intimit\u00e9 parfaitement pr\u00e9serv\u00e9e, la possibilit\u00e9 d\u2019ouvrir votre Neopod autant que souhait\u00e9 et la garantie de pouvoir aller jusqu\u2019\u00e0 l\u2019endormissement total, la flottaison cr\u00e9\u00e9e par le sel d\u2019Epsom interdisant tout risque d\u2019enfoncement ou retournement dans l\u2019eau. Enfin, l\u2019hygi\u00e8ne \u00e9tant bien s\u00fbr un point central, entre chaque s\u00e9ance, chaque Neopod est enti\u00e8rement nettoy\u00e9 et son eau filtr\u00e9e au moyen de pompes et appareils ultra sophistiqu\u00e9s.<\/p>\n<p>Flottez, d\u00e9collez pour un voyage int\u00e9rieur d\u2019une heure au royaume du bien-\u00eatre et plus encore au sein de son espace d\u2019\u00e9veil sensoriel.<\/p>\n<p>R\u00e9servez par t\u00e9l\u00e9phone au 02 28 49 29 37<\/p>\n<p><a href=\"http:\/\/www.neoden.fr\">www.neoden.fr<\/a><\/p>\n","protected":false},"excerpt":{"rendered":"<p>NEODEN<\/p>\n<p>Flottez, d\u00e9collez pour un voyage int\u00e9rieur d\u2019une heure au royaume du bien-\u00eatre et plus encore au sein de son espace d\u2019\u00e9veil sensoriel.<\/p>\n","protected":false},"featured_media":13097,"template":"","meta":[],"product_cat":[81,94,95],"product_tag":[],"_links":{"self":[{"href":"https:\/\/www.audace44.fr\/commande\/wp-json\/wp\/v2\/product\/13096"}],"collection":[{"href":"https:\/\/www.audace44.fr\/commande\/wp-json\/wp\/v2\/product"}],"about":[{"href":"https:\/\/www.audace44.fr\/commande\/wp-json\/wp\/v2\/types\/product"}],"wp:featuredmedia":[{"embeddable":true,"href":"https:\/\/www.audace44.fr\/commande\/wp-json\/wp\/v2\/media\/13097"}],"wp:attachment":[{"href":"https:\/\/www.audace44.fr\/commande\/wp-json\/wp\/v2\/media?parent=13096"}],"wp:term":[{"taxonomy":"product_cat","embeddable":true,"href":"https:\/\/www.audace44.fr\/commande\/wp-json\/wp\/v2\/product_cat?post=13096"},{"taxonomy":"product_tag","embeddable":true,"href":"https:\/\/www.audace44.fr\/commande\/wp-json\/wp\/v2\/product_tag?post=13096"}],"curies":[{"name":"wp","href":"https:\/\/api.w.org\/{rel}","templated":true}]}}