{"id":13375,"date":"2025-09-02T12:10:45","date_gmt":"2025-09-02T10:10:45","guid":{"rendered":"https:\/\/www.audace44.fr\/commande\/?post_type=product&#038;p=13375"},"modified":"2026-03-26T10:18:07","modified_gmt":"2026-03-26T09:18:07","slug":"zoo-parc-de-beauval-2-jours","status":"publish","type":"product","link":"https:\/\/www.audace44.fr\/commande\/produit\/zoo-parc-de-beauval-2-jours\/","title":{"rendered":"Zoo Parc de Beauval 2 jours"},"content":{"rendered":"<p>Site touristique incontournable de la r\u00e9gion Centre-Val de Loire, le ZooParc de Beauval abrite plus de 35 000 animaux, dont des esp\u00e8ces uniques en France comme les pandas g\u00e9ants, les koalas ou encore les rarissimes singes dor\u00e9s, qui arriveront en 2025 pour \u00e9voluer dans un espace exceptionnel. Autre \u00e9v\u00e9nement en 2025 : Beauval f\u00eate ses 45 ans ! Cet anniversaire sera c\u00e9l\u00e9br\u00e9 toute l\u2019ann\u00e9e dans le parc et sur zoobeauval.com !<br \/>\nS\u2019\u00e9tendant sur 45 hectares, Beauval vous invite \u00e0 d\u00e9couvrir des esp\u00e8ces fascinantes : pandas g\u00e9ants, lions majestueux, koalas attendrissants, les 200 esp\u00e8ces vivant dans le D\u00f4me \u00c9quatorial, la Grande Voli\u00e8re Sud-Am\u00e9ricaine et les 4 serres tropicales. Prenez aussi de la hauteur en survolant le parc \u00e0 bord du Nuage de Beauval, la t\u00e9l\u00e9cabine offrant une vue panoramique. Ouvert toute l\u2019ann\u00e9e, le parc enchante en toutes saisons : couleurs d\u2019automne, animaux actifs, pauses gourmandes. Prolongez l\u2019exp\u00e9rience en s\u00e9journant dans l\u2019un de nos h\u00f4tels situ\u00e9s \u00e0 proximit\u00e9 de Beauval : Les Jardins, Les Pagodes, Les Rivages, les Hauts de Beauval.<\/p>\n<p>E-billet 2 jours, envoy\u00e9s par mail les jours d'ouverture d'Audace ou en t\u00e9l\u00e9chargement apr\u00e8s paiement CB valid\u00e9 (choisir un billet avec un num\u00e9ro expl: adulte204)<\/p>\n<p><strong>PROMO Billets au tarif 2024\u00a0 validit\u00e9 28\/04\/26 jusqu'\u00e0 \u00e9puisement du stock<\/strong><\/p>\n<p>Billets disponibles \u00e9galement<a href=\"https:\/\/www.audace44.fr\/commande\/produit\/zoo-parc-de-beauval\/\" target=\"_blank\" rel=\"noopener\"> 1 jour en cliquant ICI<\/a><\/p>\n<p>Tarif \u00e9galement sur la r\u00e9servation d'h\u00f4tel + parc, n'h\u00e9sitez pas \u00e0 nous contacter pour un devis.<\/p>\n<p>D\u00e9couvrez le site de notre partenaire en <a href=\"https:\/\/www.zoobeauval.com\/\">cliquant ICI<\/a><\/p>\n<p>Nous restons sur les anciens tarifs tant que le stock n'est pas \u00e9puis\u00e9.<\/p>\n<p>S\u00e9jour h\u00f4tel, billets, petit d\u00e9jeuner et diner disponible sur devis.<\/p>\n<p>&nbsp;<\/p>\n","protected":false},"excerpt":{"rendered":"<p>Billets disponibles pour 2 jours<\/p>\n<p>Beauval Box s\u00e9jour 2 personnes.<\/p>\n<p>Nous contacter !<\/p>\n","protected":false},"featured_media":18265,"template":"","meta":[],"product_cat":[85,77],"product_tag":[74,124],"_links":{"self":[{"href":"https:\/\/www.audace44.fr\/commande\/wp-json\/wp\/v2\/product\/13375"}],"collection":[{"href":"https:\/\/www.audace44.fr\/commande\/wp-json\/wp\/v2\/product"}],"about":[{"href":"https:\/\/www.audace44.fr\/commande\/wp-json\/wp\/v2\/types\/product"}],"wp:featuredmedia":[{"embeddable":true,"href":"https:\/\/www.audace44.fr\/commande\/wp-json\/wp\/v2\/media\/18265"}],"wp:attachment":[{"href":"https:\/\/www.audace44.fr\/commande\/wp-json\/wp\/v2\/media?parent=13375"}],"wp:term":[{"taxonomy":"product_cat","embeddable":true,"href":"https:\/\/www.audace44.fr\/commande\/wp-json\/wp\/v2\/product_cat?post=13375"},{"taxonomy":"product_tag","embeddable":true,"href":"https:\/\/www.audace44.fr\/commande\/wp-json\/wp\/v2\/product_tag?post=13375"}],"curies":[{"name":"wp","href":"https:\/\/api.w.org\/{rel}","templated":true}]}}