{"id":13683,"date":"2024-03-04T12:23:57","date_gmt":"2024-03-04T11:23:57","guid":{"rendered":"https:\/\/www.audace44.fr\/commande\/?post_type=product&#038;p=13683"},"modified":"2026-02-25T10:51:06","modified_gmt":"2026-02-25T09:51:06","slug":"memorial-de-caen-cite-des-memoires","status":"publish","type":"product","link":"https:\/\/www.audace44.fr\/commande\/produit\/memorial-de-caen-cite-des-memoires\/","title":{"rendered":"M\u00e9morial de Caen &#8211; Cit\u00e9 des M\u00e9moires"},"content":{"rendered":"<p>M\u00e9morial de Caen - Cit\u00e9 des m\u00e9moires<\/p>\n<p><strong>Attention: Les ebillets sont envoy\u00e9s par mail uniquement aux jours et horaires d'Audace.<\/strong><\/p>\n<p><strong>Valable pour 1 Visite \u00e0 la journ\u00e9e.<\/strong><\/p>\n<p>Tarif public 2024:<\/p>\n<p>Adulte 19,80 \u20ac\u00a0 \u00a0 \u00a0 10-18 ans 17,50 \u20ac<\/p>\n<p><strong>Acc\u00e8s direct au m\u00e9morial<\/strong>, vous avez \u00e9galement la possibilit\u00e9 :<br \/>\n- D\u2019aller r\u00e9server un cr\u00e9neau de visite pour le M\u00e9morial de Caen et d\u2019ajouter des options (appli audioguide, visites guid\u00e9es famille) en se rendant sur notre billetterie en ligne (option \u00ab j\u2019ai d\u00e9j\u00e0 mon billet \u00bb).<br \/>\n- D\u2019aller \u00ab acheter \u00bb des billets gratuits pour les enfants de moins de 10 ans.<\/p>\n<p><em><strong>Une fois re\u00e7u, vous pouvez soit pr\u00e9senter votre e-billet pr\u00e9alablement enregistr\u00e9 sur votre smartphone soit imprimer votre e-billet pour acc\u00e9der au m\u00e9morial.<\/strong><\/em><\/p>\n","protected":false},"excerpt":{"rendered":"<p>M\u00e9morial de Caen &#8211; Cit\u00e9 des M\u00e9moires<\/p>\n","protected":false},"featured_media":13686,"template":"","meta":[],"product_cat":[84,92],"product_tag":[],"_links":{"self":[{"href":"https:\/\/www.audace44.fr\/commande\/wp-json\/wp\/v2\/product\/13683"}],"collection":[{"href":"https:\/\/www.audace44.fr\/commande\/wp-json\/wp\/v2\/product"}],"about":[{"href":"https:\/\/www.audace44.fr\/commande\/wp-json\/wp\/v2\/types\/product"}],"wp:featuredmedia":[{"embeddable":true,"href":"https:\/\/www.audace44.fr\/commande\/wp-json\/wp\/v2\/media\/13686"}],"wp:attachment":[{"href":"https:\/\/www.audace44.fr\/commande\/wp-json\/wp\/v2\/media?parent=13683"}],"wp:term":[{"taxonomy":"product_cat","embeddable":true,"href":"https:\/\/www.audace44.fr\/commande\/wp-json\/wp\/v2\/product_cat?post=13683"},{"taxonomy":"product_tag","embeddable":true,"href":"https:\/\/www.audace44.fr\/commande\/wp-json\/wp\/v2\/product_tag?post=13683"}],"curies":[{"name":"wp","href":"https:\/\/api.w.org\/{rel}","templated":true}]}}