{"id":13787,"date":"2024-03-22T14:40:19","date_gmt":"2024-03-22T13:40:19","guid":{"rendered":"https:\/\/www.audace44.fr\/commande\/?post_type=product&#038;p=13787"},"modified":"2025-08-22T10:46:21","modified_gmt":"2025-08-22T08:46:21","slug":"unizic-et-icm","status":"publish","type":"product","link":"https:\/\/www.audace44.fr\/commande\/produit\/unizic-et-icm\/","title":{"rendered":"UNIZIC et ICM"},"content":{"rendered":"<p>Nous devenons partenaires de l\u2019\u00e9cole de musique<strong> icm<\/strong> et de la plateforme de cours de musique en visio <strong>unizic<\/strong> !<\/p>\n<p>Vous trouverez une offre compl\u00e8te pour apprendre la musique \u00e0 tarifs r\u00e9duits, o\u00f9 que vous soyez en France :<\/p>\n<p>Choisissez parmi 25 instruments disponibles - La recherche personnalis\u00e9e d\u2019un professeur - Le suivi dans votre parcours p\u00e9dagogique<\/p>\n<p style=\"background: white;\"><span style=\"font-family: 'Arial',sans-serif; color: black; background: white;\">En plus des r\u00e9ductions, chaque \u00e9l\u00e8ve peut b\u00e9n\u00e9ficier de 50% de <a id=\"OWA6bc489bf-b463-f960-6e99-bae5300f4ceb\" href=\"https:\/\/www.icm-musique.fr\/le-blog\/actus-ecole\/le-credit-d-impot-immediat-dans-les-services-a-la-personne\/\" data-loopstyle=\"linkonly\"><span style=\"color: black; text-decoration: none; text-underline: none;\">cr\u00e9dit d'imp\u00f4t imm\u00e9diat<\/span><\/a>\u00a0pour les cours \u00e0 domicile, dans le cadre du service \u00e0 la personne.<\/span><\/p>\n<p style=\"background: white;\"><span style=\"font-family: 'Arial',sans-serif; color: black; background: white;\">Le lien pour les cours de musique \u00e0 domicile : <a href=\"http:\/\/www.icm-musique.fr\">www.icm-musique.fr<\/a><\/span><\/p>\n<p style=\"background: white;\"><span style=\"font-family: 'Arial',sans-serif; color: black; background: white;\">Le lien pour les cours de musique et de chant en visio : <a href=\"http:\/\/www.unizic.com\">www.unizic.com<\/a>\u00a0<\/span><\/p>\n<p style=\"background: white;\"><span style=\"font-family: 'Arial',sans-serif; color: black; background: white;\">N'h\u00e9sitez pas \u00e0 les contacter, ils sont tr\u00e8s sympas et r\u00e9actifs.<\/span><\/p>\n<p><strong>Avantages icm (cours \u00e0 domicile):<\/strong><\/p>\n<p>60\u20ac de r\u00e9duction par \u00e9l\u00e8ve sur ses 10 premiers cours apr\u00e8s le cours d\u2019essai (Sur le montant hors cr\u00e9dit d\u2019imp\u00f4t et sur la base d\u2019un cours de 60min)<br \/>\nAdh\u00e9sion annuelle familiale de 5\u20ac (au lieu de 72\u20ac)<br \/>\nInscription aux examens de fin d\u2019ann\u00e9e offerte (au lieu de 40\u20ac)<\/p>\n<p><strong>Avantages UNIZIC (cours en visio):<\/strong><\/p>\n<p>11\u00e8me cours offert pour 10 cours achet\u00e9s<br \/>\nInscription aux examens de fin d\u2019ann\u00e9e offerte (au lieu de 40\u20ac)<\/p>\n<p>Votre code de r\u00e9duction: <strong>ICMAUD \u00e0 indiquer dans la case code parrain\/promo<\/strong><\/p>\n<p>R\u00e9servez un cours d'essai<a href=\"https:\/\/portail.icm-musique.net\/Transverse\/coursEssaiEtape-1_v3.php?_ga=2.91059226.1834732291.1669631679-945134928.1661341652\" target=\"_blank\" rel=\"noopener\"> ICI<\/a><\/p>\n","protected":false},"excerpt":{"rendered":"<p>Cours de chant et de musique \u00e0 domicile et en visio<\/p>\n<p>Profitez des avantages Audace pour apprendre ou vous perfectionner.<\/p>\n","protected":false},"featured_media":13788,"template":"","meta":[],"product_cat":[121,83],"product_tag":[],"_links":{"self":[{"href":"https:\/\/www.audace44.fr\/commande\/wp-json\/wp\/v2\/product\/13787"}],"collection":[{"href":"https:\/\/www.audace44.fr\/commande\/wp-json\/wp\/v2\/product"}],"about":[{"href":"https:\/\/www.audace44.fr\/commande\/wp-json\/wp\/v2\/types\/product"}],"wp:featuredmedia":[{"embeddable":true,"href":"https:\/\/www.audace44.fr\/commande\/wp-json\/wp\/v2\/media\/13788"}],"wp:attachment":[{"href":"https:\/\/www.audace44.fr\/commande\/wp-json\/wp\/v2\/media?parent=13787"}],"wp:term":[{"taxonomy":"product_cat","embeddable":true,"href":"https:\/\/www.audace44.fr\/commande\/wp-json\/wp\/v2\/product_cat?post=13787"},{"taxonomy":"product_tag","embeddable":true,"href":"https:\/\/www.audace44.fr\/commande\/wp-json\/wp\/v2\/product_tag?post=13787"}],"curies":[{"name":"wp","href":"https:\/\/api.w.org\/{rel}","templated":true}]}}