{"id":13789,"date":"2024-03-22T16:18:43","date_gmt":"2024-03-22T15:18:43","guid":{"rendered":"https:\/\/www.audace44.fr\/commande\/?post_type=product&#038;p=13789"},"modified":"2025-11-24T14:52:09","modified_gmt":"2025-11-24T13:52:09","slug":"atalante-lesprit-trek","status":"publish","type":"product","link":"https:\/\/www.audace44.fr\/commande\/produit\/atalante-lesprit-trek\/","title":{"rendered":"ATALANTE"},"content":{"rendered":"<p>Atalante est le sp\u00e9cialiste du voyage \u00e0 pied en petit groupe depuis 1986. Marcher \u00e0 travers les immensit\u00e9s, dormir en bivouac, atteindre un sommet, \u00eatre accueilli chaleureusement dans un petit village isol\u00e9\u2026 Ces efforts, ces sensations et ces \u00e9motions constituent l\u2019essence-m\u00eame du voyage \u00e0 pied : c\u2019est ce qui nous attire depuis plus de 35 ans autour du monde.<\/p>\n<p><strong><em>En petit groupe<\/em><\/strong><\/p>\n<p>Anim\u00e9s et guid\u00e9s par un guide local,\u00a0<a href=\"https:\/\/www.atalante.fr\/type-voyage-en-petit-groupe\" target=\"_blank\" rel=\"noopener\">nos voyages en petit groupe<\/a>\u00a0de 8 \u00e0 15 personnes vous ram\u00e8nent \u00e0 l\u2019essence m\u00eame du tourisme d\u2019aventure. Parce que certains environnements isol\u00e9s n\u00e9cessitent d\u2019\u00eatre plusieurs pour prendre soin les uns des autres, parce que l\u2019aventure humaine passe aussi par le partage d\u2019exp\u00e9riences fortes avec des gens qui nous ressemblent, parce qu\u2019une dynamique se cr\u00e9e et nous entra\u00eene dans le d\u00e9passement de nous-m\u00eames.<\/p>\n<p><strong><em>En famille<\/em><\/strong><\/p>\n<p>\u00c9veiller la curiosit\u00e9 de vos enfants et les initier \u00e0 la culture du voyage est pour vous essentiel ? D\u00e8s 4 ans,\u00a0voyager avec d\u2019autres familles\u00a0permet de d\u00e9couvrir le monde par le jeu, l\u2019apprentissage et l\u2019exploration. Nous avons con\u00e7u nos voyages en adaptant le rythme, le niveau d'effort ainsi que les activit\u00e9s propos\u00e9es aux plus petits. Le tout sans oublier les parents, car ce ne sont pas des voyages \"enfants\" mais bel et bien \"famille\" : tout le monde y trouve son compte !<\/p>\n<p><strong><em>En libert\u00e9<\/em><\/strong><\/p>\n<p>Adaptez\u00a0nos id\u00e9es de voyages\u00a0\u00e0 vos envies et vos disponibilit\u00e9s gr\u00e2ce aux conseils de nos sp\u00e9cialistes : voyagez en toute libert\u00e9, nous nous occupons de votre logistique. En couple, en famille ou entre amis, construisons ensemble le voyage qui vous correspond totalement.<\/p>\n<p><strong><em>Voyages sur mesure<\/em><\/strong><\/p>\n<p>Dans chaque pays, nos experts destination mettent au point des\u00a0<strong>suggestions d'itin\u00e9raires personnalis\u00e9s<\/strong><strong>\u00a0<\/strong>pour que vous puissiez vous en inspirer. Ces itin\u00e9raires sont enti\u00e8rement modulables selon vos envies et votre rythme.<\/p>\n<p>*<em>Ces remises sont calcul\u00e9es hors taxes a\u00e9riennes et surcharge carburant, hors suppl\u00e9ments \u00e9ventuels (nuit.s suppl\u00e9mentaire.s, chambre individuelle, etc.). Ne s\u2019appliquent pas sur les assurances, frais de visa, frais d\u2019entr\u00e9e dans les sites, pourboire, taxe carbone, etc. Ne sont pas cumulables avec d\u2019\u00e9ventuelles r\u00e9ductions, offres promotionnelles ou remises fid\u00e9lit\u00e9\"<\/em><\/p>\n<p>R\u00e9servation et demande de devis\u00a0 en pr\u00e9sentant la carte AUDACE (n'h\u00e9sitez pas \u00e0 nous la demander !)<\/p>\n<p>- sur notre site :\u00a0<a href=\"https:\/\/www.atalante.fr\/inspiration\/votre-remise-partenaire-exclusive-39.html?utm_source=referral&amp;utm_campaign=PAR_240225_AUDACE44_Landing\" target=\"_blank\" rel=\"noopener\">ICI<\/a><\/p>\n<ul>\n<li>Demande de devis: <a href=\"https:\/\/www.atalante.fr\/demander-un-devis?utm_source=referral&amp;utm_campaign=PAR_240225_AUDACE44_Devis\" target=\"_blank\" rel=\"noopener\">ICI<\/a><\/li>\n<\/ul>\n<p>- par t\u00e9l\u00e9phone au\u00a004 81 68 55 60<\/p>\n<p>- par mail :\u00a0<a href=\"mailto:contact@atalante.fr\" target=\"_blank\" rel=\"noopener\">contact@atalante.fr<\/a><\/p>\n<p>- en agence :\u00a018 Rue S\u00e9guier, 75006 Paris et\u00a036 Quai Arloing, 69009 Lyon<\/p>\n<p>&nbsp;<\/p>\n","protected":false},"excerpt":{"rendered":"<p>Atalante est le sp\u00e9cialiste du voyage \u00e0 pied en petit groupe depuis 1986.<\/p>\n<p>B\u00e9n\u00e9ficiez de 7 % de r\u00e9duction<\/p>\n<p>Sur pr\u00e9sentation de la carte AUDACE<\/p>\n","protected":false},"featured_media":17271,"template":"","meta":[],"product_cat":[113,86,79],"product_tag":[],"_links":{"self":[{"href":"https:\/\/www.audace44.fr\/commande\/wp-json\/wp\/v2\/product\/13789"}],"collection":[{"href":"https:\/\/www.audace44.fr\/commande\/wp-json\/wp\/v2\/product"}],"about":[{"href":"https:\/\/www.audace44.fr\/commande\/wp-json\/wp\/v2\/types\/product"}],"wp:featuredmedia":[{"embeddable":true,"href":"https:\/\/www.audace44.fr\/commande\/wp-json\/wp\/v2\/media\/17271"}],"wp:attachment":[{"href":"https:\/\/www.audace44.fr\/commande\/wp-json\/wp\/v2\/media?parent=13789"}],"wp:term":[{"taxonomy":"product_cat","embeddable":true,"href":"https:\/\/www.audace44.fr\/commande\/wp-json\/wp\/v2\/product_cat?post=13789"},{"taxonomy":"product_tag","embeddable":true,"href":"https:\/\/www.audace44.fr\/commande\/wp-json\/wp\/v2\/product_tag?post=13789"}],"curies":[{"name":"wp","href":"https:\/\/api.w.org\/{rel}","templated":true}]}}