{"id":13809,"date":"2024-03-28T12:25:47","date_gmt":"2024-03-28T11:25:47","guid":{"rendered":"https:\/\/www.audace44.fr\/commande\/?post_type=product&#038;p=13809"},"modified":"2025-12-01T11:55:47","modified_gmt":"2025-12-01T10:55:47","slug":"pass-nantes-24h-48h-72h","status":"publish","type":"product","link":"https:\/\/www.audace44.fr\/commande\/produit\/pass-nantes-24h-48h-72h\/","title":{"rendered":"Pass Nantes 24h 48h 72h"},"content":{"rendered":"<p><strong>\u00a0Visitez Nantes en toute libert\u00e9 !<\/strong><\/p>\n<ul>\n<li>Transports en commun (bus, tramway, navibus), navette a\u00e9roport et TER de Nantes \u00e0 Clisson,<\/li>\n<li>Mus\u00e9es et sites incontournables : Ch\u00e2teau des ducs de Bretagne, Galerie des Machines de l'\u00eele et Carrousel des Mondes Marins, Mus\u00e9e d'arts, ...<\/li>\n<li>Visites et circuits : visites guid\u00e9es du Voyage \u00e0 Nantes, Petit Train, parcours audioguid\u00e9s,<\/li>\n<li>Croisi\u00e8res sur l'Erdre ou sur la Loire,<\/li>\n<li>Location de v\u00e9lo ou kayak,<\/li>\n<li>Moments conviviaux et d\u00e9gustations...<\/li>\n<\/ul>\n<p><strong>Pass 24H :<\/strong>Tarif plein : 25\u20ac TTC (au lieu de 29\u20ac) Tarif r\u00e9duit : 16\u20ac TTC (au lieu de 18\u20ac) Famille (2 adultes + 2 enfants) : 74\u20ac TTC (au lieu de 76\u20ac)<\/p>\n<p><strong>Pass 48H:\u00a0<\/strong>Tarif plein : 34\u20ac TTC (au lieu de 39\u20ac) Tarif r\u00e9duit : 23\u20ac TTC (au lieu de 25\u20ac) Famille (2 adultes + 2 enfants) : 101\u20ac TTC (au lieu de 103\u20ac)<\/p>\n<p><strong>Pass 72H: <\/strong>Tarif plein : 40\u20ac TTC (au lieu de 47\u20ac) Tarif r\u00e9duit : 28\u20ac TTC (au lieu de 30\u20ac) Famille (2 adultes + 2 enfants) : 121\u20ac TTC (au lieu de 124\u20ac)<\/p>\n<p>Tarif r\u00e9duit 4-17 ans<\/p>\n<p><span class=\"description\"><strong>Envoi des Pass Nantes<\/strong>\u00a0:\u00a0 par email au format d\u00e9mat\u00e9rialis\u00e9 (pdf) dans un d\u00e9lai de 24h (jours ouvr\u00e9s).<br \/>\n<\/span><span class=\"description\"><strong>Validit\u00e9 d'1 an apr\u00e8s achat. Offre r\u00e9serv\u00e9e aux visiteurs individuels<\/strong><\/span><\/p>\n","protected":false},"excerpt":{"rendered":"<p>Pass Nantes 24h, 48h ou 72 h<\/p>\n<p>Transports, mus\u00e9es, croisi\u00e8res et machines de l&#8217;\u00eele<\/p>\n","protected":false},"featured_media":13810,"template":"","meta":[],"product_cat":[121,83,84,92,93],"product_tag":[],"_links":{"self":[{"href":"https:\/\/www.audace44.fr\/commande\/wp-json\/wp\/v2\/product\/13809"}],"collection":[{"href":"https:\/\/www.audace44.fr\/commande\/wp-json\/wp\/v2\/product"}],"about":[{"href":"https:\/\/www.audace44.fr\/commande\/wp-json\/wp\/v2\/types\/product"}],"wp:featuredmedia":[{"embeddable":true,"href":"https:\/\/www.audace44.fr\/commande\/wp-json\/wp\/v2\/media\/13810"}],"wp:attachment":[{"href":"https:\/\/www.audace44.fr\/commande\/wp-json\/wp\/v2\/media?parent=13809"}],"wp:term":[{"taxonomy":"product_cat","embeddable":true,"href":"https:\/\/www.audace44.fr\/commande\/wp-json\/wp\/v2\/product_cat?post=13809"},{"taxonomy":"product_tag","embeddable":true,"href":"https:\/\/www.audace44.fr\/commande\/wp-json\/wp\/v2\/product_tag?post=13809"}],"curies":[{"name":"wp","href":"https:\/\/api.w.org\/{rel}","templated":true}]}}