{"id":13848,"date":"2024-04-02T15:23:14","date_gmt":"2024-04-02T13:23:14","guid":{"rendered":"https:\/\/www.audace44.fr\/commande\/?post_type=product&#038;p=13848"},"modified":"2026-04-27T15:52:05","modified_gmt":"2026-04-27T13:52:05","slug":"mes-vacances-en-famille","status":"publish","type":"product","link":"https:\/\/www.audace44.fr\/commande\/produit\/mes-vacances-en-famille\/","title":{"rendered":"Mes Vacances En Famille"},"content":{"rendered":"<p>Nouveau partenaire vacances sp\u00e9cialis\u00e9 sur la Corse.<\/p>\n<p>\u00a4\u00a4\u00a4\u00a4\u00a4\u00a4\u00a4\u00a4\u00a4\u00a4\u00a4\u00a4\u00a4\u00a4\u00a4\u00a4\u00a4\u00a4\u00a4\u00a4\u00a4\u00a4\u00a4\u00a4\u00a4\u00a4<\/p>\n<p>\u00a4\u00a4\u00a4\u00a4\u00a4\u00a4\u00a4\u00a4\u00a4\u00a4\u00a4\u00a4\u00a4\u00a4\u00a4\u00a4\u00a4\u00a4\u00a4\u00a4\u00a4\u00a4\u00a4\u00a4\u00a4\u00a4<\/p>\n<p>- UNE REMISE UNIQUE DE 10% cumulable avec les offres promotionnelles<\/p>\n<p>- une politique de 0 \u20ac DE FRAIS DE DOSSIER<\/p>\n<p>- une r\u00e9ponse sous 24h<\/p>\n<p>- un paiement en ligne s\u00e9curis\u00e9<\/p>\n<p>Nous avons choisi une s\u00e9lection de nos meilleures destinations, disponibles pour cet \u00e9t\u00e9 et sur notre site internet <a href=\"http:\/\/www.mesvacancesenfamille.com\" target=\"_blank\" rel=\"noopener\">www.mesvacancesenfamille.com<\/a><\/p>\n<p>&nbsp;<\/p>\n","protected":false},"excerpt":{"rendered":"<p>Mes vacances en famille<\/p>\n<p>Sp\u00e9cialis\u00e9 dans l&#8217;h\u00e9bergement en Corse<\/p>\n<p>&#8211; 10%<\/p>\n","protected":false},"featured_media":13849,"template":"","meta":[],"product_cat":[111,117,86,79],"product_tag":[],"_links":{"self":[{"href":"https:\/\/www.audace44.fr\/commande\/wp-json\/wp\/v2\/product\/13848"}],"collection":[{"href":"https:\/\/www.audace44.fr\/commande\/wp-json\/wp\/v2\/product"}],"about":[{"href":"https:\/\/www.audace44.fr\/commande\/wp-json\/wp\/v2\/types\/product"}],"wp:featuredmedia":[{"embeddable":true,"href":"https:\/\/www.audace44.fr\/commande\/wp-json\/wp\/v2\/media\/13849"}],"wp:attachment":[{"href":"https:\/\/www.audace44.fr\/commande\/wp-json\/wp\/v2\/media?parent=13848"}],"wp:term":[{"taxonomy":"product_cat","embeddable":true,"href":"https:\/\/www.audace44.fr\/commande\/wp-json\/wp\/v2\/product_cat?post=13848"},{"taxonomy":"product_tag","embeddable":true,"href":"https:\/\/www.audace44.fr\/commande\/wp-json\/wp\/v2\/product_tag?post=13848"}],"curies":[{"name":"wp","href":"https:\/\/api.w.org\/{rel}","templated":true}]}}