{"id":14262,"date":"2024-05-28T11:25:31","date_gmt":"2024-05-28T09:25:31","guid":{"rendered":"https:\/\/www.audace44.fr\/commande\/?post_type=product&#038;p=14262"},"modified":"2025-01-31T15:12:50","modified_gmt":"2025-01-31T14:12:50","slug":"bieres-le-deux-beliers","status":"publish","type":"product","link":"https:\/\/www.audace44.fr\/commande\/produit\/bieres-le-deux-beliers\/","title":{"rendered":"Bi\u00e8res Deux B\u00e9liers"},"content":{"rendered":"<div class=\"elementor-element elementor-element-1eb6f62 elementor-widget elementor-widget-text-editor\" data-id=\"1eb6f62\" data-element_type=\"widget\" data-widget_type=\"text-editor.default\">\n<div class=\"elementor-widget-container\">\n<p><b>Deux B\u00e9liers\u00a0<\/b>a pour objectif de proposer aux consommateurs de bi\u00e8res artisanales sa vision\u00a0<b>gastronomique<\/b>\u00a0de la bi\u00e8re.<\/p>\n<p>Cet univers\u00a0<b>qualitatif<\/b>, s\u2019articule autour d\u2019une gamme de produits et services de qualit\u00e9<\/p>\n<\/div>\n<\/div>\n<section class=\"elementor-section elementor-inner-section elementor-element elementor-element-351df0c elementor-section-boxed elementor-section-height-default elementor-section-height-default\" data-id=\"351df0c\" data-element_type=\"section\">\n<div class=\"elementor-container elementor-column-gap-default\">\n<div class=\"elementor-column elementor-col-100 elementor-inner-column elementor-element elementor-element-1182543\" data-id=\"1182543\" data-element_type=\"column\">\n<div class=\"elementor-widget-wrap elementor-element-populated\">\n<div class=\"elementor-element elementor-element-25140c9 elementor-widget elementor-widget-text-editor\" data-id=\"25140c9\" data-element_type=\"widget\" data-widget_type=\"text-editor.default\">\n<div class=\"elementor-widget-container\">\n<ul>\n<li><b>Une gamme de bi\u00e8res artisanales \u00e0 fermentation haute\u00a0<\/b>offrant des qualit\u00e9s gustatives \u00e9prouv\u00e9es malgr\u00e9 un titrage en alcool qui se veut mod\u00e9r\u00e9. Parmi les bi\u00e8res propos\u00e9es on retrouve : une\u00a0<b>Blanche\u00a0<\/b>l\u00e9g\u00e8re et \u00e9pic\u00e9e, une\u00a0<b>Blond Ale<\/b>, une\u00a0<b>Porter\u00a0<\/b>au bon gout de malts l\u00e9g\u00e8rement torr\u00e9fi\u00e9s, une\u00a0<b>IPA\u00a0<\/b>pr\u00e9sentant des flaveurs florales sans amertume excessive et d\u2019autres bi\u00e8res \u00e0 d\u00e9couvrir sur le site.<\/li>\n<li>Notre\u00a0<b>approche gastronomique\u00a0<\/b>de la bi\u00e8re s\u2019appuie en amont sur un travail de formation cons\u00e9quent (Sommelier bi\u00e8re, Zythologie, formation de Brasseur).<\/li>\n<\/ul>\n<p>D\u00e9couvrez les 9 bi\u00e8res sur le site: <a href=\"https:\/\/deuxbeliers.fr\/\" target=\"_blank\" rel=\"noopener\">ICI<\/a><\/p>\n<p><strong>Vente group\u00e9e jusqu'au 20 f\u00e9vrier 2025 \u00e0 prix Audace avec 15 % de remise et une livraison chez Audace.<\/strong><\/p>\n<p>Coffrets et ou bi\u00e8res de 33cl ou 75 cl \u00e0 l'unit\u00e9.<\/p>\n<p>Nous consulter pour les coffrets et tireuses (20 L)<\/p>\n<\/div>\n<\/div>\n<\/div>\n<\/div>\n<\/div>\n<\/section>\n","protected":false},"excerpt":{"rendered":"<p>Vente de bi\u00e8re gastronomique<\/p>\n<p>15 % de remise en vente group\u00e9e<\/p>\n","protected":false},"featured_media":14344,"template":"","meta":[],"product_cat":[121,83],"product_tag":[],"_links":{"self":[{"href":"https:\/\/www.audace44.fr\/commande\/wp-json\/wp\/v2\/product\/14262"}],"collection":[{"href":"https:\/\/www.audace44.fr\/commande\/wp-json\/wp\/v2\/product"}],"about":[{"href":"https:\/\/www.audace44.fr\/commande\/wp-json\/wp\/v2\/types\/product"}],"wp:featuredmedia":[{"embeddable":true,"href":"https:\/\/www.audace44.fr\/commande\/wp-json\/wp\/v2\/media\/14344"}],"wp:attachment":[{"href":"https:\/\/www.audace44.fr\/commande\/wp-json\/wp\/v2\/media?parent=14262"}],"wp:term":[{"taxonomy":"product_cat","embeddable":true,"href":"https:\/\/www.audace44.fr\/commande\/wp-json\/wp\/v2\/product_cat?post=14262"},{"taxonomy":"product_tag","embeddable":true,"href":"https:\/\/www.audace44.fr\/commande\/wp-json\/wp\/v2\/product_tag?post=14262"}],"curies":[{"name":"wp","href":"https:\/\/api.w.org\/{rel}","templated":true}]}}