{"id":14295,"date":"2024-05-28T12:58:52","date_gmt":"2024-05-28T10:58:52","guid":{"rendered":"https:\/\/www.audace44.fr\/commande\/?post_type=product&#038;p=14295"},"modified":"2026-04-23T17:29:13","modified_gmt":"2026-04-23T15:29:13","slug":"aqua-jet-pornichet","status":"publish","type":"product","link":"https:\/\/www.audace44.fr\/commande\/produit\/aqua-jet-pornichet\/","title":{"rendered":"Aqua Jet Pornichet"},"content":{"rendered":"<p>Aqua Jet Pornichet vous propose\u00a0de nombreuses activit\u00e9s telles que le Jet-ski AVEC ou SANS permis (encadr\u00e9 par un moniteur dipl\u00f4m\u00e9 d\u2019Etat), la Bou\u00e9e tract\u00e9e, le Flyboard, la Location de bateaux, et d\u2019autres activit\u00e9s.<\/p>\n<p>Toutes les occasions sont bonnes pour une sortie entre amis ou en famille, un enterrement de vie de jeune fille ou de gar\u00e7on, un anniversaire ou un s\u00e9minaire d\u2019entreprise !<\/p>\n<p><strong>Alors n\u2019h\u00e9sitez plus, et venez vivre d\u2019incroyables sensations\u00a0!<\/strong><\/p>\n<p>Des boissons ainsi qu\u2019une possibilit\u00e9 de restauration rapide sont \u00e0 votre disposition sur place avec une vue imprenable sur la baie de La Baule ou sur le Port de Plaisance.<\/p>\n<p><strong>Le tarif Jet ski inclus le passager sans suppl\u00e9ment, contrairement au tarif public.<\/strong><\/p>\n<p>B\u00e9n\u00e9ficiez de prix r\u00e9duits jusqu'\u00e0 15 % et de 10% de remise sur les locations de bateaux.<\/p>\n<p>Toutes les activit\u00e9s et informations <a href=\"https:\/\/www.aquajet-pornichet.com\/\" target=\"_blank\" rel=\"noopener\">ICI<\/a><\/p>\n<p>Suite \u00e0 votre achat un bon d'\u00e9change vous sera envoy\u00e9 par mail sous 48h (jours d'ouverture d'Audace).<\/p>\n","protected":false},"excerpt":{"rendered":"<p>Aqua Jet Pornichet<\/p>\n<p>Jet-ski AVEC ou SANS permis (encadr\u00e9 par un moniteur dipl\u00f4m\u00e9 d\u2019Etat), Bou\u00e9e tract\u00e9e, Flyboard et la Location de bateaux.<\/p>\n<p>10 % de remise<\/p>\n","protected":false},"featured_media":14296,"template":"","meta":[],"product_cat":[121,83,81,71],"product_tag":[],"_links":{"self":[{"href":"https:\/\/www.audace44.fr\/commande\/wp-json\/wp\/v2\/product\/14295"}],"collection":[{"href":"https:\/\/www.audace44.fr\/commande\/wp-json\/wp\/v2\/product"}],"about":[{"href":"https:\/\/www.audace44.fr\/commande\/wp-json\/wp\/v2\/types\/product"}],"wp:featuredmedia":[{"embeddable":true,"href":"https:\/\/www.audace44.fr\/commande\/wp-json\/wp\/v2\/media\/14296"}],"wp:attachment":[{"href":"https:\/\/www.audace44.fr\/commande\/wp-json\/wp\/v2\/media?parent=14295"}],"wp:term":[{"taxonomy":"product_cat","embeddable":true,"href":"https:\/\/www.audace44.fr\/commande\/wp-json\/wp\/v2\/product_cat?post=14295"},{"taxonomy":"product_tag","embeddable":true,"href":"https:\/\/www.audace44.fr\/commande\/wp-json\/wp\/v2\/product_tag?post=14295"}],"curies":[{"name":"wp","href":"https:\/\/api.w.org\/{rel}","templated":true}]}}