{"id":14310,"date":"2024-05-29T11:37:14","date_gmt":"2024-05-29T09:37:14","guid":{"rendered":"https:\/\/www.audace44.fr\/commande\/?post_type=product&#038;p=14310"},"modified":"2024-06-18T15:29:58","modified_gmt":"2024-06-18T13:29:58","slug":"krog-e-barz","status":"publish","type":"product","link":"https:\/\/www.audace44.fr\/commande\/produit\/krog-e-barz\/","title":{"rendered":"Krog E Barz"},"content":{"rendered":"<p>B\u00e9n\u00e9ficiez de<strong> - 5% de remise<\/strong> sur les balades en mer, sur pr\u00e9sentation de la carte Audace (demandez-la nous).<\/p>\n<p>Qui n\u2019a jamais r\u00eav\u00e9 d\u2019une promenade en mer sur un voilier traditionnel\u00a0?<\/p>\n<h3 class=\"Titre_H3\">Une promenade en mer inoubliable \u00e0 deux, en famille, entre coll\u00e8gues\u2026<\/h3>\n<p>Le\u00a0<a title=\"D\u00e9couvrir le bateau Krog E Barz\" href=\"https:\/\/www.krog-e-barz.com\/le-bateau-krog-e-barz.php\">Krog E Barz<\/a>, le\u00a0<a title=\"D\u00e9couvrir le bateau Unity of Lynn\" href=\"https:\/\/www.krog-e-barz.com\/le-bateau-unity-of-lynn.php\">Unity of Lynn<\/a>\u00a0et leur \u00e9quipage vous attendent \u00e0 Port Navalo, petit port traditionnel de la Presqu\u2019ile de Rhuys \u00e0 Arzon, et vous emm\u00e8nent au large. Baie de Quiberon, rivi\u00e8re d\u2019Auray, \u00eeles de Houat et Ho\u00ebdic, Belle \u00cele en Mer\u2026 vous d\u00e9couvrirez le Golfe du Morbihan et la Bretagne sous un angle nouveau.<\/p>\n<p>Un d\u00e9cor exceptionnel, que vous go\u00fbterez le temps d\u2019une\u00a0<strong class=\"mise_en_avant_1\">balade touristique<\/strong>, d\u2019une\u00a0<strong class=\"mise_en_avant_1\">aventure corporate<\/strong>\u00a0ou d\u2019un\u00a0<strong class=\"mise_en_avant_1\">moment romantique<\/strong>.<\/p>\n<p>Vous pourrez \u00e0 loisir profiter de l\u2019excursion nautique dans le Golfe ou participer aux man\u0153uvres du voilier sur les conseils avis\u00e9s du capitaine et de son matelot.<\/p>\n<p>A la journ\u00e9e, \u00e0 la demi-journ\u00e9e ou en soir\u00e9e : une promenade en mer \u00e0 bord du Krog E Barz ou du Unity of Lynn vous offre un spectacle inoubliable et une exp\u00e9rience unique !<\/p>\n<p>Les deux bateaux sur lesquels nous naviguons sont labellis\u00e9s BIP (Bateau d\u2019Int\u00e9r\u00eat Patrimonial). Le Krog E Barz et le Unity of Lynn, anciens bateaux de p\u00eache devenus voiliers de plaisance, vous embarquent pour une croisi\u00e8re \u00e0 la journ\u00e9e ou une sortie \u00e0 la demi-journ\u00e9e, afin de d\u00e9couvrir le Golfe du Morbihan cheveux au vent !<\/p>\n<p>Tous les d\u00e9tails <a href=\"https:\/\/www.krog-e-barz.com\/\" target=\"_blank\" rel=\"noopener\">sur les balades ICI !<\/a><\/p>\n<p>R\u00e9servation par t\u00e9l\u00e9phone: 06 47 35 73 84<\/p>\n","protected":false},"excerpt":{"rendered":"<p class=\"Titre_H3\">Promenades en mer inoubliables \u00e0 deux, en famille, entre coll\u00e8gues\u2026<\/p>\n<p>5 % de remise<\/p>\n<p>Morbihan<\/p>\n","protected":false},"featured_media":14311,"template":"","meta":[],"product_cat":[92,86,96],"product_tag":[],"_links":{"self":[{"href":"https:\/\/www.audace44.fr\/commande\/wp-json\/wp\/v2\/product\/14310"}],"collection":[{"href":"https:\/\/www.audace44.fr\/commande\/wp-json\/wp\/v2\/product"}],"about":[{"href":"https:\/\/www.audace44.fr\/commande\/wp-json\/wp\/v2\/types\/product"}],"wp:featuredmedia":[{"embeddable":true,"href":"https:\/\/www.audace44.fr\/commande\/wp-json\/wp\/v2\/media\/14311"}],"wp:attachment":[{"href":"https:\/\/www.audace44.fr\/commande\/wp-json\/wp\/v2\/media?parent=14310"}],"wp:term":[{"taxonomy":"product_cat","embeddable":true,"href":"https:\/\/www.audace44.fr\/commande\/wp-json\/wp\/v2\/product_cat?post=14310"},{"taxonomy":"product_tag","embeddable":true,"href":"https:\/\/www.audace44.fr\/commande\/wp-json\/wp\/v2\/product_tag?post=14310"}],"curies":[{"name":"wp","href":"https:\/\/api.w.org\/{rel}","templated":true}]}}