{"id":14314,"date":"2024-05-29T13:09:17","date_gmt":"2024-05-29T11:09:17","guid":{"rendered":"https:\/\/www.audace44.fr\/commande\/?post_type=product&#038;p=14314"},"modified":"2026-01-15T10:56:51","modified_gmt":"2026-01-15T09:56:51","slug":"pop-corn-labyrinthe-national","status":"publish","type":"product","link":"https:\/\/www.audace44.fr\/commande\/produit\/pop-corn-labyrinthe-national\/","title":{"rendered":"POP CORN Labyrinthe national"},"content":{"rendered":"<p>Ebillet valable dans tous les 40 Pop Corn labyrinthe de France ( Amiens, Angers, Bordeaux, Brest, Caen, Lille, Lyon, Carquefou, Rennes, Rouen, Strasbourg, Toulouse ou Tours.)<\/p>\n<p>Tarif unique de 8 \u20ac pour un ebillet non dat\u00e9.<\/p>\n<p>Ebillet envoy\u00e9 par mail les jours d'ouverture d'Audace ou ebillet t\u00e9l\u00e9chargeable envoy\u00e9 apr\u00e8s paiement CB (choisir un billet avec un num\u00e9ro).<\/p>\n<p>Gratuit pour les - 1 m\u00e8tre.<\/p>\n<p>valable pour le parcours jeux de piste ou jeux en bois (sauf nocturne ou nocturne \u00e0 th\u00e8me).<\/p>\n<p>Validit\u00e9 03\/06\/2027<\/p>\n<p>&nbsp;<\/p>\n","protected":false},"excerpt":{"rendered":"<p>Pop Corn Labyrinthe<\/p>\n<p>Ebillet valable dans toute la France<\/p>\n<p>8 \u20ac tarif unique non dat\u00e9<\/p>\n","protected":false},"featured_media":14315,"template":"","meta":[],"product_cat":[92,71,82,88,85,91],"product_tag":[74,124],"_links":{"self":[{"href":"https:\/\/www.audace44.fr\/commande\/wp-json\/wp\/v2\/product\/14314"}],"collection":[{"href":"https:\/\/www.audace44.fr\/commande\/wp-json\/wp\/v2\/product"}],"about":[{"href":"https:\/\/www.audace44.fr\/commande\/wp-json\/wp\/v2\/types\/product"}],"wp:featuredmedia":[{"embeddable":true,"href":"https:\/\/www.audace44.fr\/commande\/wp-json\/wp\/v2\/media\/14315"}],"wp:attachment":[{"href":"https:\/\/www.audace44.fr\/commande\/wp-json\/wp\/v2\/media?parent=14314"}],"wp:term":[{"taxonomy":"product_cat","embeddable":true,"href":"https:\/\/www.audace44.fr\/commande\/wp-json\/wp\/v2\/product_cat?post=14314"},{"taxonomy":"product_tag","embeddable":true,"href":"https:\/\/www.audace44.fr\/commande\/wp-json\/wp\/v2\/product_tag?post=14314"}],"curies":[{"name":"wp","href":"https:\/\/api.w.org\/{rel}","templated":true}]}}