{"id":14469,"date":"2025-10-17T15:08:45","date_gmt":"2025-10-17T13:08:45","guid":{"rendered":"https:\/\/www.audace44.fr\/commande\/?post_type=product&#038;p=14469"},"modified":"2025-11-06T15:59:35","modified_gmt":"2025-11-06T14:59:35","slug":"vanille-lina","status":"publish","type":"product","link":"https:\/\/www.audace44.fr\/commande\/produit\/vanille-lina\/","title":{"rendered":"Vanille Lina"},"content":{"rendered":"<div class=\"et_pb_module et_pb_text et_pb_text_1 et_pb_text_align_left et_pb_bg_layout_light\">\n<div class=\"et_pb_text_inner\">\n<p lang=\"fr-FR\" style=\"text-align: left;\" align=\"CENTER\"><strong>L\u2019authentique gousse de vanille de Madagascar - 20%<\/strong><\/p>\n<p lang=\"fr-FR\" style=\"text-align: left;\" align=\"CENTER\"><strong>Vente group\u00e9e jusqu'au 24\/11\/25<\/strong><\/p>\n<\/div>\n<\/div>\n<div class=\"et_pb_module et_pb_text et_pb_text_2 et_pb_text_align_left et_pb_bg_layout_light\">\n<div class=\"et_pb_text_inner\">\n<p lang=\"fr-FR\" style=\"text-align: left;\">Eric, originaire de Madagascar, domicili\u00e9 \u00e0 Bordeaux, et ancien chef de cuisine, vous s\u00e9lectionne les meilleures gousses de vanille que sa famille, productrice et exportatrice de vanille \u00e0 Madagascar lui fournit. D\u00e9couvrez sa s\u00e9lection exclusive de vanille, pour sublimer vos cr\u00e9ations culinaires.<\/p>\n<p lang=\"fr-FR\">Notre Vanille bourbon de qualit\u00e9 gourmet saura vous faire voyager. Vous pouvez vous fournir en gousses de vanille longues de plus de 16cm.<\/p>\n<p lang=\"fr-FR\">Elle est de qualit\u00e9 sup\u00e9rieure pour une cuisine douce et savoureuse.\u00a0La Vanille de Madagascar est une orchid\u00e9e grimpante qu\u2019il faut polliniser manuellement.<\/p>\n<p lang=\"fr-FR\">D\u00e9couvez toute l'offre sur:\u00a0 <a href=\"https:\/\/vanillelina.fr\/\" target=\"_blank\" rel=\"noopener\">https:\/\/vanillelina.fr\/<\/a><\/p>\n<p lang=\"fr-FR\">Deux solutions de commande:<\/p>\n<ul>\n<li lang=\"fr-FR\">Pendant la vente group\u00e9e, commandez directement sur cette page (uniquement en sachet de 10 afin de grouper les commandes et de diminuer les frais de port).<\/li>\n<li>En dehors des ventes group\u00e9es directement sur le site de vanille Lina Code Promo CSE20<\/li>\n<\/ul>\n<\/div>\n<\/div>\n","protected":false},"excerpt":{"rendered":"<p><strong>L\u2019authentique gousse de vanille de Madagascar &#8211; 20%<\/strong><\/p>\n","protected":false},"featured_media":14470,"template":"","meta":[],"product_cat":[121,83],"product_tag":[],"_links":{"self":[{"href":"https:\/\/www.audace44.fr\/commande\/wp-json\/wp\/v2\/product\/14469"}],"collection":[{"href":"https:\/\/www.audace44.fr\/commande\/wp-json\/wp\/v2\/product"}],"about":[{"href":"https:\/\/www.audace44.fr\/commande\/wp-json\/wp\/v2\/types\/product"}],"wp:featuredmedia":[{"embeddable":true,"href":"https:\/\/www.audace44.fr\/commande\/wp-json\/wp\/v2\/media\/14470"}],"wp:attachment":[{"href":"https:\/\/www.audace44.fr\/commande\/wp-json\/wp\/v2\/media?parent=14469"}],"wp:term":[{"taxonomy":"product_cat","embeddable":true,"href":"https:\/\/www.audace44.fr\/commande\/wp-json\/wp\/v2\/product_cat?post=14469"},{"taxonomy":"product_tag","embeddable":true,"href":"https:\/\/www.audace44.fr\/commande\/wp-json\/wp\/v2\/product_tag?post=14469"}],"curies":[{"name":"wp","href":"https:\/\/api.w.org\/{rel}","templated":true}]}}