{"id":14473,"date":"2024-06-18T10:45:22","date_gmt":"2024-06-18T08:45:22","guid":{"rendered":"https:\/\/www.audace44.fr\/commande\/?post_type=product&#038;p=14473"},"modified":"2026-01-15T10:56:55","modified_gmt":"2026-01-15T09:56:55","slug":"tropical-parc","status":"publish","type":"product","link":"https:\/\/www.audace44.fr\/commande\/produit\/tropical-parc\/","title":{"rendered":"Tropical Parc"},"content":{"rendered":"<p>Parc de loisirs situ\u00e9 entre Rennes, Vannes et Nantes, Tropical Parc vous invite \u00e0 d\u00e9couvrir ses plantes et jardins tropicaux,\u00a0<u><a href=\"https:\/\/www.tropical-parc.com\/167-le-parc\/170-les-animaux.html\" target=\"_blank\" rel=\"noopener\">ses animaux sauvages et exotiques<\/a><\/u>,\u00a0<u><a href=\"https:\/\/www.tropical-parc.com\/167-le-parc\/168-les-jardins-du-monde\/296-le-jardin-du-jurassique.html\" target=\"_blank\" rel=\"noopener\">son parc \u00e0 dinosaures<\/a><\/u>, ses perroquets et\u00a0<u><a href=\"https:\/\/www.tropical-parc.com\/167-le-parc\/170-les-animaux\/18945-les-spectacles.html\" target=\"_blank\" rel=\"noopener\">son spectacle \u00e9tonnant<\/a><\/u>\u2026<\/p>\n<p>Ouverture le 05 avril 2025<\/p>\n<p>Vivez une aventure unique en famille au c\u0153ur d\u2019un parc aux multiples facettes, r\u00e9parti sur 4,5 hectares et 1000 m\u00b2 de serres et galeries climatis\u00e9es.<\/p>\n<p>Billets papier uniquement, pr\u00e9voir le d\u00e9lai d'envoi.<\/p>\n<p>Valables deux saisons<\/p>\n<p>D\u00e9couvrez le parc<a href=\"https:\/\/www.tropical-parc.com\/\" target=\"_blank\" rel=\"noopener\"> ICI<\/a><\/p>\n","protected":false},"excerpt":{"rendered":"<p>Tropical parc<\/p>\n<p>Entre Rennes, Vannes et Nantes<\/p>\n","protected":false},"featured_media":14476,"template":"","meta":[],"product_cat":[82,87,88,85,91],"product_tag":[73],"_links":{"self":[{"href":"https:\/\/www.audace44.fr\/commande\/wp-json\/wp\/v2\/product\/14473"}],"collection":[{"href":"https:\/\/www.audace44.fr\/commande\/wp-json\/wp\/v2\/product"}],"about":[{"href":"https:\/\/www.audace44.fr\/commande\/wp-json\/wp\/v2\/types\/product"}],"wp:featuredmedia":[{"embeddable":true,"href":"https:\/\/www.audace44.fr\/commande\/wp-json\/wp\/v2\/media\/14476"}],"wp:attachment":[{"href":"https:\/\/www.audace44.fr\/commande\/wp-json\/wp\/v2\/media?parent=14473"}],"wp:term":[{"taxonomy":"product_cat","embeddable":true,"href":"https:\/\/www.audace44.fr\/commande\/wp-json\/wp\/v2\/product_cat?post=14473"},{"taxonomy":"product_tag","embeddable":true,"href":"https:\/\/www.audace44.fr\/commande\/wp-json\/wp\/v2\/product_tag?post=14473"}],"curies":[{"name":"wp","href":"https:\/\/api.w.org\/{rel}","templated":true}]}}