{"id":14575,"date":"2024-06-25T12:14:59","date_gmt":"2024-06-25T10:14:59","guid":{"rendered":"https:\/\/www.audace44.fr\/commande\/?post_type=product&#038;p=14575"},"modified":"2026-01-19T15:43:58","modified_gmt":"2026-01-19T14:43:58","slug":"terre-destuaire","status":"publish","type":"product","link":"https:\/\/www.audace44.fr\/commande\/produit\/terre-destuaire\/","title":{"rendered":"Terre d&#8217;Estuaire"},"content":{"rendered":"<p>La Loire de tous les sens !<\/p>\n<p>Profitez d'une r\u00e9duction \u00e0 l'entr\u00e9e avec la carte Audace (t\u00e9l\u00e9chargeable dans votre espace adh\u00e9rent)<\/p>\n<p><strong>Du 07\/02 au 19\/06 et du 28\/09 au 01\/11\/26\u00a0<\/strong> Adulte 9.50 \u20ac au lieu de 11 \u20ac\u00a0 \u00a0 5-12 ans 6 \u20ac au lieu de 7.50 \u20ac\u00a0 \u00a0 \u00a0tarif r\u00e9duit (\u00e9tudiants, handicap, demandeurs d'emploi...) 7.50 \u20ac au lieu de 9 \u20ac<\/p>\n<p>Pass famille (2 adultes+ 2 enfants) 28,50 \u20ac au lieu de 30 \u20ac<\/p>\n<p><strong>Du 20\/06 au 27\/09\/26\u00a0<\/strong> Adulte 12 \u20ac au lieu de 13.50 \u20ac\u00a0 \u00a0 5-12 ans 8.50 \u20ac au lieu de 10 \u20ac\u00a0 \u00a0 \u00a0tarif r\u00e9duit (\u00e9tudiants, handicap, demandeurs d'emploi...) 10 \u20ac au lieu de 11.50 \u20ac<\/p>\n<p>Gratuit pour le - 5 ans<\/p>\n<p>Terre d\u2019Estuaire, une offre culturelle et de loisirs \u00e0\u00a0<strong>mi-chemin entre Nantes et Saint-Nazaire<\/strong>.<\/p>\n<p>C\u2019est dans le d\u00e9cor pittoresque du petit port de Cordemais que Terre d\u2019Estuaire et son centre se sont blottis. Une belle escale sur la Loire pour partir \u00e0 la d\u00e9couverte de son estuaire et multiplier les<strong>\u00a0exp\u00e9riences \u00e0 vivre en famille, en duo ou en groupes<\/strong>.<\/p>\n<p>Terre d\u2019Estuaire, c\u2019est aussi un lieu vivant et dynamique avec de nombreuses animations et \u00e9v\u00e9nements ! Nous vous donnons RDV le\u00a0<strong>mercredi 3 juillet pour notre march\u00e9 artisanal\u00a0<\/strong>et le\u00a0<strong>dimanche 14 juillet pour la journ\u00e9e \u00ab\u00a0Un air de f\u00eate\u00a0\u00bb !<\/strong><\/p>\n<p>d\u00e9couvrez toutes les <a href=\"https:\/\/www.terredestuaire.com\/\" target=\"_blank\" rel=\"noopener\">activit\u00e9s ICI<\/a><\/p>\n","protected":false},"excerpt":{"rendered":"<p>Terre d\u2019Estuaire, une offre culturelle et de loisirs \u00e0\u00a0<strong>mi-chemin entre Nantes et Saint-Nazaire<\/strong>.<\/p>\n<p>R\u00e9duction avec la carte Audace<\/p>\n","protected":false},"featured_media":14576,"template":"","meta":[],"product_cat":[84,92,93],"product_tag":[],"_links":{"self":[{"href":"https:\/\/www.audace44.fr\/commande\/wp-json\/wp\/v2\/product\/14575"}],"collection":[{"href":"https:\/\/www.audace44.fr\/commande\/wp-json\/wp\/v2\/product"}],"about":[{"href":"https:\/\/www.audace44.fr\/commande\/wp-json\/wp\/v2\/types\/product"}],"wp:featuredmedia":[{"embeddable":true,"href":"https:\/\/www.audace44.fr\/commande\/wp-json\/wp\/v2\/media\/14576"}],"wp:attachment":[{"href":"https:\/\/www.audace44.fr\/commande\/wp-json\/wp\/v2\/media?parent=14575"}],"wp:term":[{"taxonomy":"product_cat","embeddable":true,"href":"https:\/\/www.audace44.fr\/commande\/wp-json\/wp\/v2\/product_cat?post=14575"},{"taxonomy":"product_tag","embeddable":true,"href":"https:\/\/www.audace44.fr\/commande\/wp-json\/wp\/v2\/product_tag?post=14575"}],"curies":[{"name":"wp","href":"https:\/\/api.w.org\/{rel}","templated":true}]}}