{"id":14595,"date":"2024-06-27T15:44:11","date_gmt":"2024-06-27T13:44:11","guid":{"rendered":"https:\/\/www.audace44.fr\/commande\/?post_type=product&#038;p=14595"},"modified":"2024-06-27T15:44:46","modified_gmt":"2024-06-27T13:44:46","slug":"les-terres-de-natae","status":"publish","type":"product","link":"https:\/\/www.audace44.fr\/commande\/produit\/les-terres-de-natae\/","title":{"rendered":"Les Terres de Nata\u00e9"},"content":{"rendered":"<h3>Bienvenue sur les Terres de Nata\u00e9, parc animalier de pr\u00e9servation des esp\u00e8ces les plus menac\u00e9es.<\/h3>\n<p>Situ\u00e9 \u00e0 Pont-Scorff, Les Terres de Nata\u00e9 ont pour but de pr\u00e9server\u00a0et\u00a0prot\u00e9ger les esp\u00e8ces aujourd\u2019hui menac\u00e9es. D\u00e9couvrez ainsi un parc refuge de 14 hectares enti\u00e8rement d\u00e9di\u00e9 \u00e0 la sensibilisation des visiteurs\u00a0et\u00a0\u00e0 la protection de ce qui nous entoure. Au gr\u00e8s de 5 continents \u00e0 parcourir, c\u2019est plus de 120 esp\u00e8ces animales menac\u00e9es d'extinction plac\u00e9es sous la protection de Nata\u00e9.<\/p>\n<p>Nata\u00e9 est une divinit\u00e9 celte protectrice de la nature et du vivant, et Les Terres de Nata\u00e9 sont le territoire du bien-\u00eatre animal. Venez partager nos valeurs, apprenez \u00e0 mieux conna\u00eetre les esp\u00e8ces et les enjeux de notre plan\u00e8te.<\/p>\n<p>Lieu d\u2019harmonie et de biodiversit\u00e9, Les Terres de Nata\u00e9 offrent aux visiteurs une exp\u00e9rience nouvelle pour que les esp\u00e8ces les plus menac\u00e9es aujourd\u2019hui ne le soient plus demain.<\/p>\n","protected":false},"excerpt":{"rendered":"<p>Bienvenue sur les Terres de Nata\u00e9, parc animalier de pr\u00e9servation des esp\u00e8ces les plus menac\u00e9es. Situ\u00e9 \u00e0 Pont-Scorff, Les Terres de Nata\u00e9 ont pour but de pr\u00e9server\u00a0et\u00a0prot\u00e9ger les esp\u00e8ces aujourd\u2019hui menac\u00e9es. D\u00e9couvrez ainsi un parc refuge de 14 hectares enti\u00e8rement d\u00e9di\u00e9 \u00e0 la sensibilisation des visiteurs\u00a0et\u00a0\u00e0 la protection de ce qui nous entoure. Au gr\u00e8s<\/p>\n<div><a class=\"btn-filled btn\" href=\"https:\/\/www.audace44.fr\/commande\/produit\/les-terres-de-natae\/\" title=\"Les Terres de Nata\u00e9\">Lire la suite<\/a><\/div>\n","protected":false},"featured_media":14596,"template":"","meta":[],"product_cat":[85,77,91],"product_tag":[],"_links":{"self":[{"href":"https:\/\/www.audace44.fr\/commande\/wp-json\/wp\/v2\/product\/14595"}],"collection":[{"href":"https:\/\/www.audace44.fr\/commande\/wp-json\/wp\/v2\/product"}],"about":[{"href":"https:\/\/www.audace44.fr\/commande\/wp-json\/wp\/v2\/types\/product"}],"wp:featuredmedia":[{"embeddable":true,"href":"https:\/\/www.audace44.fr\/commande\/wp-json\/wp\/v2\/media\/14596"}],"wp:attachment":[{"href":"https:\/\/www.audace44.fr\/commande\/wp-json\/wp\/v2\/media?parent=14595"}],"wp:term":[{"taxonomy":"product_cat","embeddable":true,"href":"https:\/\/www.audace44.fr\/commande\/wp-json\/wp\/v2\/product_cat?post=14595"},{"taxonomy":"product_tag","embeddable":true,"href":"https:\/\/www.audace44.fr\/commande\/wp-json\/wp\/v2\/product_tag?post=14595"}],"curies":[{"name":"wp","href":"https:\/\/api.w.org\/{rel}","templated":true}]}}