{"id":15084,"date":"2025-03-27T15:05:16","date_gmt":"2025-03-27T14:05:16","guid":{"rendered":"https:\/\/www.audace44.fr\/commande\/?post_type=product&#038;p=15084"},"modified":"2026-03-17T16:08:44","modified_gmt":"2026-03-17T15:08:44","slug":"cote-ouest-thalasso","status":"publish","type":"product","link":"https:\/\/www.audace44.fr\/commande\/produit\/cote-ouest-thalasso\/","title":{"rendered":"C\u00f4te Ouest Thalasso"},"content":{"rendered":"<p>L\u2019h\u00f4tel C\u00f4te Ouest aux\u00a0<a href=\"https:\/\/www.lessablesdolonne.fr\/\" target=\"_blank\" rel=\"noopener\" data-text=\"Sables d'Olonne\">Sables d'Olonne<\/a>\u00a0, vous offre un environnement exceptionnel.<\/p>\n<p>Adoss\u00e9 \u00e0 la pin\u00e8de &amp; face \u00e0 la mer, votre h\u00f4tel 4 \u00e9toiles **** Thalasso &amp; Spa s\u2019ouvre g\u00e9n\u00e9reusement sur la Baie des Sables d\u2019Olonne.<\/p>\n<p>Laissez-vous guider par le phare d\u00e8s l\u2019entr\u00e9e et plongez dans l\u2019univers\u00a0mythique des Paquebots des ann\u00e9es 30.<\/p>\n<p>L\u2019atmosph\u00e8re raffin\u00e9e et cosy des croisi\u00e8res de l\u00e9gende. Le r\u00eave du voyage et du confort \u00e0 l\u2019anglaise.<\/p>\n<p>Plongez au c\u0153ur des bienfaits du milieu marin au c\u0153ur de notre Thalasso situ\u00e9e dans un cadre de r\u00eave, adoss\u00e9e \u00e0 une pin\u00e8de et ouverte \u00e0 180\u00b0 sur l'oc\u00e9an et la Baie des Sables d'Olonne.<\/p>\n<p>Nos experts bien-\u00eatre sauront vous guider vers la d\u00e9tente infinie. Une pause revitalisante avec l'oc\u00e9an pour horizon.<\/p>\n<p>Profitez des offres:<\/p>\n<div class=\"col-12\">\n<ul>\n<li class=\"font-weight-600 product-title\">Bulle Marine: \u00bd journ\u00e9e \u2013 2 soins de Thalasso + Acc\u00e8s au Club Fitness &amp; bien-\u00eatre sur la demi-journ\u00e9e. <strong>87 \u20ac<\/strong><\/li>\n<li>Bulle Marine journ\u00e9e + d\u00e9jeuner ( Paquebot 2 plats) en semaine <strong>120 \u20ac<\/strong><\/li>\n<li>Soin bien \u00eatre du dos: 1h de soin ( gommage aux cristaux de sel marins, modelage relaxant suivi de l'application d'une boue auto chauffante). <strong>86 \u20ac<\/strong><\/li>\n<li>Soin bien-\u00eatre du dos d\u00e9jeuner en semaine: 1h de soin + d\u00e9jeuner Paquebot 2 plats + Acc\u00e8s au Club Fitness &amp; bien-\u00eatre sur la journ\u00e9e. <strong>139 \u20ac<\/strong><\/li>\n<li>Bulle Marine 1 jour\/ 1 nuit pour 2 personnes : 2 soins thalasso + 1 nuit en chambre c\u00f4t\u00e9 pin\u00e8de + petits d\u00e9jeuners + acc\u00e8s au club Fitness et Bien \u00eatre <strong>430 \u20ac\/ 2 pers ou 319 \u20ac\/1 pers<\/strong><\/li>\n<\/ul>\n<p>Liste des soins \u00e0 choisir : Un enveloppement d\u2019algues laminaires, D\u00e9tente sous pluie marine, Jet tonique modelant, Lit hydromassant multisensoriel, Bain chromoth\u00e9rapie, Jets sous-marin ou Relaxation aquatique<\/p>\n<ul>\n<li>10 % sur les forfaits Thalasso 2 jours\/2 nuits, 15 % sur forfaits Thalasso 3 jours\/3 nuits et 20 % sur forfaits Thalasso 4 jours\/4 nuits, nous contacter<\/li>\n<li>Retrouvez toutes <a href=\"https:\/\/coteouest.experience-unique.com\/\" target=\"_blank\" rel=\"noopener\">les offres ICI.<\/a><\/li>\n<\/ul>\n<\/div>\n<p>&nbsp;<\/p>\n","protected":false},"excerpt":{"rendered":"<p>Hotel Thalsso et Spa<\/p>\n<p>Les Sables d&#8217;Olonne<\/p>\n","protected":false},"featured_media":16781,"template":"","meta":[],"product_cat":[117,81,95,86,79],"product_tag":[],"_links":{"self":[{"href":"https:\/\/www.audace44.fr\/commande\/wp-json\/wp\/v2\/product\/15084"}],"collection":[{"href":"https:\/\/www.audace44.fr\/commande\/wp-json\/wp\/v2\/product"}],"about":[{"href":"https:\/\/www.audace44.fr\/commande\/wp-json\/wp\/v2\/types\/product"}],"wp:featuredmedia":[{"embeddable":true,"href":"https:\/\/www.audace44.fr\/commande\/wp-json\/wp\/v2\/media\/16781"}],"wp:attachment":[{"href":"https:\/\/www.audace44.fr\/commande\/wp-json\/wp\/v2\/media?parent=15084"}],"wp:term":[{"taxonomy":"product_cat","embeddable":true,"href":"https:\/\/www.audace44.fr\/commande\/wp-json\/wp\/v2\/product_cat?post=15084"},{"taxonomy":"product_tag","embeddable":true,"href":"https:\/\/www.audace44.fr\/commande\/wp-json\/wp\/v2\/product_tag?post=15084"}],"curies":[{"name":"wp","href":"https:\/\/api.w.org\/{rel}","templated":true}]}}