{"id":15656,"date":"2025-12-21T12:01:49","date_gmt":"2025-12-21T11:01:49","guid":{"rendered":"https:\/\/www.audace44.fr\/commande\/?post_type=product&#038;p=15656"},"modified":"2025-12-23T15:48:54","modified_gmt":"2025-12-23T14:48:54","slug":"virtual-room","status":"publish","type":"product","link":"https:\/\/www.audace44.fr\/commande\/produit\/virtual-room\/","title":{"rendered":"Virtual Room"},"content":{"rendered":"<div class=\"col-12 col-md-10\">\n<div class=\"cf_content_classic_title scrollHeadline\" data-sr-id=\"2\">\n<div class=\"d-flex flex-column flex-xl-row align-items-xl-end\">\n<h2 class=\"mb-xl-0\">L\u2019exp\u00e9rience Virtual Room (Nantes)<\/h2>\n<p class=\"ms-xl-1 mb-0\">Entrez dans une nouvelle dimension de divertissement !<\/p>\n<\/div>\n<\/div>\n<\/div>\n<div class=\"col-12 col-md-9\">\n<div class=\"cf_content_classic_desc scrollDesc\" data-sr-id=\"4\">\n<p>Virtual Room, 1\u00e8re salle de r\u00e9alit\u00e9 virtuelle collaborative \u00e0 Nantes, offre une exp\u00e9rience de jeu immersive remplie d\u2019\u00e9nigmes \u00e0 relever en \u00e9quipe.<\/p>\n<p>\u00c0 la crois\u00e9e des chemins entre l\u2019escape game et le cin\u00e9ma, embarquez pour une aventure virtuelle alliant r\u00e9flexion, communication et esprit d\u2019\u00e9quipe.<\/p>\n<p>Commandez votre code \u00e0 27 \u20ac sur Audace, au lieu de 30 \u20ac<\/p>\n<p>Pour l'utiliser, il suffira d'aller directement sur<a href=\"https:\/\/nantes.virtual-room.com\/\" target=\"_blank\" rel=\"noopener\"> le site<\/a>, d'effectuer sa r\u00e9servation de fa\u00e7on normal et au moment du paiement, il y a un encart pour les codes promo, c'est l\u00e0 que vous indiquerez le code repr\u00e9sentant 1 place.<\/p>\n<p>Validit\u00e9 17\/12\/2025<\/p>\n<p>Uniquement en tickets t\u00e9l\u00e9chargeables. Un tickets (expl T22) correspond \u00e0 une entr\u00e9e, pour plusieurs tickets commandez plusieurs r\u00e9f\u00e9rences.<\/p>\n<\/div>\n<\/div>\n","protected":false},"excerpt":{"rendered":"<h2 class=\"mb-xl-0\">L\u2019exp\u00e9rience Virtual Room (Nantes)<\/h2>\n<p class=\"ms-xl-1 mb-0\">Entrez dans une nouvelle dimension de divertissement !<\/p>\n","protected":false},"featured_media":15678,"template":"","meta":[],"product_cat":[121,83,84,92,81,71],"product_tag":[124],"_links":{"self":[{"href":"https:\/\/www.audace44.fr\/commande\/wp-json\/wp\/v2\/product\/15656"}],"collection":[{"href":"https:\/\/www.audace44.fr\/commande\/wp-json\/wp\/v2\/product"}],"about":[{"href":"https:\/\/www.audace44.fr\/commande\/wp-json\/wp\/v2\/types\/product"}],"wp:featuredmedia":[{"embeddable":true,"href":"https:\/\/www.audace44.fr\/commande\/wp-json\/wp\/v2\/media\/15678"}],"wp:attachment":[{"href":"https:\/\/www.audace44.fr\/commande\/wp-json\/wp\/v2\/media?parent=15656"}],"wp:term":[{"taxonomy":"product_cat","embeddable":true,"href":"https:\/\/www.audace44.fr\/commande\/wp-json\/wp\/v2\/product_cat?post=15656"},{"taxonomy":"product_tag","embeddable":true,"href":"https:\/\/www.audace44.fr\/commande\/wp-json\/wp\/v2\/product_tag?post=15656"}],"curies":[{"name":"wp","href":"https:\/\/api.w.org\/{rel}","templated":true}]}}