{"id":15825,"date":"2025-06-24T10:54:01","date_gmt":"2025-06-24T08:54:01","guid":{"rendered":"https:\/\/www.audace44.fr\/commande\/?post_type=product&#038;p=15825"},"modified":"2025-07-17T16:37:43","modified_gmt":"2025-07-17T14:37:43","slug":"cinewest","status":"publish","type":"product","link":"https:\/\/www.audace44.fr\/commande\/produit\/cinewest\/","title":{"rendered":"Cinewest"},"content":{"rendered":"<p>Cinewest regroupe 13 Multiplex en France.<\/p>\n<p>Nos billets sont valables dans les cin\u00e9mas suivants:<\/p>\n<p>Atlantic Cin\u00e9 de Saintes (17)<br \/>\nCin\u00e9ma Lido de Royan (17)<br \/>\nCin\u00e9ma Galaxy de Cognac (16)<br \/>\nCin\u00e9lac de Plo\u00ebrmel (56)<br \/>\nCin\u00e9Mazarin de Nevers (58)<br \/>\nCin\u00e9ma Cristal d\u2019Aurillac (15)<br \/>\nCin\u00e9ma La Strada de Mouans-Sartoux (06)<br \/>\nCin\u00e9ma Les Balcons de Mougins (06)*<br \/>\nCin\u00e9ma Libert\u00e9 de Brignoles (83)<br \/>\nCin\u00e9ma Aurore de Vitr\u00e9 (35)<br \/>\nCin\u00e9ma Toiles du Moun de Mont-de-Marsan (40)<br \/>\nCin\u00e9ma Etoile de B\u00e9thune (62)<br \/>\nCin\u00e9ma Gallia de Saintes (17) - (Partenaire)<br \/>\nCin\u00e9ma Familia de Jonzac (17) - (Partenaire)<br \/>\nCin\u00e9ma Le Club de Barbezieux (16) - (Partenaire)<\/p>\n<p>Nos contremarques sont valables tous les jours, \u00e0 toutes les s\u00e9ances, hors \u00e9v\u00e9nements sp\u00e9ciaux. Il faut compter 1\u20ac de frais suppl\u00e9mentaires pour les s\u00e9ances en 3D.<\/p>\n<p>(*) Pour le cin\u00e9ma de Mougins, il faudra compter 5,00\u20ac suppl\u00e9mentaire pour la partie Balcons de la salle. OMA (\u00e0 r\u00e9gler directement au cin\u00e9ma)<\/p>\n<p>Billets papier envoy\u00e9s sous 48h par courrier.<\/p>\n<p>validit\u00e9 05\/11\/26<\/p>\n<p>&nbsp;<\/p>\n","protected":false},"excerpt":{"rendered":"<p>Cinewest<\/p>\n<p>13 Multiplex en France<\/p>\n<p>Cognac, Saintes, Royan, Ploermel&#8230;<\/p>\n","protected":false},"featured_media":15826,"template":"","meta":[],"product_cat":[84,75],"product_tag":[73],"_links":{"self":[{"href":"https:\/\/www.audace44.fr\/commande\/wp-json\/wp\/v2\/product\/15825"}],"collection":[{"href":"https:\/\/www.audace44.fr\/commande\/wp-json\/wp\/v2\/product"}],"about":[{"href":"https:\/\/www.audace44.fr\/commande\/wp-json\/wp\/v2\/types\/product"}],"wp:featuredmedia":[{"embeddable":true,"href":"https:\/\/www.audace44.fr\/commande\/wp-json\/wp\/v2\/media\/15826"}],"wp:attachment":[{"href":"https:\/\/www.audace44.fr\/commande\/wp-json\/wp\/v2\/media?parent=15825"}],"wp:term":[{"taxonomy":"product_cat","embeddable":true,"href":"https:\/\/www.audace44.fr\/commande\/wp-json\/wp\/v2\/product_cat?post=15825"},{"taxonomy":"product_tag","embeddable":true,"href":"https:\/\/www.audace44.fr\/commande\/wp-json\/wp\/v2\/product_tag?post=15825"}],"curies":[{"name":"wp","href":"https:\/\/api.w.org\/{rel}","templated":true}]}}