{"id":15935,"date":"2025-01-31T16:31:48","date_gmt":"2025-01-31T15:31:48","guid":{"rendered":"https:\/\/www.audace44.fr\/commande\/?post_type=product&#038;p=15935"},"modified":"2026-03-17T17:11:43","modified_gmt":"2026-03-17T16:11:43","slug":"vacances-ulvf","status":"publish","type":"product","link":"https:\/\/www.audace44.fr\/commande\/produit\/vacances-ulvf\/","title":{"rendered":"Vacances ULVF"},"content":{"rendered":"<p><strong>Vacances ULVF<\/strong> \u2013 Partager ce qui a du sens\u00a0!<\/p>\n<p><strong>Vacances ULVF<\/strong> vous invite \u00e0 partir \u00e0 la rencontre de nos plus belles r\u00e9gions de France.<br \/>\nPatrimoine, gastronomie, sport, plages, panoramas\u2026 d\u00e9tendez-vous et partagez en famille ou entre amis les richesses de nos territoires.<\/p>\n<p>S\u00e9journez en villages et r\u00e9sidence de vacances avec des formules qui s\u2019adaptent \u00e0 vos envies : location ou restauration, animations, clubs enfants, sorties organis\u00e9es ou d\u00e9tente, c\u2019est vous qui choisissez !<\/p>\n<p>Vacances ULVF s\u2019inscrit dans une d\u00e9marche de d\u00e9veloppement durable et mets en \u0153uvre des actions concr\u00e8tes d\u00e9di\u00e9es \u00e0 la protection de l\u2019environnement. Ainsi, l\u2019ensemble de nos villages vacances, qui b\u00e9n\u00e9ficiaient d\u00e9j\u00e0 de la certification Atout France, sont labellis\u00e9s <a href=\"https:\/\/www.laclefverte.org\/le-label\/pr%C3%A9sentation\/\">Clef Verte<\/a>.<\/p>\n<p>Depuis notre cr\u00e9ation nous avons \u00e0 c\u0153ur de rendre les vacances accessibles \u00e0 tous, en proposant des s\u00e9jours qui m\u00ealent convivialit\u00e9, d\u00e9couvertes et partage.<\/p>\n<p>Gr\u00e2ce \u00e0 votre Code Partenaire \u00ab\u00a0PAR8508\u00bb, b\u00e9n\u00e9ficiez d\u2019une remise permanente de -10% sur l\u2019ensemble de nos s\u00e9jours Vacances ULVF et des frais de dossiers offerts <em>(Remises cumulables avec les offres premi\u00e8res minutes. Remise de -5% sur les villages \u00ab\u00a0partenaires\u00a0\u00bb.)<\/em><\/p>\n<p><u>Informations\u00a0et R\u00e9servations : <\/u><\/p>\n<p>04 77 56 66 09 <em>(appel non surtax\u00e9<\/em>)<br \/>\n<a href=\"http:\/\/www.vacances-ulvf.com\">www.vacances-ulvf.com<\/a><\/p>\n<p><u>Lien utiles\u00a0:<\/u><\/p>\n<p><em>Les promotions<\/em>\u00a0: <a href=\"https:\/\/www.vacances-ulvf.com\/bons-plans\">https:\/\/www.vacances-ulvf.com\/bons-plans<\/a><\/p>\n<p><em>Les catalogues<\/em>\u00a0: <a href=\"https:\/\/www.vacances-ulvf.com\/brochures\">https:\/\/www.vacances-ulvf.com\/brochures<\/a><\/p>\n","protected":false},"excerpt":{"rendered":"<p><strong>Vacances ULVF<\/strong> \u2013 Partager ce qui a du sens\u00a0!<\/p>\n<p>de -10 \u00e0 -20 %<\/p>\n","protected":false},"featured_media":18591,"template":"","meta":[],"product_cat":[111,117,86,79],"product_tag":[],"_links":{"self":[{"href":"https:\/\/www.audace44.fr\/commande\/wp-json\/wp\/v2\/product\/15935"}],"collection":[{"href":"https:\/\/www.audace44.fr\/commande\/wp-json\/wp\/v2\/product"}],"about":[{"href":"https:\/\/www.audace44.fr\/commande\/wp-json\/wp\/v2\/types\/product"}],"wp:featuredmedia":[{"embeddable":true,"href":"https:\/\/www.audace44.fr\/commande\/wp-json\/wp\/v2\/media\/18591"}],"wp:attachment":[{"href":"https:\/\/www.audace44.fr\/commande\/wp-json\/wp\/v2\/media?parent=15935"}],"wp:term":[{"taxonomy":"product_cat","embeddable":true,"href":"https:\/\/www.audace44.fr\/commande\/wp-json\/wp\/v2\/product_cat?post=15935"},{"taxonomy":"product_tag","embeddable":true,"href":"https:\/\/www.audace44.fr\/commande\/wp-json\/wp\/v2\/product_tag?post=15935"}],"curies":[{"name":"wp","href":"https:\/\/api.w.org\/{rel}","templated":true}]}}