{"id":15951,"date":"2025-02-04T13:53:15","date_gmt":"2025-02-04T12:53:15","guid":{"rendered":"https:\/\/www.audace44.fr\/commande\/?post_type=product&#038;p=15951"},"modified":"2025-02-04T13:55:25","modified_gmt":"2025-02-04T12:55:25","slug":"balade-sous-hypnose","status":"publish","type":"product","link":"https:\/\/www.audace44.fr\/commande\/produit\/balade-sous-hypnose\/","title":{"rendered":"Balade sous hypnose"},"content":{"rendered":"<p>Profitez de s\u00e9ances de <strong>bien-\u00eatre<\/strong> avec Pauline Bouanchaud, praticienne en <strong>hypnose<\/strong> et en\u00a0<strong>massage amma assis.\u00a0<\/strong>Avec bienveillance et douceur, Pauline guide enfants, adultes et seniors vers un esprit apais\u00e9 et un corps en parfaite harmonie.<\/p>\n<ul>\n<li><strong>Hypnose (1h)<\/strong> : L'hypnose est un outil puissant pour apaiser les maux physiques et psychologiques : stress, anxi\u00e9t\u00e9, l\u00e2cher-prise, peurs &amp; phobies, troubles du sommeil, gestion de la douleur, confiance en soi, addictions, am\u00e9lioration de la concentration, pr\u00e9paration mentale (examen, comp\u00e9tition...), deuil, traumatisme, relaxation profonde, r\u00e9duction de l'angoisse, poids, \u00e9quilibre \u00e9motionnel &amp; tant d'autres... Chaque s\u00e9ance est personnalis\u00e9e en fonction de vos besoins sp\u00e9cifiques, vous permettant de vous lib\u00e9rer de vos blocages et d\u2019atteindre vos objectifs. \u2192 A Thouar\u00e9-sur-Loire (44) ou en visio.<\/li>\n<li><strong>Massage amma assis (25 min)<\/strong> : Ce massage, r\u00e9alis\u00e9 sur une chaise ergonomique, cible les tensions du dos, des \u00e9paules, et du cou. Parfait pour une pause d\u00e9tente, il aide \u00e0 am\u00e9liorer la circulation, r\u00e9duire les douleurs musculaires et revitaliser votre \u00e9nergie en quelques minutes. Il est pratiqu\u00e9 sur chaise, habill\u00e9 et sans huile.\u00a0 \u2192 A Thouar\u00e9-sur-Loire (44), en entreprise ou en ext\u00e9rieur\u00a0l'\u00e9t\u00e9.<\/li>\n<\/ul>\n<p><strong>Tarifs pr\u00e9f\u00e9rentiels sur pr\u00e9sentation de la carte Audace 44\u00a0 (<a href=\"http:\/\/contact@audace44.fr\" target=\"_blank\" rel=\"noopener\">demandez nous la carte par mail<\/a>)<\/strong><\/p>\n<ul>\n<li><strong>S\u00e9ance d'hypnose<\/strong> : 70\u20ac au lieu de 75\u20ac<\/li>\n<li><strong>Massage amma assis<\/strong> : 20\u20ac au lieu de 25\u20ac<\/li>\n<\/ul>\n<p><strong>Site internet<\/strong> :\u00a0<a href=\"http:\/\/www.baladesoushypnose.com\" target=\"_blank\" rel=\"noopener\">www.baladesoushypnose.com<\/a><\/p>\n<p><strong>Instagram <\/strong>:\u00a0@baladesoushypnose<\/p>\n<p><strong>Tel<\/strong>. : 06.33.31.91.22<\/p>\n<p>Offrez vous un moment de bien-\u00eatre, et laissez Pauline vous accompagner sur le chemin de la d\u00e9tente et de la s\u00e9r\u00e9nit\u00e9 !<\/p>\n","protected":false},"excerpt":{"rendered":"<p>Offrez vous un moment de bien-\u00eatre,<\/p>\n<p>et laissez Pauline vous accompagner sur le chemin de la d\u00e9tente et de la s\u00e9r\u00e9nit\u00e9 !<\/p>\n<p><strong>Hypnose (1h) ou <\/strong><strong>Massage amma assis (25 min)<\/strong><\/p>\n","protected":false},"featured_media":15953,"template":"","meta":[],"product_cat":[121,83,81,95],"product_tag":[],"_links":{"self":[{"href":"https:\/\/www.audace44.fr\/commande\/wp-json\/wp\/v2\/product\/15951"}],"collection":[{"href":"https:\/\/www.audace44.fr\/commande\/wp-json\/wp\/v2\/product"}],"about":[{"href":"https:\/\/www.audace44.fr\/commande\/wp-json\/wp\/v2\/types\/product"}],"wp:featuredmedia":[{"embeddable":true,"href":"https:\/\/www.audace44.fr\/commande\/wp-json\/wp\/v2\/media\/15953"}],"wp:attachment":[{"href":"https:\/\/www.audace44.fr\/commande\/wp-json\/wp\/v2\/media?parent=15951"}],"wp:term":[{"taxonomy":"product_cat","embeddable":true,"href":"https:\/\/www.audace44.fr\/commande\/wp-json\/wp\/v2\/product_cat?post=15951"},{"taxonomy":"product_tag","embeddable":true,"href":"https:\/\/www.audace44.fr\/commande\/wp-json\/wp\/v2\/product_tag?post=15951"}],"curies":[{"name":"wp","href":"https:\/\/api.w.org\/{rel}","templated":true}]}}