{"id":15978,"date":"2025-02-07T15:37:13","date_gmt":"2025-02-07T14:37:13","guid":{"rendered":"https:\/\/www.audace44.fr\/commande\/?post_type=product&#038;p=15978"},"modified":"2025-02-10T13:45:50","modified_gmt":"2025-02-10T12:45:50","slug":"pornic-aventure","status":"publish","type":"product","link":"https:\/\/www.audace44.fr\/commande\/produit\/pornic-aventure\/","title":{"rendered":"PORNIC AVENTURE"},"content":{"rendered":"<p>A Pornic, au c\u0153ur du Val Saint-martin et en bordure de son \u00e9tang, d\u00e9couvrez des parcours acrobatiques en hauteur en for\u00eat.<\/p>\n<p>Sur pr\u00e9sentation de la carte Audace \u00e0 l'accueil du parc, vous b\u00e9n\u00e9ficiez de 15 % de r\u00e9duction jusqu'\u00e0 5 entr\u00e9es achet\u00e9es simultan\u00e9ment.<\/p>\n<p>L'offre s'applique aux adh\u00e9rents sur pr\u00e9sentation de la carte Audace du 01\/01\/25 au 31\/12\/25 (hors p\u00e9riode estivale du 12\/07\/25 au 22\/08\/25).<\/p>\n<p>Pour obtenir votre carte Audace, envoyez nous un mail: contact@audace44.fr<\/p>\n<p>Toutes les infos pratiques <a href=\"https:\/\/www.pornic-aventure.com\/\" target=\"_blank\" rel=\"noopener\">ICI<\/a><\/p>\n","protected":false},"excerpt":{"rendered":"<p>A Pornic, au c\u0153ur du Val Saint-martin et en bordure de son \u00e9tang, d\u00e9couvrez des parcours acrobatiques en hauteur en for\u00eat.<\/p>\n<p>-15 % carte Audace<\/p>\n","protected":false},"featured_media":15986,"template":"","meta":[],"product_cat":[121,83,82,87,88],"product_tag":[],"_links":{"self":[{"href":"https:\/\/www.audace44.fr\/commande\/wp-json\/wp\/v2\/product\/15978"}],"collection":[{"href":"https:\/\/www.audace44.fr\/commande\/wp-json\/wp\/v2\/product"}],"about":[{"href":"https:\/\/www.audace44.fr\/commande\/wp-json\/wp\/v2\/types\/product"}],"wp:featuredmedia":[{"embeddable":true,"href":"https:\/\/www.audace44.fr\/commande\/wp-json\/wp\/v2\/media\/15986"}],"wp:attachment":[{"href":"https:\/\/www.audace44.fr\/commande\/wp-json\/wp\/v2\/media?parent=15978"}],"wp:term":[{"taxonomy":"product_cat","embeddable":true,"href":"https:\/\/www.audace44.fr\/commande\/wp-json\/wp\/v2\/product_cat?post=15978"},{"taxonomy":"product_tag","embeddable":true,"href":"https:\/\/www.audace44.fr\/commande\/wp-json\/wp\/v2\/product_tag?post=15978"}],"curies":[{"name":"wp","href":"https:\/\/api.w.org\/{rel}","templated":true}]}}