{"id":16142,"date":"2025-03-04T12:17:00","date_gmt":"2025-03-04T11:17:00","guid":{"rendered":"https:\/\/www.audace44.fr\/commande\/?post_type=product&#038;p=16142"},"modified":"2026-03-23T16:10:59","modified_gmt":"2026-03-23T15:10:59","slug":"megascene-festival-st-colomban","status":"publish","type":"product","link":"https:\/\/www.audace44.fr\/commande\/produit\/megascene-festival-st-colomban\/","title":{"rendered":"MEGASCENE Festival St Colomban"},"content":{"rendered":"<p>12 et 13\u00a0 JUIN 2026 \u00e0 St Colomban<\/p>\n<p>12 juin: Dub Inc - Guy2Bezbar - Zoufris Maracas -Hysta - St Graal - Bennett<\/p>\n<p>13 juin: Luiza - KeBlack - Ta\u00efro - La P'tite Fum\u00e9e<\/p>\n<p>Nous contacter avant achat.<\/p>\n<p>L\u2019association a fait le choix depuis ses d\u00e9buts de d\u00e9velopper toutes les formes de musiques (Reggae, Rock, Rap, Ska, Electro, Chanson Fran\u00e7aise\u2026) de renomm\u00e9es diff\u00e9rentes (r\u00e9gionale, nationale, internationale). Il s\u2019agit \u00e9galement de promouvoir la sc\u00e8ne musicale locale pour permettre aux jeunes groupes de monter sur les planches par le biais d\u2019une soir\u00e9e tremplin mise en place depuis 2015.<br \/>\nLe soutien de l\u2019\u00e9conomie locale et des partenaires publics permet \u00e0 l\u2019association de fixer des prix d\u2019entr\u00e9es raisonnables pour garantir une accessibilit\u00e9 pour tous. Ces m\u00e9c\u00e8nes sont donc les garants de l\u2019\u00e9galit\u00e9 devant le divertissement et la culture, valeur ch\u00e8re au festival. L\u2019\u00e9v\u00e8nement est aussi enti\u00e8rement accessible et privil\u00e9gi\u00e9 aux personnes handicap\u00e9es.<\/p>\n<p><b>L\u2019association existe depuis plus de 30 ans et est compos\u00e9e uniquement de b\u00e9n\u00e9voles.<\/b><\/p>\n","protected":false},"excerpt":{"rendered":"<p>Festival<\/p>\n<p>12 et 13 juin 2026<\/p>\n<p>St Colomban<\/p>\n","protected":false},"featured_media":16146,"template":"","meta":[],"product_cat":[119,84],"product_tag":[],"_links":{"self":[{"href":"https:\/\/www.audace44.fr\/commande\/wp-json\/wp\/v2\/product\/16142"}],"collection":[{"href":"https:\/\/www.audace44.fr\/commande\/wp-json\/wp\/v2\/product"}],"about":[{"href":"https:\/\/www.audace44.fr\/commande\/wp-json\/wp\/v2\/types\/product"}],"wp:featuredmedia":[{"embeddable":true,"href":"https:\/\/www.audace44.fr\/commande\/wp-json\/wp\/v2\/media\/16146"}],"wp:attachment":[{"href":"https:\/\/www.audace44.fr\/commande\/wp-json\/wp\/v2\/media?parent=16142"}],"wp:term":[{"taxonomy":"product_cat","embeddable":true,"href":"https:\/\/www.audace44.fr\/commande\/wp-json\/wp\/v2\/product_cat?post=16142"},{"taxonomy":"product_tag","embeddable":true,"href":"https:\/\/www.audace44.fr\/commande\/wp-json\/wp\/v2\/product_tag?post=16142"}],"curies":[{"name":"wp","href":"https:\/\/api.w.org\/{rel}","templated":true}]}}