{"id":16184,"date":"2025-03-10T13:34:21","date_gmt":"2025-03-10T12:34:21","guid":{"rendered":"https:\/\/www.audace44.fr\/commande\/?post_type=product&#038;p=16184"},"modified":"2025-03-14T14:01:37","modified_gmt":"2025-03-14T13:01:37","slug":"racing-kart-jade","status":"publish","type":"product","link":"https:\/\/www.audace44.fr\/commande\/produit\/racing-kart-jade\/","title":{"rendered":"Racing Kart Jade"},"content":{"rendered":"<p>Racing Kart Jade \u00e0 St Michel Chef Chef<\/p>\n<p><strong>Les moteurs reprennent vie en 2025 ! 3 pistes de 1000 m, 700 m et 320 m (junior)<\/strong><\/p>\n<p>Complexe de\u00a0karting outdoor\u00a0situ\u00e9\u00a0\u00e0 5 min de Pornic et Saint-Br\u00e9vin.<\/p>\n<p>Tarifs pr\u00e9f\u00e9rentiels<strong> sur pr\u00e9sentation de la carte Audace<\/strong> (\u00e0 t\u00e9l\u00e9charger dans votre espace sur le site):<\/p>\n<p>16 \u20ac\u00a0 la session de 10 minutes adulte au lieu de 20 \u20ac<\/p>\n<p>12 \u20ac\u00a0 la session de 10 minutes enfant au lieu de 15 \u20ac<\/p>\n<p>Circuit (homologu\u00e9 par la FFSA) comprenant\u00a0<b>3 pistes bien distinctes<\/b>. Karts thermiques 4 temps model SODIKART.<\/p>\n<p><strong>Pour les\u00a0vacances scolaires, nous sommes ouverts 7J\/7 de 10h00 \u00e0 19h00 du samedi 08 f\u00e9vrier au dimanche 09 mars\u00a0(toutes zones confondues).\u00a0<\/strong><\/p>\n<p>Sans r\u00e9servation (sauf groupe de + de 8 personnes). Venez vivre une exp\u00e9rience m\u00e9morable au karting de Saint Michel !<\/p>\n<p><strong>Nouveaut\u00e9s 2025<\/strong>, certaines courses adultes se feront sur la piste de 1000 m\u00e8tres et les courses juniors (7 \u00e0 13 ans) sur la piste de 700 m\u00e8tres (piste initialement r\u00e9serv\u00e9e aux adultes).<\/p>\n<p>Visitez le <a href=\"https:\/\/www.rkj.fr\/\" target=\"_blank\" rel=\"noopener\">site ICI<\/a><\/p>\n","protected":false},"excerpt":{"rendered":"<p>Racing Kart Jade \u00e0 St Michel Chef Chef<\/p>\n<p>Tarifs pr\u00e9f\u00e9rentiels carte Audace<\/p>\n","protected":false},"featured_media":16185,"template":"","meta":[],"product_cat":[121,83,81,71],"product_tag":[98],"_links":{"self":[{"href":"https:\/\/www.audace44.fr\/commande\/wp-json\/wp\/v2\/product\/16184"}],"collection":[{"href":"https:\/\/www.audace44.fr\/commande\/wp-json\/wp\/v2\/product"}],"about":[{"href":"https:\/\/www.audace44.fr\/commande\/wp-json\/wp\/v2\/types\/product"}],"wp:featuredmedia":[{"embeddable":true,"href":"https:\/\/www.audace44.fr\/commande\/wp-json\/wp\/v2\/media\/16185"}],"wp:attachment":[{"href":"https:\/\/www.audace44.fr\/commande\/wp-json\/wp\/v2\/media?parent=16184"}],"wp:term":[{"taxonomy":"product_cat","embeddable":true,"href":"https:\/\/www.audace44.fr\/commande\/wp-json\/wp\/v2\/product_cat?post=16184"},{"taxonomy":"product_tag","embeddable":true,"href":"https:\/\/www.audace44.fr\/commande\/wp-json\/wp\/v2\/product_tag?post=16184"}],"curies":[{"name":"wp","href":"https:\/\/api.w.org\/{rel}","templated":true}]}}