{"id":16194,"date":"2025-03-11T16:28:53","date_gmt":"2025-03-11T15:28:53","guid":{"rendered":"https:\/\/www.audace44.fr\/commande\/?post_type=product&#038;p=16194"},"modified":"2025-09-19T14:09:19","modified_gmt":"2025-09-19T12:09:19","slug":"defiplanet-dienne","status":"publish","type":"product","link":"https:\/\/www.audace44.fr\/commande\/produit\/defiplanet-dienne\/","title":{"rendered":"D\u00e9fiplanet Dienn\u00e9"},"content":{"rendered":"<p><strong>D\u00e9fiPlanet\u2019 \u00e0 Dienn\u00e9\u00a0est un parc nature et ludique en plein c\u0153ur du d\u00e9partement de la Vienne, o\u00f9 se cachent lutins et farfadets, tous pr\u00eats \u00e0 vous accueillir pour vous faire d\u00e9couvrir leur lieu de vie magique et enchanteur.<\/strong><\/p>\n<p>Les activit\u00e9s de\u00a0D\u00e9fiPlanet\u2019\u00a0sauront r\u00e9pondre \u00e0 vos envies, et vous serez \u00e0 m\u00eame de d\u00e9couvrir de nouveaux domaines d\u2019activit\u00e9s tels que\u00a0<strong>l\u2019\u00e9quitation<\/strong>, le\u00a0<strong>tir \u00e0 l\u2019arc<\/strong>, ou encore\u00a0<strong>l\u2019accrobranche<\/strong>.<\/p>\n<p>Vous pourrez \u00e9galement profiter de notre\u00a0<b>nouveaut\u00e9 \u00ab\u00a0Mission Areka : La qu\u00eate des Pierres de vie\u00a0\u00bb.<\/b><\/p>\n<p>Gratuit pour les enfants de moins de 3 ans<\/p>\n<p><strong>Une fois re\u00e7u, vous pouvez soit pr\u00e9senter votre e-billet pr\u00e9alablement enregistr\u00e9 sur votre smartphone soit imprimer votre e-billet pour acc\u00e9der au parc.<\/strong><\/p>\n","protected":false},"excerpt":{"rendered":"<p>D\u00e9fiplanet Dienn\u00e9 (86)<\/p>\n","protected":false},"featured_media":16195,"template":"","meta":[],"product_cat":[82,87],"product_tag":[],"_links":{"self":[{"href":"https:\/\/www.audace44.fr\/commande\/wp-json\/wp\/v2\/product\/16194"}],"collection":[{"href":"https:\/\/www.audace44.fr\/commande\/wp-json\/wp\/v2\/product"}],"about":[{"href":"https:\/\/www.audace44.fr\/commande\/wp-json\/wp\/v2\/types\/product"}],"wp:featuredmedia":[{"embeddable":true,"href":"https:\/\/www.audace44.fr\/commande\/wp-json\/wp\/v2\/media\/16195"}],"wp:attachment":[{"href":"https:\/\/www.audace44.fr\/commande\/wp-json\/wp\/v2\/media?parent=16194"}],"wp:term":[{"taxonomy":"product_cat","embeddable":true,"href":"https:\/\/www.audace44.fr\/commande\/wp-json\/wp\/v2\/product_cat?post=16194"},{"taxonomy":"product_tag","embeddable":true,"href":"https:\/\/www.audace44.fr\/commande\/wp-json\/wp\/v2\/product_tag?post=16194"}],"curies":[{"name":"wp","href":"https:\/\/api.w.org\/{rel}","templated":true}]}}