{"id":16262,"date":"2025-03-14T09:51:56","date_gmt":"2025-03-14T08:51:56","guid":{"rendered":"https:\/\/www.audace44.fr\/commande\/?post_type=product&#038;p=16262"},"modified":"2025-03-14T11:31:12","modified_gmt":"2025-03-14T10:31:12","slug":"altissimo-nantes","status":"publish","type":"product","link":"https:\/\/www.audace44.fr\/commande\/produit\/altissimo-nantes\/","title":{"rendered":"Altissimo Nantes"},"content":{"rendered":"<h4 class=\"heading text-justify margin-top-20\">L\u2019escalade sur mur \u00e0 corde (vitesse, difficult\u00e9) se pratique de 2 fa\u00e7ons dans toutes nos salles:<\/h4>\n<ul>\n<li><b>Grimper seul<\/b>\u00a0sur nos enrouleurs automatiques\u00a0: les enrouleurs automatiques sont adapt\u00e9s \u00e0 tous, \u00e0 partir de 6 ans et 10 kg (normes constructeur) ; ils permettent aux d\u00e9butants d\u2019\u00e9voluer sur nos mur \u00e0 corde. Aucune connaissance technique en termes d\u2019assurage n\u2019est requise.<\/li>\n<li><b>Grimper \u00e0 2<\/b>\u00a0en \u00e9tant encord\u00e9s l\u2019un \u00e0 l\u2019autre\u00a0: la pratique encord\u00e9e requiert la ma\u00eetrise des techniques d\u2019assurage et d\u2019encordements. N\u00e9o-pratiquants, un cours d\u2019initiation sur ces techniques est vivement conseill\u00e9.<\/li>\n<\/ul>\n<h4 class=\"heading text-justify margin-top-30\">L\u2019escalade de bloc se pratique sur des murs de 3 \u00e0 4,50 m (hauteur r\u00e9glement\u00e9e) et sans encordement ni baudrier.\u00a0 La r\u00e9ception se fait sur d\u2019\u00e9pais tapis de mousse de 40 cm.<\/h4>\n<p>L\u2019escalade indoor est facile d\u2019acc\u00e8s, m\u00eame pour des n\u00e9o-sportifs\u00a0! Les salles Altissimo sont accessibles \u00e0\u00a0<b>tous<\/b>. Nos salles proposent des voies de tous niveaux, allant du d\u00e9butant \u00e0 l\u2019expert. D\u00e8s votre premi\u00e8re venue, vous pourrez vous essayer \u00e0 l\u2019escalade de bloc ou \u00e0 l\u2019escalade encord\u00e9e.<\/p>\n<p>L\u2019acc\u00e8s aux mineurs s'effectue dans les conditions suivantes :\u00a0<b>entre 16 et 18 ans<\/b>, sur pr\u00e9sentation d'une d\u00e9charge parentale sign\u00e9e\u00a0<b>sur place<\/b>.\u00a0<b>Votre enfant a moins de 16 ans<\/b>,\u00a0<b>la pr\u00e9sence d'un adulte responsable est obligatoire.<\/b><\/p>\n<p>D\u00e9couvrez la salle <a href=\"https:\/\/nantes.altissimo.fr\/index.html\" target=\"_blank\" rel=\"noopener\">ICI<\/a><\/p>\n<p>Nous vous proposons des remises sur les Packs Premium (coaching personnalis\u00e9, 4 invitations escalade et -10 % de remise Altishop), S\u00e9r\u00e9nit\u00e9 (2 invitations escalade et -10 % de remise Altishop) et Libert\u00e9 (forfait par mois sans engagement).<\/p>\n","protected":false},"excerpt":{"rendered":"<p>Altissimo Nantes<\/p>\n<p>Ecole d&#8217;escalade ouverte \u00e0 tous<\/p>\n<p>&nbsp;<\/p>\n","protected":false},"featured_media":16271,"template":"","meta":[],"product_cat":[81,71],"product_tag":[],"_links":{"self":[{"href":"https:\/\/www.audace44.fr\/commande\/wp-json\/wp\/v2\/product\/16262"}],"collection":[{"href":"https:\/\/www.audace44.fr\/commande\/wp-json\/wp\/v2\/product"}],"about":[{"href":"https:\/\/www.audace44.fr\/commande\/wp-json\/wp\/v2\/types\/product"}],"wp:featuredmedia":[{"embeddable":true,"href":"https:\/\/www.audace44.fr\/commande\/wp-json\/wp\/v2\/media\/16271"}],"wp:attachment":[{"href":"https:\/\/www.audace44.fr\/commande\/wp-json\/wp\/v2\/media?parent=16262"}],"wp:term":[{"taxonomy":"product_cat","embeddable":true,"href":"https:\/\/www.audace44.fr\/commande\/wp-json\/wp\/v2\/product_cat?post=16262"},{"taxonomy":"product_tag","embeddable":true,"href":"https:\/\/www.audace44.fr\/commande\/wp-json\/wp\/v2\/product_tag?post=16262"}],"curies":[{"name":"wp","href":"https:\/\/api.w.org\/{rel}","templated":true}]}}