{"id":16337,"date":"2025-03-28T11:02:09","date_gmt":"2025-03-28T10:02:09","guid":{"rendered":"https:\/\/www.audace44.fr\/commande\/?post_type=product&#038;p=16337"},"modified":"2026-03-24T09:22:31","modified_gmt":"2026-03-24T08:22:31","slug":"chenonceau-chateau","status":"publish","type":"product","link":"https:\/\/www.audace44.fr\/commande\/produit\/chenonceau-chateau\/","title":{"rendered":"Chenonceau ch\u00e2teau"},"content":{"rendered":"<p>Valable pour 1 Visite Libre du Ch\u00e2teau de Chenonceau (adultes, enfants de 7-18 ans et \u00e9tudiants sans limite d\u2019\u00e2ge, s\u00e9niors \u00e0 partir de 60 ans et demandeurs d\u2019emploi) jusqu'au 31\/12\/2026<\/p>\n<p>Gratuit pour les - de 7 ans.<\/p>\n<p><strong>Une fois re\u00e7u, vous pouvez soit pr\u00e9senter votre e-billet pr\u00e9alablement enregistr\u00e9 sur votre smartphone soit imprimer votre e-billet pour acc\u00e9der au ch\u00e2teau.<\/strong><\/p>\n<p>Nous contacter avant l'achat, ebillets envoy\u00e9s sous 48h les jours d'ouverture d'Audace.<\/p>\n","protected":false},"excerpt":{"rendered":"<p>Visite Libre du Ch\u00e2teau de Chenonceau<\/p>\n","protected":false},"featured_media":16339,"template":"","meta":[],"product_cat":[84,92],"product_tag":[74],"_links":{"self":[{"href":"https:\/\/www.audace44.fr\/commande\/wp-json\/wp\/v2\/product\/16337"}],"collection":[{"href":"https:\/\/www.audace44.fr\/commande\/wp-json\/wp\/v2\/product"}],"about":[{"href":"https:\/\/www.audace44.fr\/commande\/wp-json\/wp\/v2\/types\/product"}],"wp:featuredmedia":[{"embeddable":true,"href":"https:\/\/www.audace44.fr\/commande\/wp-json\/wp\/v2\/media\/16339"}],"wp:attachment":[{"href":"https:\/\/www.audace44.fr\/commande\/wp-json\/wp\/v2\/media?parent=16337"}],"wp:term":[{"taxonomy":"product_cat","embeddable":true,"href":"https:\/\/www.audace44.fr\/commande\/wp-json\/wp\/v2\/product_cat?post=16337"},{"taxonomy":"product_tag","embeddable":true,"href":"https:\/\/www.audace44.fr\/commande\/wp-json\/wp\/v2\/product_tag?post=16337"}],"curies":[{"name":"wp","href":"https:\/\/api.w.org\/{rel}","templated":true}]}}