{"id":16344,"date":"2025-03-28T12:28:56","date_gmt":"2025-03-28T11:28:56","guid":{"rendered":"https:\/\/www.audace44.fr\/commande\/?post_type=product&#038;p=16344"},"modified":"2026-01-29T14:47:42","modified_gmt":"2026-01-29T13:47:42","slug":"cartes-cadeaux-super-u","status":"publish","type":"product","link":"https:\/\/www.audace44.fr\/commande\/produit\/cartes-cadeaux-super-u\/","title":{"rendered":"Cartes cadeaux Super U"},"content":{"rendered":"<p><strong>Chez U, d\u00e9fendre des valeurs fortes et des prix bas, c\u2019est \u00e7a qui fait de nous des commer\u00e7ants autrement<\/strong><\/p>\n<p>Valeur de 100 \u20ac au prix de 95 \u20ac<\/p>\n<p>Montant maximum d\u2019achat par personne\/mois: 300 \u20ac toutes cartes cadeaux confondues.<\/p>\n<p>En cas d\u2019achat exceptionnel d\u2019un montant sup\u00e9rieur \u00e0 300 \u20ac, nous contacter.<\/p>\n<p><strong>Les commandes ne sont pas accessibles directement sur le site, n\u2019h\u00e9sitez pas \u00e0 nous envoyer un mail pour commander.<\/strong><\/p>\n<p><strong><em><u>Conseils d'utilisations :<\/u><\/em><\/strong><\/p>\n<ul>\n<li><em>Utilisable en une ou plusieurs fois dans les magasins U participants<\/em><\/li>\n<li><em>Pour payer en caisse, pr\u00e9sentez ce document via smartphone ou en version imprim\u00e9e<\/em><\/li>\n<li><em>Pour consulter le solde de votre e-Carte, rendez-vous \u00e0 l'accueil de votre magasin.<\/em><\/li>\n<\/ul>\n<p><strong><em><u>Conditions d'utilisations :<\/u><\/em><\/strong><\/p>\n<p><em>Carte cadeau d\u00e9mat\u00e9rialis\u00e9e utilisable dans les magasins Hyper U, Super U et U Express (voir liste des magasins participants sur\u00a0<\/em><a href=\"https:\/\/www.magasins-u.com\/\" target=\"_blank\" rel=\"noopener noreferrer\"><em>magasins-u.com<\/em><\/a><em>) situ\u00e9s en France m\u00e9tropolitaine, ci-apr\u00e8s\u00able(s) Magasin(s) U\u00bb, en une ou plusieurs fois dans la limite de sa valeur \u2013 valable jusqu\u2019\u00e0 la date affich\u00e9e au recto de la carte. Ne peut \u00eatre utilis\u00e9e sur les sites internet des Magasins U, ni revendue, ni rembours\u00e9e m\u00eame partiellement (m\u00eame en cas de fin de validit\u00e9, perte ou vol), ni port\u00e9e au cr\u00e9dit d\u2019une carte ou d\u2019un compte bancaire, et ne peut donner lieu \u00e0 aucun rendu de monnaie \u2013 pour v\u00e9rifier le solde de cette carte et\/ou sa date de validit\u00e9, rendez-vous \u00e0 l\u2019accueil de votre Magasin U. Utilisable sur tout produit et service des Magasins U hors station service U et service apr\u00e8s-vente.<\/em><\/p>\n<p><em>Coop\u00e9rative U Enseigne - RCS Cr\u00e9teil 304 602 956 Parc Tertiaire ICADE - 20 rue d'Arcueil - CS 10043 - 94533 Rungis Cedex<\/em><\/p>\n","protected":false},"excerpt":{"rendered":"<p>Carte d&#8217;achat magasins Super U<\/p>\n<p>95 \u20ac pour une valeur de 100 \u20ac<\/p>\n","protected":false},"featured_media":16345,"template":"","meta":[],"product_cat":[97,83],"product_tag":[110,74],"_links":{"self":[{"href":"https:\/\/www.audace44.fr\/commande\/wp-json\/wp\/v2\/product\/16344"}],"collection":[{"href":"https:\/\/www.audace44.fr\/commande\/wp-json\/wp\/v2\/product"}],"about":[{"href":"https:\/\/www.audace44.fr\/commande\/wp-json\/wp\/v2\/types\/product"}],"wp:featuredmedia":[{"embeddable":true,"href":"https:\/\/www.audace44.fr\/commande\/wp-json\/wp\/v2\/media\/16345"}],"wp:attachment":[{"href":"https:\/\/www.audace44.fr\/commande\/wp-json\/wp\/v2\/media?parent=16344"}],"wp:term":[{"taxonomy":"product_cat","embeddable":true,"href":"https:\/\/www.audace44.fr\/commande\/wp-json\/wp\/v2\/product_cat?post=16344"},{"taxonomy":"product_tag","embeddable":true,"href":"https:\/\/www.audace44.fr\/commande\/wp-json\/wp\/v2\/product_tag?post=16344"}],"curies":[{"name":"wp","href":"https:\/\/api.w.org\/{rel}","templated":true}]}}