{"id":16375,"date":"2025-04-03T16:13:52","date_gmt":"2025-04-03T14:13:52","guid":{"rendered":"https:\/\/www.audace44.fr\/commande\/?post_type=product&#038;p=16375"},"modified":"2025-04-03T16:18:38","modified_gmt":"2025-04-03T14:18:38","slug":"challenge-arena","status":"publish","type":"product","link":"https:\/\/www.audace44.fr\/commande\/produit\/challenge-arena\/","title":{"rendered":"Challenge Arena"},"content":{"rendered":"<div class=\"elementor-element elementor-element-9689134 elementor-widget elementor-widget-heading animated fadeInLeft\" data-id=\"9689134\" data-element_type=\"widget\" data-settings=\"{&quot;_animation&quot;:&quot;fadeInLeft&quot;,&quot;_animation_delay&quot;:300}\" data-widget_type=\"heading.default\">\n<div class=\"elementor-widget-container\">\n<h2 class=\"elementor-heading-title elementor-size-default\">Salles de loisirs immersifs \u00e0 Nantes<\/h2>\n<\/div>\n<\/div>\n<div class=\"elementor-element elementor-element-d0a2496 elementor-widget elementor-widget-text-editor animated fadeInLeft\" data-id=\"d0a2496\" data-element_type=\"widget\" data-settings=\"{&quot;_animation&quot;:&quot;fadeInLeft&quot;,&quot;_animation_delay&quot;:600}\" data-widget_type=\"text-editor.default\">\n<div class=\"elementor-widget-container\">\n<p>Venez vivre un moment inoubliable en famille, entre amis ou entre coll\u00e8gues dans nos salles de jeux immersives de Nantes.<\/p>\n<p>Chez Challenge Arena, nous avons r\u00e9invent\u00e9 le concept de salle de jeux en proposant des activit\u00e9s ludiques uniques et immersives. Que vous aimiez les jeux coop\u00e9ratifs ou comp\u00e9titifs, les trois exp\u00e9riences qu\u2019on vous propose vous feront passer un moment original et inoubliable.<\/p>\n<div class=\"elementor-element elementor-element-6dd396e elementor-widget elementor-widget-heading\" data-id=\"6dd396e\" data-element_type=\"widget\" data-widget_type=\"heading.default\">\n<div class=\"elementor-widget-container\">\n<p class=\"elementor-heading-title elementor-size-default\"><strong>Quiz Boxing:<\/strong> <span style=\"font-size: 16px;\">Entrez dans l\u2019ar\u00e8ne pour vous affronter lors de quiz et vivre une exp\u00e9rience \u00ab comme \u00e0 la t\u00e9l\u00e9 \u00bb.<\/span><\/p>\n<div class=\"elementor-widget-container\">\n<p class=\"elementor-heading-title elementor-size-default\"><strong>Into the Abyss:<\/strong> <span style=\"font-size: 16px;\">Explorez les profondeurs de l\u2019oc\u00e9an \u00e0 bord de notre sous-marin, le Red Squid.<\/span><\/p>\n<\/div>\n<div class=\"elementor-element elementor-element-144ba00 elementor-widget elementor-widget-text-editor\" data-id=\"144ba00\" data-element_type=\"widget\" data-widget_type=\"text-editor.default\">\n<div class=\"elementor-widget-container\">\n<div class=\"elementor-element elementor-element-83d0413 elementor-widget elementor-widget-heading\" data-id=\"83d0413\" data-element_type=\"widget\" data-widget_type=\"heading.default\">\n<div class=\"elementor-widget-container\">\n<p class=\"elementor-heading-title elementor-size-default\"><strong>VITALITY:<\/strong> <span style=\"font-size: 16px;\">Formez votre \u00e9quipe et pr\u00e9parez vous ! Il faudra affronter les \u00e9preuves de Vitality pour esp\u00e9rer triompher et marquer plus de points que les autres \u00e9quipes !<\/span><\/p>\n<p>Un seul code pour obtenir 10 %: AUDACE442025<\/p>\n<p>Site du prestataire: <a href=\"https:\/\/challengearena.fr\/\" target=\"_blank\" rel=\"noopener\">ICI<\/a><\/p>\n<\/div>\n<\/div>\n<\/div>\n<\/div>\n<\/div>\n<\/div>\n<\/div>\n<\/div>\n","protected":false},"excerpt":{"rendered":"<p class=\"elementor-heading-title elementor-size-default\">Salles de loisirs immersifs \u00e0 Nantes<\/p>\n","protected":false},"featured_media":16376,"template":"","meta":[],"product_cat":[81,71],"product_tag":[98],"_links":{"self":[{"href":"https:\/\/www.audace44.fr\/commande\/wp-json\/wp\/v2\/product\/16375"}],"collection":[{"href":"https:\/\/www.audace44.fr\/commande\/wp-json\/wp\/v2\/product"}],"about":[{"href":"https:\/\/www.audace44.fr\/commande\/wp-json\/wp\/v2\/types\/product"}],"wp:featuredmedia":[{"embeddable":true,"href":"https:\/\/www.audace44.fr\/commande\/wp-json\/wp\/v2\/media\/16376"}],"wp:attachment":[{"href":"https:\/\/www.audace44.fr\/commande\/wp-json\/wp\/v2\/media?parent=16375"}],"wp:term":[{"taxonomy":"product_cat","embeddable":true,"href":"https:\/\/www.audace44.fr\/commande\/wp-json\/wp\/v2\/product_cat?post=16375"},{"taxonomy":"product_tag","embeddable":true,"href":"https:\/\/www.audace44.fr\/commande\/wp-json\/wp\/v2\/product_tag?post=16375"}],"curies":[{"name":"wp","href":"https:\/\/api.w.org\/{rel}","templated":true}]}}