{"id":16465,"date":"2026-03-30T15:05:08","date_gmt":"2026-03-30T13:05:08","guid":{"rendered":"https:\/\/www.audace44.fr\/commande\/?post_type=product&#038;p=16465"},"modified":"2026-03-30T16:23:15","modified_gmt":"2026-03-30T14:23:15","slug":"relais-thalasso-pornichet-vente-flash","status":"publish","type":"product","link":"https:\/\/www.audace44.fr\/commande\/produit\/relais-thalasso-pornichet-vente-flash\/","title":{"rendered":"Relais Thalasso Pornichet Vente Flash"},"content":{"rendered":"<p><strong><span style=\"font-style: inherit;\">VENTE FLASH JUSQU'AU 29 MAI<\/span><\/strong><\/p>\n<p>Ch\u00e2teau des Tourelles- Pornichet- Baie de La Baule<\/p>\n<p style=\"font-style: inherit; font-weight: inherit;\"><span style=\"font-weight: inherit; font-style: inherit;\">La f\u00eate des m\u00e8res approche \u00e0 grands pas ! D\u00e9couvrez notre s\u00e9lection de bons cadeaux : <\/span><span style=\"font-weight: inherit; font-style: inherit;\">soin du visage, journ\u00e9e thalasso<\/span><span style=\"font-weight: inherit; font-style: inherit;\">... <\/span><\/p>\n<p><span style=\"font-weight: inherit; font-style: inherit;\">La demi-journ\u00e9e bien-\u00eatre est \u00e0 partir de 59 \u20ac. validit\u00e9 des bons 31\/12\/2026.\u00a0<\/span><a href=\"https:\/\/eye.news-relaisthalasso.com\/c?p=wAbNB-HDxBBaFkhw0NkwT2HQkdDPY9C2PGjQxdCexBAX0JDQiAbQ1mZD0KLQiiZT7NC-7dCE0LDZnWh0dHBzOi8vYWRtaW4ucmVsYWlzdGhhbGFzc28uY29tL2FwaS9tZWRpYS8yMjk2L21kL2FmZmljaGUtZmRtLWJlbm9kZXQtMjAyNS5wZGY_dXRtX3NvdXJjZT1TYXJiYWNhbmUmdXRtX21lZGl1bT1lbWFpbCZ1dG1fY2FtcGFpZ249Q1NFIFJJVklFUkEgQlJFVE9OTkUgMjIgIzG4NWE1ZTFhMDliODViNTMzNDIyYWNkM2E0uDYwZjA2NGMzOTY5YjBmNDMzZWI1NjIzN8C2NEhVWEVDUGdTZEN3WFRMSnA3ZnJzd7tleWUubmV3cy1yZWxhaXN0aGFsYXNzby5jb23EFCf2WmHs0Ljo0Ip4C01M0IHQqDfQjEgq0Lxd\"><br \/>\n<\/a><\/p>\n<ul>\n<li>DEMI-JOURN\u00c9E THALASSO LIGNE PURE- UNIQUEMENT EN SOLO : 99\u20ac<br \/>\n1 gommage corps personnalis\u00e9 selon le type de peau -- 1 massage de 20 minutes relaxant ou sous pluie marine --\u00a0acc\u00e8s au spa marin sur la demi-journ\u00e9e de soin<\/li>\n<li>MASSAGE SIGNATURE | 50 MINUTES - \u00abSUR-MESURE\u00bb DES TOURELLES<br \/>\nEN SOLO : 132\u20ac par personne au lieu de 147\u20ac\u00a0 \u00a0 -\u00a0 \u00a0EN DUO : 243\u20ac pour 2 personnes au lieu de 270\u20ac<br \/>\nQue vous recherchiez la d\u00e9tente absolue, le soulagement de douleurs localis\u00e9es ou une revitalisation compl\u00e8te, ce massage s\u2019adapte enti\u00e8rement \u00e0 vos envies. Acc\u00e8s au spa marin sur la demi-journ\u00e9e de soin<\/li>\n<li>UNE NUIT AU CH\u00c2TEAU 2 JOURS | 1 NUIT (hors samedi): 269\u20ac pour deux personnes au lieu de 299\u20ac<br \/>\n1 nuit en chambre double confort premium vue lat\u00e9rale mer et sur le ch\u00e2teau -- 1 buffet petit d\u00e9jeuner par personne -- acc\u00e8s au spa marin<\/li>\n<li>PAUSE OC\u00c9ANE GOURMANDE<br \/>\nEN SOLO : 59\u20ac par personne\u00a0 \u00a0 \u00a0 EN DUO : 119\u20ac pour 2 personnes<br \/>\nAcc\u00e8s au spa marin sur la demi-journ\u00e9e --\u00a0Go\u00fbter au bar du Ch\u00e2teau (1 boisson chaude et 3 douceurs sucr\u00e9es par personne)<\/li>\n<\/ul>\n<p>LE PLUS: Pour tout achat d\u2019un bon cadeau f\u00eate des m\u00e8res une coupe de Champagne par personne offerte au bar du Ch\u00e2teau face \u00e0 l\u2019oc\u00e9an<\/p>\n","protected":false},"excerpt":{"rendered":"<p>Relais Thalasso Pornichet<\/p>\n<p>Vente Flash !<\/p>\n","protected":false},"featured_media":18633,"template":"","meta":[],"product_cat":[81,95],"product_tag":[74],"_links":{"self":[{"href":"https:\/\/www.audace44.fr\/commande\/wp-json\/wp\/v2\/product\/16465"}],"collection":[{"href":"https:\/\/www.audace44.fr\/commande\/wp-json\/wp\/v2\/product"}],"about":[{"href":"https:\/\/www.audace44.fr\/commande\/wp-json\/wp\/v2\/types\/product"}],"wp:featuredmedia":[{"embeddable":true,"href":"https:\/\/www.audace44.fr\/commande\/wp-json\/wp\/v2\/media\/18633"}],"wp:attachment":[{"href":"https:\/\/www.audace44.fr\/commande\/wp-json\/wp\/v2\/media?parent=16465"}],"wp:term":[{"taxonomy":"product_cat","embeddable":true,"href":"https:\/\/www.audace44.fr\/commande\/wp-json\/wp\/v2\/product_cat?post=16465"},{"taxonomy":"product_tag","embeddable":true,"href":"https:\/\/www.audace44.fr\/commande\/wp-json\/wp\/v2\/product_tag?post=16465"}],"curies":[{"name":"wp","href":"https:\/\/api.w.org\/{rel}","templated":true}]}}