{"id":16640,"date":"2025-05-19T13:53:12","date_gmt":"2025-05-19T11:53:12","guid":{"rendered":"https:\/\/www.audace44.fr\/commande\/?post_type=product&#038;p=16640"},"modified":"2025-06-10T15:48:38","modified_gmt":"2025-06-10T13:48:38","slug":"palomano-nantes-sud","status":"publish","type":"product","link":"https:\/\/www.audace44.fr\/commande\/produit\/palomano-nantes-sud\/","title":{"rendered":"Palomano Nantes Sud"},"content":{"rendered":"<div class=\"fusion-title title fusion-title-2 fusion-sep-none fusion-title-text fusion-title-size-two\">\n<h2 class=\"fusion-title-heading title-heading-left fusion-responsive-typography-calculated\">Chez Palomano, on partage des moments privil\u00e9gi\u00e9s ensemble.<\/h2>\n<\/div>\n<div class=\"fusion-text fusion-text-2\">\n<p><strong>Les parcs Palomano<\/strong>\u00a0sont des espaces ludiques et \u00e9ducatifs pens\u00e9s pour encourager l\u2019imagination des enfants, avec des univers r\u00e9alistes adapt\u00e9s \u00e0 leur taille et \u00e0 leurs envies d\u2019explorer. Ici, tout est con\u00e7u pour que les enfants apprennent par le jeu, en manipulant des objets et en interagissant avec d\u2019autres enfants. Ils sont libres de d\u00e9couvrir chaque univers, de cr\u00e9er leurs propres histoires et d\u2019exprimer pleinement leur cr\u00e9ativit\u00e9.<\/p>\n<p>Durant deux heures, les enfants avec leurs parents ou leur accompagnateur, vivent une exp\u00e9rience immersive en circulant librement entre les diff\u00e9rents univers. Ils peuvent tout manipuler, se d\u00e9guiser, imiter, jouer et surtout d\u00e9couvrir tout ce qui les entoure. Le parc est un espace ferm\u00e9 et s\u00e9curis\u00e9 o\u00f9 il est mis en pratique les 7 grands principes du Jeu Libre : autonomie, estime de soi, confiance en soi, sociabilisation, plaisir, curiosite\u0301, langage, concentration.<\/p>\n<p>Entr\u00e9e de 2h (maximum), valable tous les jours.<\/p>\n<p>Le billet adulte est obligatoire pour l'accompagnateur.<\/p>\n<p>Tarif enfant jusqu'\u00e0 10 ans. Gratuit - de 1 an.<\/p>\n<p>Le prix propos\u00e9 par Audace correspond aux entr\u00e9es classiques et ne sont pas limit\u00e9es \u00e0 des horaires ou jours particuliers de visite.<\/p>\n<p>D\u00e9couvrez le site <a href=\"https:\/\/www.palomano.com\/\" target=\"_blank\" rel=\"noopener\">ICI<\/a><\/p>\n<\/div>\n","protected":false},"excerpt":{"rendered":"<p>Palomano &#8211; Nantes Sud<\/p>\n","protected":false},"featured_media":16643,"template":"","meta":[],"product_cat":[81,71,82,88],"product_tag":[],"_links":{"self":[{"href":"https:\/\/www.audace44.fr\/commande\/wp-json\/wp\/v2\/product\/16640"}],"collection":[{"href":"https:\/\/www.audace44.fr\/commande\/wp-json\/wp\/v2\/product"}],"about":[{"href":"https:\/\/www.audace44.fr\/commande\/wp-json\/wp\/v2\/types\/product"}],"wp:featuredmedia":[{"embeddable":true,"href":"https:\/\/www.audace44.fr\/commande\/wp-json\/wp\/v2\/media\/16643"}],"wp:attachment":[{"href":"https:\/\/www.audace44.fr\/commande\/wp-json\/wp\/v2\/media?parent=16640"}],"wp:term":[{"taxonomy":"product_cat","embeddable":true,"href":"https:\/\/www.audace44.fr\/commande\/wp-json\/wp\/v2\/product_cat?post=16640"},{"taxonomy":"product_tag","embeddable":true,"href":"https:\/\/www.audace44.fr\/commande\/wp-json\/wp\/v2\/product_tag?post=16640"}],"curies":[{"name":"wp","href":"https:\/\/api.w.org\/{rel}","templated":true}]}}