{"id":16662,"date":"2025-05-23T13:48:31","date_gmt":"2025-05-23T11:48:31","guid":{"rendered":"https:\/\/www.audace44.fr\/commande\/?post_type=product&#038;p=16662"},"modified":"2025-05-23T13:48:32","modified_gmt":"2025-05-23T11:48:32","slug":"parc-des-oiseaux-ain","status":"publish","type":"product","link":"https:\/\/www.audace44.fr\/commande\/produit\/parc-des-oiseaux-ain\/","title":{"rendered":"Parc des oiseaux (Ain)"},"content":{"rendered":"<p>Le Parc des Oiseaux est l\u2019un des 20 sites embl\u00e9matiques de la R\u00e9gion Auvergne Rh\u00f4ne-Alpes.<\/p>\n<p class=\"visible full-visible\">Oiseaux du monde, oiseaux sauvages\u2026<strong>un concept unique \u00e0 d\u00e9couvrir \u00e0 seulement 30 minutes de Lyon<\/strong>\u00a0!<\/p>\n<p class=\"visible full-visible\">Embarquez pour un tour du monde \u00e0 la d\u00e9couverte\u00a0<strong>des plus beaux oiseaux et paysages des 5 continents.<\/strong><\/p>\n<p class=\"visible\">Laissez-vous emporter par\u00a0<strong>le spectacle des oiseaux en vol<\/strong>, un v\u00e9ritable feu d\u2019artifice de couleurs et de gr\u00e2ce\u2026 ! Prenez de la hauteur au sommet de la\u00a0<strong>Tour panoramique de plus de 27m de haut\u2026<\/strong>Partez\u00a0<strong>\u00e0 la rencontre des Loris arc en ciel<\/strong>, une centaine de petits perroquets enjou\u00e9s, farceurs et gourmands\u2026<\/p>\n<p class=\"visible full-visible\">Une journ\u00e9e inoubliable\u00a0<strong>pour toute la famille<\/strong>\u00a0!<\/p>\n","protected":false},"excerpt":{"rendered":"<p>Oiseaux du monde, oiseaux sauvages\u2026<\/p>\n<p><strong>un concept unique \u00e0 d\u00e9couvrir \u00e0 seulement 30 minutes de Lyon<\/strong>\u00a0!<\/p>\n","protected":false},"featured_media":16666,"template":"","meta":[],"product_cat":[92,85,77,91],"product_tag":[],"_links":{"self":[{"href":"https:\/\/www.audace44.fr\/commande\/wp-json\/wp\/v2\/product\/16662"}],"collection":[{"href":"https:\/\/www.audace44.fr\/commande\/wp-json\/wp\/v2\/product"}],"about":[{"href":"https:\/\/www.audace44.fr\/commande\/wp-json\/wp\/v2\/types\/product"}],"wp:featuredmedia":[{"embeddable":true,"href":"https:\/\/www.audace44.fr\/commande\/wp-json\/wp\/v2\/media\/16666"}],"wp:attachment":[{"href":"https:\/\/www.audace44.fr\/commande\/wp-json\/wp\/v2\/media?parent=16662"}],"wp:term":[{"taxonomy":"product_cat","embeddable":true,"href":"https:\/\/www.audace44.fr\/commande\/wp-json\/wp\/v2\/product_cat?post=16662"},{"taxonomy":"product_tag","embeddable":true,"href":"https:\/\/www.audace44.fr\/commande\/wp-json\/wp\/v2\/product_tag?post=16662"}],"curies":[{"name":"wp","href":"https:\/\/api.w.org\/{rel}","templated":true}]}}