{"id":16704,"date":"2025-06-02T14:43:11","date_gmt":"2025-06-02T12:43:11","guid":{"rendered":"https:\/\/www.audace44.fr\/commande\/?post_type=product&#038;p=16704"},"modified":"2025-06-02T14:44:15","modified_gmt":"2025-06-02T12:44:15","slug":"bomb-squad-nantes","status":"publish","type":"product","link":"https:\/\/www.audace44.fr\/commande\/produit\/bomb-squad-nantes\/","title":{"rendered":"Bomb Squad Nantes"},"content":{"rendered":"<p>Relevez le d\u00e9fi et tentez de d\u00e9samorcer la bombe pour rejoindre le Bomb Squad et sauver le monde.<\/p>\n<p>1h d\u2019aventure nouvelle g\u00e9n\u00e9ration dans un espace de plus de 70 m2.<\/p>\n<p>Testez vos comp\u00e9tences physiques, mentales, de coop\u00e9ration et d\u2019adaptation dans 5 d\u00e9fis compl\u00e9tement diff\u00e9rents.<\/p>\n<p>De 2 \u00e0 6 personnes, d\u00e8s 7 ans.<\/p>\n<p>D\u00e9couvrez toute l'aventure <a href=\"https:\/\/nantes.bombsquad.games\/\" target=\"_blank\" rel=\"noopener\">ICI<\/a><\/p>\n<p><strong>20 %<\/strong> avec le code promo: Audace44 et pr\u00e9sentation de la carte Audace obligatoire sur place ! (\u00e0 t\u00e9l\u00e9charger dans votre espace personnel sur le site)<\/p>\n","protected":false},"excerpt":{"rendered":"<p>20 % de r\u00e9duction<\/p>\n<p>Carte Audace + code promo<\/p>\n","protected":false},"featured_media":16705,"template":"","meta":[],"product_cat":[81,71,88],"product_tag":[],"_links":{"self":[{"href":"https:\/\/www.audace44.fr\/commande\/wp-json\/wp\/v2\/product\/16704"}],"collection":[{"href":"https:\/\/www.audace44.fr\/commande\/wp-json\/wp\/v2\/product"}],"about":[{"href":"https:\/\/www.audace44.fr\/commande\/wp-json\/wp\/v2\/types\/product"}],"wp:featuredmedia":[{"embeddable":true,"href":"https:\/\/www.audace44.fr\/commande\/wp-json\/wp\/v2\/media\/16705"}],"wp:attachment":[{"href":"https:\/\/www.audace44.fr\/commande\/wp-json\/wp\/v2\/media?parent=16704"}],"wp:term":[{"taxonomy":"product_cat","embeddable":true,"href":"https:\/\/www.audace44.fr\/commande\/wp-json\/wp\/v2\/product_cat?post=16704"},{"taxonomy":"product_tag","embeddable":true,"href":"https:\/\/www.audace44.fr\/commande\/wp-json\/wp\/v2\/product_tag?post=16704"}],"curies":[{"name":"wp","href":"https:\/\/api.w.org\/{rel}","templated":true}]}}