{"id":16735,"date":"2025-06-10T13:57:24","date_gmt":"2025-06-10T11:57:24","guid":{"rendered":"https:\/\/www.audace44.fr\/commande\/?post_type=product&#038;p=16735"},"modified":"2026-02-23T11:58:08","modified_gmt":"2026-02-23T10:58:08","slug":"belambra","status":"publish","type":"product","link":"https:\/\/www.audace44.fr\/commande\/produit\/belambra\/","title":{"rendered":"Belambra"},"content":{"rendered":"<p><strong>Belambra Clubs \u2013 Early Booking \u00e9t\u00e9 2026<\/strong><\/p>\n<p><strong>Jusqu\u2019\u00e0 -24*% de remise sur vos s\u00e9jours d\u2019\u00e9t\u00e9 !<\/strong> \ud83c\udf1e\u00a0<strong>Date de validit\u00e9 : Jusqu\u2019au 28\/02\/2026\u00a0<\/strong><\/p>\n<p>Toutes les offres <a href=\"https:\/\/www.belambra.fr\/quand-partir\/vacances-ete?typeAction=ConnectionPartner&amp;code=AUDACE&amp;pwd=CSE8511S\" target=\"_blank\" rel=\"noopener\">ICI.<\/a><\/p>\n<p><strong>CGV\u00a0: <\/strong>Jusqu\u2019\u00e0 -24*% de r\u00e9duction incluant votre avantage partenaire. Offre valable jusqu\u2019au 16\/02\/2026, sur les s\u00e9jours d\u2019\u00e9t\u00e9 sur une s\u00e9lection de sites, p\u00e9riodes et stocks de logements. Offre non r\u00e9troactive et non cumulable avec tout autre accord commercial, r\u00e9duction sp\u00e9cifique ou offre promotionnelle. Offre applicable uniquement sur l\u2019h\u00e9bergement et la restauration, \u00e0 l\u2019exclusion de tout autre prestation ou suppl\u00e9ment. Offre non applicable sur les prestations compl\u00e9mentaires (clubs poussins, \u2026) et s\u00e9jour b\u00e9b\u00e9. Belambra Clubs au capital de 10.000.000\u20ac. RCS Nanterre : 322 706 136. Si\u00e8ge social : Highline \u2013 8 rue Fran\u00e7ois Ory\u00a0\u2022\u00a092\u00a0120 MONTROUGE. Cr\u00e9dit photo : Interaview.<\/p>\n<p>**********************************************<\/p>\n<p>Profitez de 5 % de remise sur les <span class=\"text-grey\">44 clubs et h\u00f4tels de vacances nich\u00e9s dans les plus beaux endroits de France, au c\u0153ur des plus belles destinations\u00a0!<\/span><\/p>\n<p><strong>Remise de 5% cumulable avec les promotions du moment, soit jusqu\u2019\u00e0 -24% de remise sur le s\u00e9jour.<\/strong><\/p>\n<p><span class=\"text-grey\">Que vous partiez \u00e0 deux, entre amis ou en famille, que vous recherchiez une destination pieds dans l\u2019eau, au c\u0153ur de la nature ou au pied des pistes, chez Belambra vous avez le choix.<\/span><\/p>\n<p><span class=\"text-grey\">Nos \u00e9quipes attentionn\u00e9es s'occupent de tout pour que vous ne vous occupiez que de vous\u00a0! Prise en charge de vos enfants par nos animateurs qualifi\u00e9s, veill\u00e9e enfant pour un moment \u00e0 soi, activit\u00e9s sportives pour tous et \u00e0 tous \u00e2ges avec nos coachs certifi\u00e9s, animation et spectacles pour les petits comme les plus grands, offre de restauration pour ne rien avoir \u00e0 faire. N'attendez plus et r\u00e9servez votre s\u00e9jour avec le n\u00b01 des clubs vacances en France.<\/span><\/p>\n<p><span class=\"text-grey\">Le temps d\u2019un week-end ou pour des vacances, posez vos valises dans l\u2019un de nos clubs vacances, villages vacances, h\u00f4tels ou r\u00e9sidences et profitez pleinement de votre s\u00e9jour tout compris. Et pour ceux en qu\u00eate d\u2019ind\u00e9pendance, vous avez la possibilit\u00e9 de venir chez nous en formule location et de disposer d\u2019un h\u00e9bergement tout \u00e9quip\u00e9.<\/span><\/p>\n<p>Au 01 46 10 13 14 \u00a0(Lun-Ven 8h30-19h30 | Sam- 10h-18h), en communiquant le code partenaire\u00a0: <strong>CSE8511S<\/strong><\/p>\n<p>Par internet, depuis l\u2019espace d\u00e9di\u00e9\u00a0 : <a href=\"http:\/\/www.belambra.fr\/collectivites\">www.belambra.fr\/collectivites<\/a><\/p>\n<p>Code ayant droit\u00a0: <strong>AUDACE et\u00a0<\/strong>Mot de passe\u00a0: <strong>CSE8511S<\/strong><\/p>\n<p class=\"mb-0\">Carte AUDACE demand\u00e9e pour la validation de la r\u00e9servation.<\/p>\n","protected":false},"excerpt":{"rendered":"<p>5 % de r\u00e9duction cumulable avec les offres en cours.<\/p>\n","protected":false},"featured_media":16736,"template":"","meta":[],"product_cat":[117,86,79],"product_tag":[],"_links":{"self":[{"href":"https:\/\/www.audace44.fr\/commande\/wp-json\/wp\/v2\/product\/16735"}],"collection":[{"href":"https:\/\/www.audace44.fr\/commande\/wp-json\/wp\/v2\/product"}],"about":[{"href":"https:\/\/www.audace44.fr\/commande\/wp-json\/wp\/v2\/types\/product"}],"wp:featuredmedia":[{"embeddable":true,"href":"https:\/\/www.audace44.fr\/commande\/wp-json\/wp\/v2\/media\/16736"}],"wp:attachment":[{"href":"https:\/\/www.audace44.fr\/commande\/wp-json\/wp\/v2\/media?parent=16735"}],"wp:term":[{"taxonomy":"product_cat","embeddable":true,"href":"https:\/\/www.audace44.fr\/commande\/wp-json\/wp\/v2\/product_cat?post=16735"},{"taxonomy":"product_tag","embeddable":true,"href":"https:\/\/www.audace44.fr\/commande\/wp-json\/wp\/v2\/product_tag?post=16735"}],"curies":[{"name":"wp","href":"https:\/\/api.w.org\/{rel}","templated":true}]}}