{"id":16748,"date":"2025-06-13T15:34:07","date_gmt":"2025-06-13T13:34:07","guid":{"rendered":"https:\/\/www.audace44.fr\/commande\/?post_type=product&#038;p=16748"},"modified":"2026-04-20T12:59:34","modified_gmt":"2026-04-20T10:59:34","slug":"aquascope","status":"publish","type":"product","link":"https:\/\/www.audace44.fr\/commande\/produit\/aquascope\/","title":{"rendered":"Aquascope"},"content":{"rendered":"<p><strong>NOUVEAU: ebillets Aquascope ! Le parc aquatique du Futuroscope.<\/strong><\/p>\n<p><strong>Le parc sera ferm\u00e9 au grand public* les weekends des 6 &amp; 7 et 13 &amp; 14 septembre 2025.<\/strong><\/p>\n<p><strong>Attention il faut nous fournir une date de visite et un horaire d'arriv\u00e9e, les billets sont horodat\u00e9s.<\/strong><\/p>\n<p>Tarif enfant (5-12 ans) et tarif adulte - Haute et basse saison.<\/p>\n<p>La haute saison concerne toutes les vacances scolaires et les week-ends. Nous consulter si vous avez un doute sur la p\u00e9riode de votre visite.<\/p>\n<p><strong>Les billets sont envoy\u00e9s par mail les jours d'ouverture d'Audace uniquement.<\/strong><\/p>\n<p><strong>L'Aquascope<\/strong>, le nouveau parc aquatique indoor de 6000 m2 pour une parenth\u00e8se immersive r\u00e9volutionnaire :<br \/>\n- l'espace Sensations et ses 8 toboggans vertigineux,<br \/>\n- l'espace Immersion m\u00ealant images, eau et effets sp\u00e9ciaux<br \/>\n- l'espace Enfants pour s'amuser avec les plus petits autour de la pieuvre Kraki.<br \/>\nAmateurs de sensations fortes ou de d\u00e9tente, enfilez vos maillots de bain et venez partager d'incroyables moments.<br \/>\nR\u00e8glement int\u00e9rieur \u00e0 consulter sur <u><a href=\"https:\/\/www.futuroscope.com\/fr\/reglement-interieur\" target=\"_blank\" rel=\"noopener\">www.futuroscope.com\/fr\/reglement-interieur<\/a><\/u><br \/>\nInformation importante : Gratuit pour les Bambins de 0 \u00e0 4 ans inclus. R\u00e9servation obligatoire. Pour obtenir les billets bambins gratuits, contactez notre service r\u00e9servations au 05 49 49 30 80 ou \u00e0 reservations@futuroscope.fr et indiquer votre r\u00e9f\u00e9rence de dossier.<\/p>\n","protected":false},"excerpt":{"rendered":"<p>Aquascope<\/p>\n<p>&nbsp;<\/p>\n","protected":false},"featured_media":16754,"template":"","meta":[],"product_cat":[81,94,82,68,89],"product_tag":[74],"_links":{"self":[{"href":"https:\/\/www.audace44.fr\/commande\/wp-json\/wp\/v2\/product\/16748"}],"collection":[{"href":"https:\/\/www.audace44.fr\/commande\/wp-json\/wp\/v2\/product"}],"about":[{"href":"https:\/\/www.audace44.fr\/commande\/wp-json\/wp\/v2\/types\/product"}],"wp:featuredmedia":[{"embeddable":true,"href":"https:\/\/www.audace44.fr\/commande\/wp-json\/wp\/v2\/media\/16754"}],"wp:attachment":[{"href":"https:\/\/www.audace44.fr\/commande\/wp-json\/wp\/v2\/media?parent=16748"}],"wp:term":[{"taxonomy":"product_cat","embeddable":true,"href":"https:\/\/www.audace44.fr\/commande\/wp-json\/wp\/v2\/product_cat?post=16748"},{"taxonomy":"product_tag","embeddable":true,"href":"https:\/\/www.audace44.fr\/commande\/wp-json\/wp\/v2\/product_tag?post=16748"}],"curies":[{"name":"wp","href":"https:\/\/api.w.org\/{rel}","templated":true}]}}